{"id":19586,"date":"2025-10-01T15:00:53","date_gmt":"2025-10-01T21:00:53","guid":{"rendered":"https:\/\/chilpancingo.gob.mx\/portal\/?page_id=19586"},"modified":"2025-10-03T12:01:07","modified_gmt":"2025-10-03T18:01:07","slug":"convenios","status":"publish","type":"page","link":"https:\/\/chilpancingo.gob.mx\/portal\/gacetampal\/convenios\/","title":{"rendered":"Convenios"},"content":{"rendered":"\t\t<div data-elementor-type=\"wp-page\" data-elementor-id=\"19586\" class=\"elementor elementor-19586\">\n\t\t\t\t\t\t<section class=\"elementor-section elementor-top-section elementor-element elementor-element-d5fd331 elementor-section-boxed elementor-section-height-default elementor-section-height-default\" data-id=\"d5fd331\" data-element_type=\"section\" data-settings=\"{&quot;background_background&quot;:&quot;classic&quot;}\">\n\t\t\t\t\t\t<div class=\"elementor-container elementor-column-gap-default\">\n\t\t\t\t\t<div class=\"elementor-column elementor-col-20 elementor-top-column elementor-element elementor-element-db13d7a\" data-id=\"db13d7a\" data-element_type=\"column\">\n\t\t\t<div class=\"elementor-widget-wrap elementor-element-populated\">\n\t\t\t\t\t\t<div class=\"elementor-element elementor-element-61a8a3c elementor-align-center elementor-widget elementor-widget-button\" data-id=\"61a8a3c\" data-element_type=\"widget\" data-widget_type=\"button.default\">\n\t\t\t\t<div class=\"elementor-widget-container\">\n\t\t\t\t\t\t\t\t\t<div class=\"elementor-button-wrapper\">\n\t\t\t\t\t<a class=\"elementor-button elementor-button-link elementor-size-sm\" href=\"https:\/\/chilpancingo.gob.mx\/portal\/gacetampal\/\">\n\t\t\t\t\t\t<span class=\"elementor-button-content-wrapper\">\n\t\t\t\t\t\t\t\t\t<span class=\"elementor-button-text\">Gaceta Municipal<\/span>\n\t\t\t\t\t<\/span>\n\t\t\t\t\t<\/a>\n\t\t\t\t<\/div>\n\t\t\t\t\t\t\t\t<\/div>\n\t\t\t\t<\/div>\n\t\t\t\t\t<\/div>\n\t\t<\/div>\n\t\t\t\t<div class=\"elementor-column elementor-col-20 elementor-top-column elementor-element elementor-element-6cc0bac\" data-id=\"6cc0bac\" data-element_type=\"column\">\n\t\t\t<div class=\"elementor-widget-wrap elementor-element-populated\">\n\t\t\t\t\t\t<div class=\"elementor-element elementor-element-fa19e7b elementor-align-center elementor-widget elementor-widget-button\" data-id=\"fa19e7b\" data-element_type=\"widget\" data-widget_type=\"button.default\">\n\t\t\t\t<div class=\"elementor-widget-container\">\n\t\t\t\t\t\t\t\t\t<div class=\"elementor-button-wrapper\">\n\t\t\t\t\t<a class=\"elementor-button elementor-button-link elementor-size-sm\" href=\"https:\/\/chilpancingo.gob.mx\/portal\/gacetampal\/buscar\/\">\n\t\t\t\t\t\t<span class=\"elementor-button-content-wrapper\">\n\t\t\t\t\t\t\t\t\t<span class=\"elementor-button-text\">Buscar por Categor\u00edas<\/span>\n\t\t\t\t\t<\/span>\n\t\t\t\t\t<\/a>\n\t\t\t\t<\/div>\n\t\t\t\t\t\t\t\t<\/div>\n\t\t\t\t<\/div>\n\t\t\t\t\t<\/div>\n\t\t<\/div>\n\t\t\t\t<div class=\"elementor-column elementor-col-20 elementor-top-column elementor-element elementor-element-0485167\" data-id=\"0485167\" data-element_type=\"column\" data-settings=\"{&quot;background_background&quot;:&quot;classic&quot;}\">\n\t\t\t<div class=\"elementor-widget-wrap elementor-element-populated\">\n\t\t\t\t\t\t<div class=\"elementor-element elementor-element-d5c06c3 elementor-align-center elementor-widget elementor-widget-button\" data-id=\"d5c06c3\" data-element_type=\"widget\" data-widget_type=\"button.default\">\n\t\t\t\t<div class=\"elementor-widget-container\">\n\t\t\t\t\t\t\t\t\t<div class=\"elementor-button-wrapper\">\n\t\t\t\t\t<a class=\"elementor-button elementor-size-sm\" role=\"button\">\n\t\t\t\t\t\t<span class=\"elementor-button-content-wrapper\">\n\t\t\t\t\t\t\t\t\t<span class=\"elementor-button-text\">Convenios<\/span>\n\t\t\t\t\t<\/span>\n\t\t\t\t\t<\/a>\n\t\t\t\t<\/div>\n\t\t\t\t\t\t\t\t<\/div>\n\t\t\t\t<\/div>\n\t\t\t\t\t<\/div>\n\t\t<\/div>\n\t\t\t\t<div class=\"elementor-column elementor-col-20 elementor-top-column elementor-element elementor-element-adea969\" data-id=\"adea969\" data-element_type=\"column\">\n\t\t\t<div class=\"elementor-widget-wrap elementor-element-populated\">\n\t\t\t\t\t\t<div class=\"elementor-element elementor-element-92faaac elementor-align-center elementor-widget elementor-widget-button\" data-id=\"92faaac\" data-element_type=\"widget\" data-widget_type=\"button.default\">\n\t\t\t\t<div class=\"elementor-widget-container\">\n\t\t\t\t\t\t\t\t\t<div class=\"elementor-button-wrapper\">\n\t\t\t\t\t<a class=\"elementor-button elementor-button-link elementor-size-sm\" href=\"https:\/\/chilpancingo.gob.mx\/portal\/gacetampal\/informacion-institucional\/\">\n\t\t\t\t\t\t<span class=\"elementor-button-content-wrapper\">\n\t\t\t\t\t\t\t\t\t<span class=\"elementor-button-text\">Informaci\u00f3n Institucional<\/span>\n\t\t\t\t\t<\/span>\n\t\t\t\t\t<\/a>\n\t\t\t\t<\/div>\n\t\t\t\t\t\t\t\t<\/div>\n\t\t\t\t<\/div>\n\t\t\t\t\t<\/div>\n\t\t<\/div>\n\t\t\t\t<div class=\"elementor-column elementor-col-20 elementor-top-column elementor-element elementor-element-b94045d\" data-id=\"b94045d\" data-element_type=\"column\">\n\t\t\t<div class=\"elementor-widget-wrap elementor-element-populated\">\n\t\t\t\t\t\t<div class=\"elementor-element elementor-element-ce5330e elementor-align-center elementor-widget elementor-widget-button\" data-id=\"ce5330e\" data-element_type=\"widget\" data-widget_type=\"button.default\">\n\t\t\t\t<div class=\"elementor-widget-container\">\n\t\t\t\t\t\t\t\t\t<div class=\"elementor-button-wrapper\">\n\t\t\t\t\t<a class=\"elementor-button elementor-button-link elementor-size-sm\" href=\"https:\/\/chilpancingo.gob.mx\/portal\/gacetampal\/informacion-financiera\/\">\n\t\t\t\t\t\t<span class=\"elementor-button-content-wrapper\">\n\t\t\t\t\t\t\t\t\t<span class=\"elementor-button-text\">Informaci\u00f3n Financiera<\/span>\n\t\t\t\t\t<\/span>\n\t\t\t\t\t<\/a>\n\t\t\t\t<\/div>\n\t\t\t\t\t\t\t\t<\/div>\n\t\t\t\t<\/div>\n\t\t\t\t\t<\/div>\n\t\t<\/div>\n\t\t\t\t\t<\/div>\n\t\t<\/section>\n\t\t\t\t<section class=\"elementor-section elementor-top-section elementor-element elementor-element-353e615 elementor-section-boxed elementor-section-height-default elementor-section-height-default\" data-id=\"353e615\" data-element_type=\"section\" data-settings=\"{&quot;background_background&quot;:&quot;classic&quot;}\">\n\t\t\t\t\t\t<div class=\"elementor-container elementor-column-gap-default\">\n\t\t\t\t\t<div class=\"elementor-column elementor-col-20 elementor-top-column elementor-element elementor-element-2bb5c5e\" data-id=\"2bb5c5e\" data-element_type=\"column\">\n\t\t\t<div class=\"elementor-widget-wrap elementor-element-populated\">\n\t\t\t\t\t\t<div class=\"elementor-element elementor-element-7b09994 elementor-align-center elementor-widget elementor-widget-button\" data-id=\"7b09994\" data-element_type=\"widget\" data-widget_type=\"button.default\">\n\t\t\t\t<div class=\"elementor-widget-container\">\n\t\t\t\t\t\t\t\t\t<div class=\"elementor-button-wrapper\">\n\t\t\t\t\t<a class=\"elementor-button elementor-button-link elementor-size-sm\" href=\"https:\/\/chilpancingo.gob.mx\/portal\/gacetampal\/notificaciones\/\">\n\t\t\t\t\t\t<span class=\"elementor-button-content-wrapper\">\n\t\t\t\t\t\t\t\t\t<span class=\"elementor-button-text\">Notificaciones<\/span>\n\t\t\t\t\t<\/span>\n\t\t\t\t\t<\/a>\n\t\t\t\t<\/div>\n\t\t\t\t\t\t\t\t<\/div>\n\t\t\t\t<\/div>\n\t\t\t\t\t<\/div>\n\t\t<\/div>\n\t\t\t\t<div class=\"elementor-column elementor-col-20 elementor-top-column elementor-element elementor-element-006c3c2\" data-id=\"006c3c2\" data-element_type=\"column\">\n\t\t\t<div class=\"elementor-widget-wrap elementor-element-populated\">\n\t\t\t\t\t\t<div class=\"elementor-element elementor-element-561c50a elementor-align-center elementor-widget elementor-widget-button\" data-id=\"561c50a\" data-element_type=\"widget\" data-widget_type=\"button.default\">\n\t\t\t\t<div class=\"elementor-widget-container\">\n\t\t\t\t\t\t\t\t\t<div class=\"elementor-button-wrapper\">\n\t\t\t\t\t<a class=\"elementor-button elementor-button-link elementor-size-sm\" href=\"https:\/\/chilpancingo.gob.mx\/portal\/gacetampal\/convocatorias\/\">\n\t\t\t\t\t\t<span class=\"elementor-button-content-wrapper\">\n\t\t\t\t\t\t\t\t\t<span class=\"elementor-button-text\">Convocatorias<\/span>\n\t\t\t\t\t<\/span>\n\t\t\t\t\t<\/a>\n\t\t\t\t<\/div>\n\t\t\t\t\t\t\t\t<\/div>\n\t\t\t\t<\/div>\n\t\t\t\t\t<\/div>\n\t\t<\/div>\n\t\t\t\t<div class=\"elementor-column elementor-col-20 elementor-top-column elementor-element elementor-element-2bdbfcc\" data-id=\"2bdbfcc\" data-element_type=\"column\">\n\t\t\t<div class=\"elementor-widget-wrap elementor-element-populated\">\n\t\t\t\t\t\t<div class=\"elementor-element elementor-element-ba1e735 elementor-align-center elementor-widget elementor-widget-button\" data-id=\"ba1e735\" data-element_type=\"widget\" data-widget_type=\"button.default\">\n\t\t\t\t<div class=\"elementor-widget-container\">\n\t\t\t\t\t\t\t\t\t<div class=\"elementor-button-wrapper\">\n\t\t\t\t\t<a class=\"elementor-button elementor-button-link elementor-size-sm\" href=\"https:\/\/chilpancingo.gob.mx\/portal\/gacetampal\/resoluciones\/\">\n\t\t\t\t\t\t<span class=\"elementor-button-content-wrapper\">\n\t\t\t\t\t\t\t\t\t<span class=\"elementor-button-text\">Resoluciones<\/span>\n\t\t\t\t\t<\/span>\n\t\t\t\t\t<\/a>\n\t\t\t\t<\/div>\n\t\t\t\t\t\t\t\t<\/div>\n\t\t\t\t<\/div>\n\t\t\t\t\t<\/div>\n\t\t<\/div>\n\t\t\t\t<div class=\"elementor-column elementor-col-20 elementor-top-column elementor-element elementor-element-f965ac3\" data-id=\"f965ac3\" data-element_type=\"column\">\n\t\t\t<div class=\"elementor-widget-wrap elementor-element-populated\">\n\t\t\t\t\t\t<div class=\"elementor-element elementor-element-b217ff9 elementor-align-center elementor-widget elementor-widget-button\" data-id=\"b217ff9\" data-element_type=\"widget\" data-widget_type=\"button.default\">\n\t\t\t\t<div class=\"elementor-widget-container\">\n\t\t\t\t\t\t\t\t\t<div class=\"elementor-button-wrapper\">\n\t\t\t\t\t<a class=\"elementor-button elementor-button-link elementor-size-sm\" href=\"https:\/\/chilpancingo.gob.mx\/portal\/gacetampal\/informacion-anual\/\">\n\t\t\t\t\t\t<span class=\"elementor-button-content-wrapper\">\n\t\t\t\t\t\t\t\t\t<span class=\"elementor-button-text\">Informaci\u00f3n Anual<\/span>\n\t\t\t\t\t<\/span>\n\t\t\t\t\t<\/a>\n\t\t\t\t<\/div>\n\t\t\t\t\t\t\t\t<\/div>\n\t\t\t\t<\/div>\n\t\t\t\t\t<\/div>\n\t\t<\/div>\n\t\t\t\t<div class=\"elementor-column elementor-col-20 elementor-top-column elementor-element elementor-element-819f8c0\" data-id=\"819f8c0\" data-element_type=\"column\">\n\t\t\t<div class=\"elementor-widget-wrap elementor-element-populated\">\n\t\t\t\t\t\t<div class=\"elementor-element elementor-element-b8fa0aa elementor-align-center elementor-widget elementor-widget-button\" data-id=\"b8fa0aa\" data-element_type=\"widget\" data-widget_type=\"button.default\">\n\t\t\t\t<div class=\"elementor-widget-container\">\n\t\t\t\t\t\t\t\t\t<div class=\"elementor-button-wrapper\">\n\t\t\t\t\t<a class=\"elementor-button elementor-button-link elementor-size-sm\" href=\"https:\/\/chilpancingo.gob.mx\/portal\/gacetampal\/otros-documentos\/\">\n\t\t\t\t\t\t<span class=\"elementor-button-content-wrapper\">\n\t\t\t\t\t\t\t\t\t<span class=\"elementor-button-text\">Otros Documentos<\/span>\n\t\t\t\t\t<\/span>\n\t\t\t\t\t<\/a>\n\t\t\t\t<\/div>\n\t\t\t\t\t\t\t\t<\/div>\n\t\t\t\t<\/div>\n\t\t\t\t\t<\/div>\n\t\t<\/div>\n\t\t\t\t\t<\/div>\n\t\t<\/section>\n\t\t\t\t<section class=\"elementor-section elementor-top-section elementor-element elementor-element-cb85d9b elementor-section-boxed elementor-section-height-default elementor-section-height-default\" data-id=\"cb85d9b\" data-element_type=\"section\">\n\t\t\t\t\t\t<div class=\"elementor-container elementor-column-gap-default\">\n\t\t\t\t\t<div class=\"elementor-column elementor-col-100 elementor-top-column elementor-element elementor-element-1c1607b\" data-id=\"1c1607b\" data-element_type=\"column\">\n\t\t\t<div class=\"elementor-widget-wrap elementor-element-populated\">\n\t\t\t\t\t\t<div class=\"elementor-element elementor-element-078e0e0 elementor-widget elementor-widget-upk-banner\" data-id=\"078e0e0\" data-element_type=\"widget\" data-widget_type=\"upk-banner.default\">\n\t\t\t\t<div class=\"elementor-widget-container\">\n\t\t\t\t\t\t\t<div class=\"upk-banner-wrap  upk-sale-badge-style-1 upk-size-badge-style-4 upk-banner-style-1\">\n\t\t\t<div class=\"upk-item\">\n\t\t\t\t\n\t\t<div class=\"upk-content\">\n\t\t\t<div class=\"upk-content-inner\">\n\t\t\t\t\n\t\t\t\t\t\t\t<\/div>\n\n\t\t\t\n\t\t\t        \t\t<\/div>\n\n\t\t\n\t\t\n\t\t\t\t\t<\/div>\n\t\t<\/div>\n\t\t\t\t\t\t<\/div>\n\t\t\t\t<\/div>\n\t\t\t\t\t<\/div>\n\t\t<\/div>\n\t\t\t\t\t<\/div>\n\t\t<\/section>\n\t\t\t\t<\/div>\n\t\t","protected":false},"excerpt":{"rendered":"<p>Gaceta Municipal Buscar por Categor\u00edas Convenios Informaci\u00f3n Institucional Informaci\u00f3n Financiera Notificaciones Convocatorias Resoluciones Informaci\u00f3n Anual Otros Documentos<\/p>\n","protected":false},"author":2,"featured_media":0,"parent":19576,"menu_order":3,"comment_status":"closed","ping_status":"closed","template":"","meta":{"pgc_sgb_lightbox_settings":"","footnotes":""},"class_list":["post-19586","page","type-page","status-publish","hentry"],"yoast_head":"<!-- This site is optimized with the Yoast SEO plugin v23.8 - https:\/\/yoast.com\/wordpress\/plugins\/seo\/ -->\n<title>Convenios<\/title>\n<meta name=\"robots\" content=\"index, follow, max-snippet:-1, max-image-preview:large, max-video-preview:-1\" \/>\n<link rel=\"canonical\" href=\"https:\/\/chilpancingo.gob.mx\/portal\/gacetampal\/convenios\/\" \/>\n<meta property=\"og:locale\" content=\"es_MX\" \/>\n<meta property=\"og:type\" content=\"article\" \/>\n<meta property=\"og:title\" content=\"Convenios\" \/>\n<meta property=\"og:description\" content=\"Gaceta Municipal Buscar por Categor\u00edas Convenios Informaci\u00f3n Institucional Informaci\u00f3n Financiera Notificaciones Convocatorias Resoluciones Informaci\u00f3n Anual Otros Documentos\" \/>\n<meta property=\"og:url\" content=\"https:\/\/chilpancingo.gob.mx\/portal\/gacetampal\/convenios\/\" \/>\n<meta property=\"og:site_name\" content=\"H. Ayuntamiento de Chilpancingo de los Bravo\" \/>\n<meta property=\"article:publisher\" content=\"https:\/\/www.facebook.com\/AyuntamientodeChilpancingo\" \/>\n<meta property=\"article:modified_time\" content=\"2025-10-03T18:01:07+00:00\" \/>\n<meta property=\"og:image\" content=\"https:\/\/chilpancingo.gob.mx\/portal\/wp-content\/uploads\/2021\/09\/Logo-Oficial-Capital-de-cultura-y-progreso.png\" \/>\n\t<meta property=\"og:image:width\" content=\"1200\" \/>\n\t<meta property=\"og:image:height\" content=\"623\" \/>\n\t<meta property=\"og:image:type\" content=\"image\/png\" \/>\n<meta name=\"twitter:card\" content=\"summary_large_image\" \/>\n<meta name=\"twitter:site\" content=\"@otilia_norma\" \/>\n<script type=\"application\/ld+json\" class=\"yoast-schema-graph\">{\"@context\":\"https:\/\/schema.org\",\"@graph\":[{\"@type\":\"WebPage\",\"@id\":\"https:\/\/chilpancingo.gob.mx\/portal\/gacetampal\/convenios\/\",\"url\":\"https:\/\/chilpancingo.gob.mx\/portal\/gacetampal\/convenios\/\",\"name\":\"Convenios\",\"isPartOf\":{\"@id\":\"https:\/\/chilpancingo.gob.mx\/portal\/#website\"},\"datePublished\":\"2025-10-01T21:00:53+00:00\",\"dateModified\":\"2025-10-03T18:01:07+00:00\",\"breadcrumb\":{\"@id\":\"https:\/\/chilpancingo.gob.mx\/portal\/gacetampal\/convenios\/#breadcrumb\"},\"inLanguage\":\"es\",\"potentialAction\":[{\"@type\":\"ReadAction\",\"target\":[\"https:\/\/chilpancingo.gob.mx\/portal\/gacetampal\/convenios\/\"]}]},{\"@type\":\"BreadcrumbList\",\"@id\":\"https:\/\/chilpancingo.gob.mx\/portal\/gacetampal\/convenios\/#breadcrumb\",\"itemListElement\":[{\"@type\":\"ListItem\",\"position\":1,\"name\":\"Inicio\",\"item\":\"https:\/\/chilpancingo.gob.mx\/portal\/\"},{\"@type\":\"ListItem\",\"position\":2,\"name\":\"Gaceta Municipal\",\"item\":\"https:\/\/chilpancingo.gob.mx\/portal\/gacetampal\/\"},{\"@type\":\"ListItem\",\"position\":3,\"name\":\"Convenios\"}]},{\"@type\":\"WebSite\",\"@id\":\"https:\/\/chilpancingo.gob.mx\/portal\/#website\",\"url\":\"https:\/\/chilpancingo.gob.mx\/portal\/\",\"name\":\"H. Ayuntamiento de Chilpancingo de los Bravo\",\"description\":\"Chilpancingo de los Bravo  2024 - 2027\",\"publisher\":{\"@id\":\"https:\/\/chilpancingo.gob.mx\/portal\/#organization\"},\"potentialAction\":[{\"@type\":\"SearchAction\",\"target\":{\"@type\":\"EntryPoint\",\"urlTemplate\":\"https:\/\/chilpancingo.gob.mx\/portal\/?s={search_term_string}\"},\"query-input\":{\"@type\":\"PropertyValueSpecification\",\"valueRequired\":true,\"valueName\":\"search_term_string\"}}],\"inLanguage\":\"es\"},{\"@type\":\"Organization\",\"@id\":\"https:\/\/chilpancingo.gob.mx\/portal\/#organization\",\"name\":\"Municipio de Chilpancingo de los Bravo\",\"url\":\"https:\/\/chilpancingo.gob.mx\/portal\/\",\"logo\":{\"@type\":\"ImageObject\",\"inLanguage\":\"es\",\"@id\":\"https:\/\/chilpancingo.gob.mx\/portal\/#\/schema\/logo\/image\/\",\"url\":\"https:\/\/chilpancingo.gob.mx\/portal\/wp-content\/uploads\/2021\/09\/Logo-Oficial-Capital-de-cultura-y-progreso.png\",\"contentUrl\":\"https:\/\/chilpancingo.gob.mx\/portal\/wp-content\/uploads\/2021\/09\/Logo-Oficial-Capital-de-cultura-y-progreso.png\",\"width\":1200,\"height\":623,\"caption\":\"Municipio de Chilpancingo de los Bravo\"},\"image\":{\"@id\":\"https:\/\/chilpancingo.gob.mx\/portal\/#\/schema\/logo\/image\/\"},\"sameAs\":[\"https:\/\/www.facebook.com\/AyuntamientodeChilpancingo\",\"https:\/\/x.com\/otilia_norma\"]}]}<\/script>\n<!-- \/ Yoast SEO plugin. -->","yoast_head_json":{"title":"Convenios","robots":{"index":"index","follow":"follow","max-snippet":"max-snippet:-1","max-image-preview":"max-image-preview:large","max-video-preview":"max-video-preview:-1"},"canonical":"https:\/\/chilpancingo.gob.mx\/portal\/gacetampal\/convenios\/","og_locale":"es_MX","og_type":"article","og_title":"Convenios","og_description":"Gaceta Municipal Buscar por Categor\u00edas Convenios Informaci\u00f3n Institucional Informaci\u00f3n Financiera Notificaciones Convocatorias Resoluciones Informaci\u00f3n Anual Otros Documentos","og_url":"https:\/\/chilpancingo.gob.mx\/portal\/gacetampal\/convenios\/","og_site_name":"H. Ayuntamiento de Chilpancingo de los Bravo","article_publisher":"https:\/\/www.facebook.com\/AyuntamientodeChilpancingo","article_modified_time":"2025-10-03T18:01:07+00:00","og_image":[{"width":1200,"height":623,"url":"https:\/\/chilpancingo.gob.mx\/portal\/wp-content\/uploads\/2021\/09\/Logo-Oficial-Capital-de-cultura-y-progreso.png","type":"image\/png"}],"twitter_card":"summary_large_image","twitter_site":"@otilia_norma","schema":{"@context":"https:\/\/schema.org","@graph":[{"@type":"WebPage","@id":"https:\/\/chilpancingo.gob.mx\/portal\/gacetampal\/convenios\/","url":"https:\/\/chilpancingo.gob.mx\/portal\/gacetampal\/convenios\/","name":"Convenios","isPartOf":{"@id":"https:\/\/chilpancingo.gob.mx\/portal\/#website"},"datePublished":"2025-10-01T21:00:53+00:00","dateModified":"2025-10-03T18:01:07+00:00","breadcrumb":{"@id":"https:\/\/chilpancingo.gob.mx\/portal\/gacetampal\/convenios\/#breadcrumb"},"inLanguage":"es","potentialAction":[{"@type":"ReadAction","target":["https:\/\/chilpancingo.gob.mx\/portal\/gacetampal\/convenios\/"]}]},{"@type":"BreadcrumbList","@id":"https:\/\/chilpancingo.gob.mx\/portal\/gacetampal\/convenios\/#breadcrumb","itemListElement":[{"@type":"ListItem","position":1,"name":"Inicio","item":"https:\/\/chilpancingo.gob.mx\/portal\/"},{"@type":"ListItem","position":2,"name":"Gaceta Municipal","item":"https:\/\/chilpancingo.gob.mx\/portal\/gacetampal\/"},{"@type":"ListItem","position":3,"name":"Convenios"}]},{"@type":"WebSite","@id":"https:\/\/chilpancingo.gob.mx\/portal\/#website","url":"https:\/\/chilpancingo.gob.mx\/portal\/","name":"H. Ayuntamiento de Chilpancingo de los Bravo","description":"Chilpancingo de los Bravo  2024 - 2027","publisher":{"@id":"https:\/\/chilpancingo.gob.mx\/portal\/#organization"},"potentialAction":[{"@type":"SearchAction","target":{"@type":"EntryPoint","urlTemplate":"https:\/\/chilpancingo.gob.mx\/portal\/?s={search_term_string}"},"query-input":{"@type":"PropertyValueSpecification","valueRequired":true,"valueName":"search_term_string"}}],"inLanguage":"es"},{"@type":"Organization","@id":"https:\/\/chilpancingo.gob.mx\/portal\/#organization","name":"Municipio de Chilpancingo de los Bravo","url":"https:\/\/chilpancingo.gob.mx\/portal\/","logo":{"@type":"ImageObject","inLanguage":"es","@id":"https:\/\/chilpancingo.gob.mx\/portal\/#\/schema\/logo\/image\/","url":"https:\/\/chilpancingo.gob.mx\/portal\/wp-content\/uploads\/2021\/09\/Logo-Oficial-Capital-de-cultura-y-progreso.png","contentUrl":"https:\/\/chilpancingo.gob.mx\/portal\/wp-content\/uploads\/2021\/09\/Logo-Oficial-Capital-de-cultura-y-progreso.png","width":1200,"height":623,"caption":"Municipio de Chilpancingo de los Bravo"},"image":{"@id":"https:\/\/chilpancingo.gob.mx\/portal\/#\/schema\/logo\/image\/"},"sameAs":["https:\/\/www.facebook.com\/AyuntamientodeChilpancingo","https:\/\/x.com\/otilia_norma"]}]}},"_links":{"self":[{"href":"https:\/\/chilpancingo.gob.mx\/portal\/wp-json\/wp\/v2\/pages\/19586"}],"collection":[{"href":"https:\/\/chilpancingo.gob.mx\/portal\/wp-json\/wp\/v2\/pages"}],"about":[{"href":"https:\/\/chilpancingo.gob.mx\/portal\/wp-json\/wp\/v2\/types\/page"}],"author":[{"embeddable":true,"href":"https:\/\/chilpancingo.gob.mx\/portal\/wp-json\/wp\/v2\/users\/2"}],"replies":[{"embeddable":true,"href":"https:\/\/chilpancingo.gob.mx\/portal\/wp-json\/wp\/v2\/comments?post=19586"}],"version-history":[{"count":8,"href":"https:\/\/chilpancingo.gob.mx\/portal\/wp-json\/wp\/v2\/pages\/19586\/revisions"}],"predecessor-version":[{"id":19648,"href":"https:\/\/chilpancingo.gob.mx\/portal\/wp-json\/wp\/v2\/pages\/19586\/revisions\/19648"}],"up":[{"embeddable":true,"href":"https:\/\/chilpancingo.gob.mx\/portal\/wp-json\/wp\/v2\/pages\/19576"}],"wp:attachment":[{"href":"https:\/\/chilpancingo.gob.mx\/portal\/wp-json\/wp\/v2\/media?parent=19586"}],"curies":[{"name":"wp","href":"https:\/\/api.w.org\/{rel}","templated":true}]}}