{"id":2107,"date":"2021-10-02T14:26:58","date_gmt":"2021-10-02T14:26:58","guid":{"rendered":"https:\/\/chilpancingo.gob.mx\/portal\/?page_id=2107"},"modified":"2021-10-02T14:38:56","modified_gmt":"2021-10-02T14:38:56","slug":"cultura-y-tradiciones","status":"publish","type":"page","link":"https:\/\/chilpancingo.gob.mx\/portal\/cultura-y-tradiciones\/","title":{"rendered":"Cultura y Tradiciones"},"content":{"rendered":"\n<h1 class=\"has-text-align-center has-text-color wp-block-heading\" style=\"color:#5f0c0c;font-size:46px\">Cultura y Tradiciones<\/h1>\n\n\n\n<hr class=\"wp-block-separator has-text-color has-background has-strong-white-background-color has-strong-white-color\"\/>\n\n\n\n<div class=\"wp-block-image\"><figure class=\"aligncenter size-full is-resized\"><img fetchpriority=\"high\" decoding=\"async\" src=\"https:\/\/chilpancingo.gob.mx\/portal\/wp-content\/uploads\/2021\/10\/mascaras.jpg\" alt=\"\" class=\"wp-image-2109\" width=\"722\" height=\"480\"\/><\/figure><\/div>\n\n\n\n<p>Chilpancingo de los Bravo es el municipio principal del estado de Guerrero en M\u00e9xico. Con una extensi\u00f3n de aproximadamente 566.8 kil\u00f3metros cuadrados es la cuna de la actividad tur\u00edstica, religiosa y cultural del estado de Guerrero.<\/p>\n\n\n\n<p>Tiene una poblaci\u00f3n de aproximadamente 190.000 habitantes. Al igual que M\u00e9xico, Chilpancingo es una regi\u00f3n orgullosa de sus ra\u00edces, con tradiciones que fusionan lo mejor de ese choque de culturas que empez\u00f3 con la llegada de los espa\u00f1oles.<\/p>\n\n\n\n<p>Principales tradiciones de Chilpancingo<\/p>\n\n\n\n<p>Fiestas populares<\/p>\n\n\n\n<p>Una de las fiestas m\u00e1s populares en Chilpancingo es la fiesta de los barrios tradicionales que son los primeros barrios que se formaron alrededor de la iglesia de Santa Mar\u00eda de la Asunci\u00f3n en el centro de la ciudad.<\/p>\n\n\n\n<p>Cada barrio cuenta con su propio santo o virgen patrono y en la fecha de su onom\u00e1stico los habitantes de los barrios se re\u00fanen despu\u00e9s de la misa para participar en desfiles multicolores, llenando las calles con danzas, ferias de comida tradicional del estado, juegos mec\u00e1nicos, eventos culturales, mezclando as\u00ed lo divino y lo pagano. Algunas de las fechas patronales son:<\/p>\n\n\n\n<ul class=\"wp-block-list\"><li>-La celebraci\u00f3n de la Santa Cruz que se realiza el 3 de mayo.<\/li><li>-El d\u00eda de San Antonio de Padua se celebra el 13 de junio.<\/li><li>-Santa Maria de la Asunci\u00f3n el 15 de agosto.<\/li><li>-La Virgen de la Natividad el 8 de septiembre.<\/li><li>-La feria de Chilpancingo del 25 de diciembre al 7 de enero en honor al ni\u00f1o Jes\u00fas.<\/li><\/ul>\n\n\n\n<p><strong>El Paseo del Pend\u00f3n<\/strong><\/p>\n\n\n\n<p>Para celebrar la llegada del ni\u00f1o Jes\u00fas cada segundo domingo de Diciembre, se lleva a cabo el Paseo del Pend\u00f3n una celebraci\u00f3n que da comienzo a las festividades del mes de Diciembre en Chilpancingo.<\/p>\n\n\n\n<p>Miles de danzantes toman las calles para celebrar el nacimiento del ni\u00f1o Dios, con trajes t\u00edpicos tradicionales de cada barrio.<\/p>\n\n\n\n<p>Al inicio de la procesi\u00f3n una mujer a caballo lleva el estandarte del pend\u00f3n creado por el artista Francisco Alarc\u00f3n Tapia oriundo de Chilpancingo.<\/p>\n\n\n\n<p>La procesi\u00f3n concluye luego de 8 horas con otra fascinante tradici\u00f3n llamada el porrazo del tigre.<\/p>\n\n\n\n<figure class=\"wp-block-image\"><img decoding=\"async\" src=\"http:\/\/www.mediatecaguerrero.gob.mx\/wp-content\/uploads\/2020\/04\/Pend%C3%B3n-1-1024x640.jpg\" alt=\"\" class=\"wp-image-2256\"\/><\/figure>\n\n\n\n<p><strong>El Porrazo del Tigre<\/strong><\/p>\n\n\n\n<p>En Chilpancingo los barrios escogen cada a\u00f1o a los hombres que vestidos de tigre los representaran en el porrazo.<\/p>\n\n\n\n<p>Los hombres escogidos se encuentran en la plaza de toros despu\u00e9s de la culminaci\u00f3n del paseo del pend\u00f3n y miden sus fuerzas en peleas simuladas.<\/p>\n\n\n\n<p>Esta tradici\u00f3n naci\u00f3 como una forma de recordar las peleas que se formaban entre los barrios debido a las luchas por la tenencia de la tierra.<\/p>\n\n\n\n<figure class=\"wp-block-image\"><img decoding=\"async\" src=\"http:\/\/www.mediatecaguerrero.gob.mx\/wp-content\/uploads\/2020\/04\/porrazo-del-tigre.jpg\" alt=\"\" class=\"wp-image-2257\"\/><\/figure>\n\n\n\n<p><strong>Festival del Pozole<\/strong><\/p>\n\n\n\n<p>El pozole es un plato t\u00edpico del estado de Guerrero, es un caldo preparado con ingredientes como, el ma\u00edz, el chile y carne de cerdo.<\/p>\n\n\n\n<p>Este festival se celebra todos los a\u00f1os en Mayo en Chilpancingo y busca promover la cultura gastron\u00f3mica t\u00edpica del estado.<\/p>\n\n\n\n<figure class=\"wp-block-image size-full\"><img decoding=\"async\" width=\"1024\" height=\"767\" src=\"https:\/\/chilpancingo.gob.mx\/portal\/wp-content\/uploads\/2021\/10\/festival-del-pozole-1024x767-1.jpg\" alt=\"\" class=\"wp-image-2108\" srcset=\"https:\/\/chilpancingo.gob.mx\/portal\/wp-content\/uploads\/2021\/10\/festival-del-pozole-1024x767-1.jpg 1024w, https:\/\/chilpancingo.gob.mx\/portal\/wp-content\/uploads\/2021\/10\/festival-del-pozole-1024x767-1-300x225.jpg 300w, https:\/\/chilpancingo.gob.mx\/portal\/wp-content\/uploads\/2021\/10\/festival-del-pozole-1024x767-1-768x575.jpg 768w\" sizes=\"(max-width: 1024px) 100vw, 1024px\" \/><\/figure>\n\n\n\n<p><strong>El d\u00eda de los Muertos<\/strong><\/p>\n\n\n\n<p>Esta celebraci\u00f3n Mexicana es toda una fiesta que se celebra el d\u00eda 2 de Noviembre para honrar a los muertos.<\/p>\n\n\n\n<p>Es un d\u00eda donde las familias crean altares con flores de colores, caramelos, los platos favoritos del difunto recordando y celebrando la vida.<\/p>\n\n\n\n<p>Esta costumbre tiene sus ra\u00edces en la \u00e9poca mesoamericana mexicana con los aztecas y mayas.<\/p>\n","protected":false},"excerpt":{"rendered":"<p>Cultura y Tradiciones Chilpancingo de los Bravo es el municipio principal del estado de Guerrero en M\u00e9xico. Con una extensi\u00f3n de aproximadamente 566.8 kil\u00f3metros cuadrados es la cuna de la [&hellip;]<\/p>\n","protected":false},"author":4,"featured_media":0,"parent":0,"menu_order":0,"comment_status":"closed","ping_status":"closed","template":"","meta":{"pgc_sgb_lightbox_settings":"","footnotes":""},"class_list":["post-2107","page","type-page","status-publish","hentry"],"yoast_head":"<!-- This site is optimized with the Yoast SEO plugin v23.8 - https:\/\/yoast.com\/wordpress\/plugins\/seo\/ -->\n<title>Cultura y Tradiciones<\/title>\n<meta name=\"robots\" content=\"index, follow, max-snippet:-1, max-image-preview:large, max-video-preview:-1\" \/>\n<link rel=\"canonical\" href=\"https:\/\/chilpancingo.gob.mx\/portal\/cultura-y-tradiciones\/\" \/>\n<meta property=\"og:locale\" content=\"es_MX\" \/>\n<meta property=\"og:type\" content=\"article\" \/>\n<meta property=\"og:title\" content=\"Cultura y Tradiciones\" \/>\n<meta property=\"og:description\" content=\"Cultura y Tradiciones Chilpancingo de los Bravo es el municipio principal del estado de Guerrero en M\u00e9xico. Con una extensi\u00f3n de aproximadamente 566.8 kil\u00f3metros cuadrados es la cuna de la [&hellip;]\" \/>\n<meta property=\"og:url\" content=\"https:\/\/chilpancingo.gob.mx\/portal\/cultura-y-tradiciones\/\" \/>\n<meta property=\"og:site_name\" content=\"H. Ayuntamiento de Chilpancingo de los Bravo\" \/>\n<meta property=\"article:publisher\" content=\"https:\/\/www.facebook.com\/AyuntamientodeChilpancingo\" \/>\n<meta property=\"article:modified_time\" content=\"2021-10-02T14:38:56+00:00\" \/>\n<meta property=\"og:image\" content=\"https:\/\/chilpancingo.gob.mx\/portal\/wp-content\/uploads\/2021\/10\/mascaras.jpg\" \/>\n<meta name=\"twitter:card\" content=\"summary_large_image\" \/>\n<meta name=\"twitter:site\" content=\"@otilia_norma\" \/>\n<script type=\"application\/ld+json\" class=\"yoast-schema-graph\">{\"@context\":\"https:\/\/schema.org\",\"@graph\":[{\"@type\":\"WebPage\",\"@id\":\"https:\/\/chilpancingo.gob.mx\/portal\/cultura-y-tradiciones\/\",\"url\":\"https:\/\/chilpancingo.gob.mx\/portal\/cultura-y-tradiciones\/\",\"name\":\"Cultura y Tradiciones\",\"isPartOf\":{\"@id\":\"https:\/\/chilpancingo.gob.mx\/portal\/#website\"},\"primaryImageOfPage\":{\"@id\":\"https:\/\/chilpancingo.gob.mx\/portal\/cultura-y-tradiciones\/#primaryimage\"},\"image\":{\"@id\":\"https:\/\/chilpancingo.gob.mx\/portal\/cultura-y-tradiciones\/#primaryimage\"},\"thumbnailUrl\":\"https:\/\/chilpancingo.gob.mx\/portal\/wp-content\/uploads\/2021\/10\/mascaras.jpg\",\"datePublished\":\"2021-10-02T14:26:58+00:00\",\"dateModified\":\"2021-10-02T14:38:56+00:00\",\"breadcrumb\":{\"@id\":\"https:\/\/chilpancingo.gob.mx\/portal\/cultura-y-tradiciones\/#breadcrumb\"},\"inLanguage\":\"es\",\"potentialAction\":[{\"@type\":\"ReadAction\",\"target\":[\"https:\/\/chilpancingo.gob.mx\/portal\/cultura-y-tradiciones\/\"]}]},{\"@type\":\"ImageObject\",\"inLanguage\":\"es\",\"@id\":\"https:\/\/chilpancingo.gob.mx\/portal\/cultura-y-tradiciones\/#primaryimage\",\"url\":\"https:\/\/chilpancingo.gob.mx\/portal\/wp-content\/uploads\/2021\/10\/mascaras.jpg\",\"contentUrl\":\"https:\/\/chilpancingo.gob.mx\/portal\/wp-content\/uploads\/2021\/10\/mascaras.jpg\",\"width\":275,\"height\":183},{\"@type\":\"BreadcrumbList\",\"@id\":\"https:\/\/chilpancingo.gob.mx\/portal\/cultura-y-tradiciones\/#breadcrumb\",\"itemListElement\":[{\"@type\":\"ListItem\",\"position\":1,\"name\":\"Inicio\",\"item\":\"https:\/\/chilpancingo.gob.mx\/portal\/\"},{\"@type\":\"ListItem\",\"position\":2,\"name\":\"Cultura y Tradiciones\"}]},{\"@type\":\"WebSite\",\"@id\":\"https:\/\/chilpancingo.gob.mx\/portal\/#website\",\"url\":\"https:\/\/chilpancingo.gob.mx\/portal\/\",\"name\":\"H. Ayuntamiento de Chilpancingo de los Bravo\",\"description\":\"Chilpancingo de los Bravo  2024 - 2027\",\"publisher\":{\"@id\":\"https:\/\/chilpancingo.gob.mx\/portal\/#organization\"},\"potentialAction\":[{\"@type\":\"SearchAction\",\"target\":{\"@type\":\"EntryPoint\",\"urlTemplate\":\"https:\/\/chilpancingo.gob.mx\/portal\/?s={search_term_string}\"},\"query-input\":{\"@type\":\"PropertyValueSpecification\",\"valueRequired\":true,\"valueName\":\"search_term_string\"}}],\"inLanguage\":\"es\"},{\"@type\":\"Organization\",\"@id\":\"https:\/\/chilpancingo.gob.mx\/portal\/#organization\",\"name\":\"Municipio de Chilpancingo de los Bravo\",\"url\":\"https:\/\/chilpancingo.gob.mx\/portal\/\",\"logo\":{\"@type\":\"ImageObject\",\"inLanguage\":\"es\",\"@id\":\"https:\/\/chilpancingo.gob.mx\/portal\/#\/schema\/logo\/image\/\",\"url\":\"https:\/\/chilpancingo.gob.mx\/portal\/wp-content\/uploads\/2021\/09\/Logo-Oficial-Capital-de-cultura-y-progreso.png\",\"contentUrl\":\"https:\/\/chilpancingo.gob.mx\/portal\/wp-content\/uploads\/2021\/09\/Logo-Oficial-Capital-de-cultura-y-progreso.png\",\"width\":1200,\"height\":623,\"caption\":\"Municipio de Chilpancingo de los Bravo\"},\"image\":{\"@id\":\"https:\/\/chilpancingo.gob.mx\/portal\/#\/schema\/logo\/image\/\"},\"sameAs\":[\"https:\/\/www.facebook.com\/AyuntamientodeChilpancingo\",\"https:\/\/x.com\/otilia_norma\"]}]}<\/script>\n<!-- \/ Yoast SEO plugin. -->","yoast_head_json":{"title":"Cultura y Tradiciones","robots":{"index":"index","follow":"follow","max-snippet":"max-snippet:-1","max-image-preview":"max-image-preview:large","max-video-preview":"max-video-preview:-1"},"canonical":"https:\/\/chilpancingo.gob.mx\/portal\/cultura-y-tradiciones\/","og_locale":"es_MX","og_type":"article","og_title":"Cultura y Tradiciones","og_description":"Cultura y Tradiciones Chilpancingo de los Bravo es el municipio principal del estado de Guerrero en M\u00e9xico. Con una extensi\u00f3n de aproximadamente 566.8 kil\u00f3metros cuadrados es la cuna de la [&hellip;]","og_url":"https:\/\/chilpancingo.gob.mx\/portal\/cultura-y-tradiciones\/","og_site_name":"H. Ayuntamiento de Chilpancingo de los Bravo","article_publisher":"https:\/\/www.facebook.com\/AyuntamientodeChilpancingo","article_modified_time":"2021-10-02T14:38:56+00:00","og_image":[{"url":"https:\/\/chilpancingo.gob.mx\/portal\/wp-content\/uploads\/2021\/10\/mascaras.jpg"}],"twitter_card":"summary_large_image","twitter_site":"@otilia_norma","schema":{"@context":"https:\/\/schema.org","@graph":[{"@type":"WebPage","@id":"https:\/\/chilpancingo.gob.mx\/portal\/cultura-y-tradiciones\/","url":"https:\/\/chilpancingo.gob.mx\/portal\/cultura-y-tradiciones\/","name":"Cultura y Tradiciones","isPartOf":{"@id":"https:\/\/chilpancingo.gob.mx\/portal\/#website"},"primaryImageOfPage":{"@id":"https:\/\/chilpancingo.gob.mx\/portal\/cultura-y-tradiciones\/#primaryimage"},"image":{"@id":"https:\/\/chilpancingo.gob.mx\/portal\/cultura-y-tradiciones\/#primaryimage"},"thumbnailUrl":"https:\/\/chilpancingo.gob.mx\/portal\/wp-content\/uploads\/2021\/10\/mascaras.jpg","datePublished":"2021-10-02T14:26:58+00:00","dateModified":"2021-10-02T14:38:56+00:00","breadcrumb":{"@id":"https:\/\/chilpancingo.gob.mx\/portal\/cultura-y-tradiciones\/#breadcrumb"},"inLanguage":"es","potentialAction":[{"@type":"ReadAction","target":["https:\/\/chilpancingo.gob.mx\/portal\/cultura-y-tradiciones\/"]}]},{"@type":"ImageObject","inLanguage":"es","@id":"https:\/\/chilpancingo.gob.mx\/portal\/cultura-y-tradiciones\/#primaryimage","url":"https:\/\/chilpancingo.gob.mx\/portal\/wp-content\/uploads\/2021\/10\/mascaras.jpg","contentUrl":"https:\/\/chilpancingo.gob.mx\/portal\/wp-content\/uploads\/2021\/10\/mascaras.jpg","width":275,"height":183},{"@type":"BreadcrumbList","@id":"https:\/\/chilpancingo.gob.mx\/portal\/cultura-y-tradiciones\/#breadcrumb","itemListElement":[{"@type":"ListItem","position":1,"name":"Inicio","item":"https:\/\/chilpancingo.gob.mx\/portal\/"},{"@type":"ListItem","position":2,"name":"Cultura y Tradiciones"}]},{"@type":"WebSite","@id":"https:\/\/chilpancingo.gob.mx\/portal\/#website","url":"https:\/\/chilpancingo.gob.mx\/portal\/","name":"H. Ayuntamiento de Chilpancingo de los Bravo","description":"Chilpancingo de los Bravo  2024 - 2027","publisher":{"@id":"https:\/\/chilpancingo.gob.mx\/portal\/#organization"},"potentialAction":[{"@type":"SearchAction","target":{"@type":"EntryPoint","urlTemplate":"https:\/\/chilpancingo.gob.mx\/portal\/?s={search_term_string}"},"query-input":{"@type":"PropertyValueSpecification","valueRequired":true,"valueName":"search_term_string"}}],"inLanguage":"es"},{"@type":"Organization","@id":"https:\/\/chilpancingo.gob.mx\/portal\/#organization","name":"Municipio de Chilpancingo de los Bravo","url":"https:\/\/chilpancingo.gob.mx\/portal\/","logo":{"@type":"ImageObject","inLanguage":"es","@id":"https:\/\/chilpancingo.gob.mx\/portal\/#\/schema\/logo\/image\/","url":"https:\/\/chilpancingo.gob.mx\/portal\/wp-content\/uploads\/2021\/09\/Logo-Oficial-Capital-de-cultura-y-progreso.png","contentUrl":"https:\/\/chilpancingo.gob.mx\/portal\/wp-content\/uploads\/2021\/09\/Logo-Oficial-Capital-de-cultura-y-progreso.png","width":1200,"height":623,"caption":"Municipio de Chilpancingo de los Bravo"},"image":{"@id":"https:\/\/chilpancingo.gob.mx\/portal\/#\/schema\/logo\/image\/"},"sameAs":["https:\/\/www.facebook.com\/AyuntamientodeChilpancingo","https:\/\/x.com\/otilia_norma"]}]}},"_links":{"self":[{"href":"https:\/\/chilpancingo.gob.mx\/portal\/wp-json\/wp\/v2\/pages\/2107","targetHints":{"allow":["GET"]}}],"collection":[{"href":"https:\/\/chilpancingo.gob.mx\/portal\/wp-json\/wp\/v2\/pages"}],"about":[{"href":"https:\/\/chilpancingo.gob.mx\/portal\/wp-json\/wp\/v2\/types\/page"}],"author":[{"embeddable":true,"href":"https:\/\/chilpancingo.gob.mx\/portal\/wp-json\/wp\/v2\/users\/4"}],"replies":[{"embeddable":true,"href":"https:\/\/chilpancingo.gob.mx\/portal\/wp-json\/wp\/v2\/comments?post=2107"}],"version-history":[{"count":5,"href":"https:\/\/chilpancingo.gob.mx\/portal\/wp-json\/wp\/v2\/pages\/2107\/revisions"}],"predecessor-version":[{"id":2114,"href":"https:\/\/chilpancingo.gob.mx\/portal\/wp-json\/wp\/v2\/pages\/2107\/revisions\/2114"}],"wp:attachment":[{"href":"https:\/\/chilpancingo.gob.mx\/portal\/wp-json\/wp\/v2\/media?parent=2107"}],"curies":[{"name":"wp","href":"https:\/\/api.w.org\/{rel}","templated":true}]}}