{"id":952,"date":"2021-06-02T09:25:22","date_gmt":"2021-06-02T09:25:22","guid":{"rendered":"http:\/\/fastwpdemo.com\/newwp\/whitehall\/?page_id=952"},"modified":"2022-06-23T11:27:42","modified_gmt":"2022-06-23T16:27:42","slug":"contact","status":"publish","type":"page","link":"https:\/\/chilpancingo.gob.mx\/portal\/contact\/","title":{"rendered":"Contacto"},"content":{"rendered":"\t\t<div data-elementor-type=\"wp-page\" data-elementor-id=\"952\" class=\"elementor elementor-952\">\n\t\t\t\t\t\t<section class=\"elementor-section elementor-top-section elementor-element elementor-element-9561136 elementor-section-full_width elementor-section-height-default elementor-section-height-default\" data-id=\"9561136\" data-element_type=\"section\">\n\t\t\t\t\t\t<div class=\"elementor-container elementor-column-gap-default\">\n\t\t\t\t\t<div class=\"elementor-column elementor-col-100 elementor-top-column elementor-element elementor-element-f64b4d6\" data-id=\"f64b4d6\" data-element_type=\"column\">\n\t\t\t<div class=\"elementor-widget-wrap\">\n\t\t\t\t\t\t\t<\/div>\n\t\t<\/div>\n\t\t\t\t\t<\/div>\n\t\t<\/section>\n\t\t\t\t<section class=\"elementor-section elementor-top-section elementor-element elementor-element-942ce12 elementor-section-full_width elementor-section-height-default elementor-section-height-default\" data-id=\"942ce12\" data-element_type=\"section\">\n\t\t\t\t\t\t<div class=\"elementor-container elementor-column-gap-default\">\n\t\t\t\t\t<div class=\"elementor-column elementor-col-100 elementor-top-column elementor-element elementor-element-82f4efa\" data-id=\"82f4efa\" data-element_type=\"column\">\n\t\t\t<div class=\"elementor-widget-wrap elementor-element-populated\">\n\t\t\t\t\t\t<div class=\"elementor-element elementor-element-16bd260 elementor-widget elementor-widget-whitehall_contact_info\" data-id=\"16bd260\" data-element_type=\"widget\" data-widget_type=\"whitehall_contact_info.default\">\n\t\t\t\t<div class=\"elementor-widget-container\">\n\t\t\t\t\t        \n        <!-- contact-information -->\n        <section class=\"contact-information\">\n            <div class=\"auto-container\">\n                <div class=\"row clearfix\">\n                    <div class=\"col-lg-5 col-md-6 col-sm-12 content-column\">\n                        <div class=\"content_block_12\">\n                            <div class=\"content-box\">\n                                <div class=\"sec-title\">\n                                    <h6><i class=\"flaticon-star\"><\/i><span>Contactanos<\/span><\/h6>\n                                    <h2>Estamos para ayudarle<\/h2>\n                                    <div class=\"title-shape\"><\/div>\n                                <\/div>\n                                <div class=\"text\">\n                                    <p>Entendemos que es importante que acceda a nuestros servicios o nos contacte r\u00e1pidamente<\/p>\n                                                                        <div class=\"contact_box_n two\">\n                                        <p>\n                                            <span><i class=\"fa fa fa-map-marker\"><\/i>Direcci\u00f3n: <\/span>\n                                            Plaza C\u00edvica Primer Congreso de An\u00e1huac, C.P. 39000, Col. Centro, Chilpancingo, Guerrero.                                        <\/p>\n                                    <\/div>\n                                                                        <div class=\"contact_box_n two\">\n                                        <p>\n                                            <span><i class=\"fa fa fa-envelope\"><\/i>Email : <\/span>\n                                            contraloriainterna@chilpancingo.gob.mx                                        <\/p>\n                                    <\/div>\n                                                                        <div class=\"contact_box_n two\">\n                                        <p>\n                                            <span><i class=\"fa fa fa-phone\"><\/i>Tel\u00e9fono : <\/span>\n                                                                                    <\/p>\n                                    <\/div>\n                                                                        <div class=\"contact_box_n two\">\n                                        <p>\n                                            <span><i class=\"fa fa fa-clock\"><\/i>Horarios : <\/span>\n                                            (Lunes - Viernes) -  9.00 am - 3:00 pm                                        <\/p>\n                                    <\/div>\n                                                                    <\/div>\n\t\t\t\t\t\t\t\t\n\t\t\t\t\t\t\t\t\t\t\t\t\t\t\t\t<div class=\"social-box\">\n                                    <ul class=\"social-style-one clearfix\">\n\t\t\t\t\t\t\t\t\t\t\t\t\t\t\t\t\t\t\t\t<li><a href=\"https:\/\/www.facebook.com\/\" title=\"Facebook\" target=\"_blank\"><i class=\"fab fa fa-facebook\"><\/i><\/a><\/li>\n\t\t\t\t\t\t\t\t\t\t\t\t\t\t\t\t\t\t\t\t<li><a href=\"https:\/\/www.twitter.com\/\" title=\"Twitter\" target=\"_blank\"><i class=\"fab fa fa-twitter\"><\/i><\/a><\/li>\n\t\t\t\t\t\t\t\t\t\t\t\t\t\t\t\t\t\t\t\t<li><a href=\"https:\/\/www.pinterest.com\/\" title=\"Pinterest\" target=\"_blank\"><i class=\"fab fa fa-pinterest-p\"><\/i><\/a><\/li>\n\t\t\t\t\t\t\t\t\t\t\t\t\t\t\t\t\t\t\t\t<li><a href=\"https:\/\/www.instagram.com\/\" title=\"Instagram\" target=\"_blank\"><i class=\"fab fa fa-instagram\"><\/i><\/a><\/li>\n\t\t\t\t\t\t\t\t\t\t                                    <\/ul>\n                                <\/div>\n\t\t\t\t\t\t\t\t                            <\/div>\n                        <\/div>\n                    <\/div>\n                    \n                    <div class=\"col-lg-7 col-md-12 col-sm-12 contact-column\">\n                        <div class=\"contact_form_box\">\n                            \n                                                        <div id=\"contact-form\" class=\"default-form\">\n                                \n<div class=\"wpcf7 no-js\" id=\"wpcf7-f1278-o1\" lang=\"en-US\" dir=\"ltr\" data-wpcf7-id=\"1278\">\n<div class=\"screen-reader-response\"><p role=\"status\" aria-live=\"polite\" aria-atomic=\"true\"><\/p> <ul><\/ul><\/div>\n<form action=\"\/portal\/wp-json\/wp\/v2\/pages\/952#wpcf7-f1278-o1\" method=\"post\" class=\"wpcf7-form init\" aria-label=\"Contact form\" novalidate=\"novalidate\" data-status=\"init\">\n<div style=\"display: none;\">\n<input type=\"hidden\" name=\"_wpcf7\" value=\"1278\" \/>\n<input type=\"hidden\" name=\"_wpcf7_version\" value=\"6.0\" \/>\n<input type=\"hidden\" name=\"_wpcf7_locale\" value=\"en_US\" \/>\n<input type=\"hidden\" name=\"_wpcf7_unit_tag\" value=\"wpcf7-f1278-o1\" \/>\n<input type=\"hidden\" name=\"_wpcf7_container_post\" value=\"0\" \/>\n<input type=\"hidden\" name=\"_wpcf7_posted_data_hash\" value=\"\" \/>\n<\/div>\n<div class=\"row clearfix\">\n\t<div class=\"col-lg-6 col-md-12 col-sm-12\">\n\t\t<div class=\"form-group\">\n\t\t\t<p><span class=\"wpcf7-form-control-wrap\" data-name=\"text-389\"><input size=\"40\" maxlength=\"400\" class=\"wpcf7-form-control wpcf7-text wpcf7-validates-as-required\" aria-required=\"true\" aria-invalid=\"false\" placeholder=\"Su Nombre\" value=\"\" type=\"text\" name=\"text-389\" \/><\/span>\n\t\t\t<\/p>\n\t\t<\/div>\n\t<\/div>\n\t<div class=\"col-lg-6 col-md-12 col-sm-12\">\n\t\t<div class=\"form-group\">\n\t\t\t<p><span class=\"wpcf7-form-control-wrap\" data-name=\"email-431\"><input size=\"40\" maxlength=\"400\" class=\"wpcf7-form-control wpcf7-email wpcf7-validates-as-required wpcf7-text wpcf7-validates-as-email\" aria-required=\"true\" aria-invalid=\"false\" placeholder=\"Correo Electr\u00f3nico\" value=\"\" type=\"email\" name=\"email-431\" \/><\/span>\n\t\t\t<\/p>\n\t\t<\/div>\n\t<\/div>\n\t<div class=\"col-lg-12 col-md-12 col-sm-12\">\n\t\t<div class=\"form-group\">\n\t\t\t<p><span class=\"wpcf7-form-control-wrap\" data-name=\"text-390\"><input size=\"40\" maxlength=\"400\" class=\"wpcf7-form-control wpcf7-text\" aria-invalid=\"false\" placeholder=\"Asunto\" value=\"\" type=\"text\" name=\"text-390\" \/><\/span>\n\t\t\t<\/p>\n\t\t<\/div>\n\t<\/div>\n\t<div class=\"col-lg-12 col-md-12 col-sm-12\">\n\t\t<div class=\"form-group\">\n\t\t\t<p><span class=\"wpcf7-form-control-wrap\" data-name=\"textarea-924\"><textarea cols=\"40\" rows=\"10\" maxlength=\"2000\" class=\"wpcf7-form-control wpcf7-textarea\" aria-invalid=\"false\" placeholder=\"Escriba: Mensaje, denuncia, queja o sugerencia...\" name=\"textarea-924\"><\/textarea><\/span>\n\t\t\t<\/p>\n\t\t<\/div>\n\t\t<div class=\"message-btn\">\n\t\t\t<p><button class=\"theme-btn btn-block\" type=\"submit\" name=\"submit-form\">Env\u00edar<\/button>\n\t\t\t<\/p>\n\t\t<\/div>\n\t<\/div>\n<\/div><div class=\"wpcf7-response-output\" aria-hidden=\"true\"><\/div>\n<\/form>\n<\/div>\n                            <\/div>\n                                                    <\/div>\n                    <\/div>\n                    \n                <\/div>\n            <\/div>\n        <\/section>\n        <!-- contact-information end -->\n\n        \t\t\t\t<\/div>\n\t\t\t\t<\/div>\n\t\t\t\t\t<\/div>\n\t\t<\/div>\n\t\t\t\t\t<\/div>\n\t\t<\/section>\n\t\t\t\t<section class=\"elementor-section elementor-top-section elementor-element elementor-element-f351ceb elementor-section-full_width elementor-section-height-default elementor-section-height-default\" data-id=\"f351ceb\" data-element_type=\"section\">\n\t\t\t\t\t\t<div class=\"elementor-container elementor-column-gap-default\">\n\t\t\t\t\t<div class=\"elementor-column elementor-col-100 elementor-top-column elementor-element elementor-element-63648b8\" data-id=\"63648b8\" data-element_type=\"column\">\n\t\t\t<div class=\"elementor-widget-wrap elementor-element-populated\">\n\t\t\t\t\t\t<div class=\"elementor-element elementor-element-5f93b0b elementor-widget elementor-widget-whitehall_our_offices\" data-id=\"5f93b0b\" data-element_type=\"widget\" data-widget_type=\"whitehall_our_offices.default\">\n\t\t\t\t<div class=\"elementor-widget-container\">\n\t\t\t\t\t        \n        <!-- contact-information-two -->\n        <section class=\"contact-information-two\" style=\"background-image: url(https:\/\/chilpancingo.gob.mx\/portal\/wp-content\/uploads\/2021\/05\/download-bg.jpg);\">\n            <div class=\"layer-bg\" style=\"background-image: url(https:\/\/chilpancingo.gob.mx\/portal\/wp-content\/uploads\/2021\/05\/layer-bg-2.jpg);\"><\/div>\n            <div class=\"auto-container\">\n                <div class=\"row clearfix\">\n                    <div class=\"col-lg-6 col-md-12 col-sm-12 content-column\">\n                        <div class=\"content_block_3\">\n                            <div class=\"content-box\">\n                                <h4><i class=\"icon flaticon-emergency-call-1\"><\/i>9-1-1 EMERGENCIAS <br \/> N\u00fameros de tel\u00e9fono para tener a mano\n<\/h4>\n                                <h2>N\u00fameros de tel\u00e9fono de emergencia que debe conocer\n<\/h2>\n\t\t\t\t\t\t\t\t\n\t\t\t\t\t\t\t\t                                <div class=\"btn-box\"><a href=\"#\" class=\"theme-btn style-two\">Imprimir<\/a><\/div>\n\t\t\t\t\t\t\t\t                            <\/div>\n                        <\/div>\n                    <\/div>\n                    <div class=\"col-lg-6 col-md-12 col-sm-12 inner-column\">\n                        <div class=\"inner-content\">\n                            <div class=\"two-column-carousel owl-carousel owl-theme owl-nav-none\">\n                                                                <div class=\"single-item\">\n                                    <h4>Tr\u00e1nsito y Vialidad<\/h4>\n                                    <ul class=\"info clearfix\">\n                                        <li>\n                                            <p><a href=\"tel:7474724879\">747 472 48 79<\/a><br \/><a href=\"mailto:\"><\/a><\/p>\n                                        <\/li>\n                                        <li>\n                                            <p><\/p>\n                                        <\/li>\n                                    <\/ul>\n\t\t\t\t\t\t\t\t\t\n\t\t\t\t\t\t\t\t\t                                <\/div>\n\t\t\t\t\t\t\t\t                                <div class=\"single-item\">\n                                    <h4>Polic\u00eda Preventiva<\/h4>\n                                    <ul class=\"info clearfix\">\n                                        <li>\n                                            <p><a href=\"tel:7474722062\">747 47 2 20 62<\/a><br \/><a href=\"mailto:\"><\/a><\/p>\n                                        <\/li>\n                                        <li>\n                                            <p>747 47 2 41 15<\/p>\n                                        <\/li>\n                                    <\/ul>\n\t\t\t\t\t\t\t\t\t\n\t\t\t\t\t\t\t\t\t                                <\/div>\n\t\t\t\t\t\t\t\t                                <div class=\"single-item\">\n                                    <h4>Bomberos<\/h4>\n                                    <ul class=\"info clearfix\">\n                                        <li>\n                                            <p><a href=\"tel:7474722280\">747 47 2 22 80<\/a><br \/><a href=\"mailto:\"><\/a><\/p>\n                                        <\/li>\n                                        <li>\n                                            <p><\/p>\n                                        <\/li>\n                                    <\/ul>\n\t\t\t\t\t\t\t\t\t\n\t\t\t\t\t\t\t\t\t                                <\/div>\n\t\t\t\t\t\t\t\t                                <div class=\"single-item\">\n                                    <h4>Protecci\u00f3n Civil<\/h4>\n                                    <ul class=\"info clearfix\">\n                                        <li>\n                                            <p><a href=\"tel:7474949732\">747 49 4 97 32<\/a><br \/><a href=\"mailto:\"><\/a><\/p>\n                                        <\/li>\n                                        <li>\n                                            <p><\/p>\n                                        <\/li>\n                                    <\/ul>\n\t\t\t\t\t\t\t\t\t\n\t\t\t\t\t\t\t\t\t                                <\/div>\n\t\t\t\t\t\t\t\t                            <\/div>\n                        <\/div>\n                    <\/div>\n                <\/div>\n            <\/div>\n        <\/section>\n        <!-- contact-information-two end -->\n\n        \t\t\t\t<\/div>\n\t\t\t\t<\/div>\n\t\t\t\t<div class=\"elementor-element elementor-element-ccc66eb elementor-widget elementor-widget-google_maps\" data-id=\"ccc66eb\" data-element_type=\"widget\" data-widget_type=\"google_maps.default\">\n\t\t\t\t<div class=\"elementor-widget-container\">\n\t\t\t\t\t\t\t<div class=\"elementor-custom-embed\">\n\t\t\t<iframe loading=\"lazy\"\n\t\t\t\t\tsrc=\"https:\/\/maps.google.com\/maps?q=Chilpancingo%20de%20los%20Bravo%2C%20Guerrero%2C%20M%C3%A9xico&#038;t=m&#038;z=15&#038;output=embed&#038;iwloc=near\"\n\t\t\t\t\ttitle=\"Chilpancingo de los Bravo, Guerrero, M\u00e9xico\"\n\t\t\t\t\taria-label=\"Chilpancingo de los Bravo, Guerrero, M\u00e9xico\"\n\t\t\t><\/iframe>\n\t\t<\/div>\n\t\t\t\t\t\t<\/div>\n\t\t\t\t<\/div>\n\t\t\t\t\t<\/div>\n\t\t<\/div>\n\t\t\t\t\t<\/div>\n\t\t<\/section>\n\t\t\t\t<\/div>\n\t\t","protected":false},"excerpt":{"rendered":"<p>Contactanos Estamos para ayudarle Entendemos que es importante que acceda a nuestros servicios o nos contacte r\u00e1pidamente Direcci\u00f3n: Plaza C\u00edvica Primer Congreso de An\u00e1huac, C.P. 39000, Col. Centro, Chilpancingo, Guerrero. [&hellip;]<\/p>\n","protected":false},"author":4,"featured_media":0,"parent":0,"menu_order":0,"comment_status":"closed","ping_status":"closed","template":"tpl-default-elementor.php","meta":{"pgc_sgb_lightbox_settings":"","footnotes":""},"class_list":["post-952","page","type-page","status-publish","hentry"],"yoast_head":"<!-- This site is optimized with the Yoast SEO plugin v23.8 - https:\/\/yoast.com\/wordpress\/plugins\/seo\/ -->\n<title>Contacto<\/title>\n<meta name=\"robots\" content=\"index, follow, max-snippet:-1, max-image-preview:large, max-video-preview:-1\" \/>\n<link rel=\"canonical\" href=\"https:\/\/chilpancingo.gob.mx\/portal\/contact\/\" \/>\n<meta property=\"og:locale\" content=\"es_MX\" \/>\n<meta property=\"og:type\" content=\"article\" \/>\n<meta property=\"og:title\" content=\"Contacto\" \/>\n<meta property=\"og:description\" content=\"Contactanos Estamos para ayudarle Entendemos que es importante que acceda a nuestros servicios o nos contacte r\u00e1pidamente Direcci\u00f3n: Plaza C\u00edvica Primer Congreso de An\u00e1huac, C.P. 39000, Col. Centro, Chilpancingo, Guerrero. [&hellip;]\" \/>\n<meta property=\"og:url\" content=\"https:\/\/chilpancingo.gob.mx\/portal\/contact\/\" \/>\n<meta property=\"og:site_name\" content=\"H. Ayuntamiento de Chilpancingo de los Bravo\" \/>\n<meta property=\"article:publisher\" content=\"https:\/\/www.facebook.com\/AyuntamientodeChilpancingo\" \/>\n<meta property=\"article:modified_time\" content=\"2022-06-23T16:27:42+00:00\" \/>\n<meta property=\"og:image\" content=\"https:\/\/chilpancingo.gob.mx\/portal\/wp-content\/uploads\/2021\/09\/Logo-Oficial-Capital-de-cultura-y-progreso.png\" \/>\n\t<meta property=\"og:image:width\" content=\"1200\" \/>\n\t<meta property=\"og:image:height\" content=\"623\" \/>\n\t<meta property=\"og:image:type\" content=\"image\/png\" \/>\n<meta name=\"twitter:card\" content=\"summary_large_image\" \/>\n<meta name=\"twitter:site\" content=\"@otilia_norma\" \/>\n<script type=\"application\/ld+json\" class=\"yoast-schema-graph\">{\"@context\":\"https:\/\/schema.org\",\"@graph\":[{\"@type\":\"WebPage\",\"@id\":\"https:\/\/chilpancingo.gob.mx\/portal\/contact\/\",\"url\":\"https:\/\/chilpancingo.gob.mx\/portal\/contact\/\",\"name\":\"Contacto\",\"isPartOf\":{\"@id\":\"https:\/\/chilpancingo.gob.mx\/portal\/#website\"},\"datePublished\":\"2021-06-02T09:25:22+00:00\",\"dateModified\":\"2022-06-23T16:27:42+00:00\",\"breadcrumb\":{\"@id\":\"https:\/\/chilpancingo.gob.mx\/portal\/contact\/#breadcrumb\"},\"inLanguage\":\"es\",\"potentialAction\":[{\"@type\":\"ReadAction\",\"target\":[\"https:\/\/chilpancingo.gob.mx\/portal\/contact\/\"]}]},{\"@type\":\"BreadcrumbList\",\"@id\":\"https:\/\/chilpancingo.gob.mx\/portal\/contact\/#breadcrumb\",\"itemListElement\":[{\"@type\":\"ListItem\",\"position\":1,\"name\":\"Inicio\",\"item\":\"https:\/\/chilpancingo.gob.mx\/portal\/\"},{\"@type\":\"ListItem\",\"position\":2,\"name\":\"Contacto\"}]},{\"@type\":\"WebSite\",\"@id\":\"https:\/\/chilpancingo.gob.mx\/portal\/#website\",\"url\":\"https:\/\/chilpancingo.gob.mx\/portal\/\",\"name\":\"H. Ayuntamiento de Chilpancingo de los Bravo\",\"description\":\"Chilpancingo de los Bravo  2024 - 2027\",\"publisher\":{\"@id\":\"https:\/\/chilpancingo.gob.mx\/portal\/#organization\"},\"potentialAction\":[{\"@type\":\"SearchAction\",\"target\":{\"@type\":\"EntryPoint\",\"urlTemplate\":\"https:\/\/chilpancingo.gob.mx\/portal\/?s={search_term_string}\"},\"query-input\":{\"@type\":\"PropertyValueSpecification\",\"valueRequired\":true,\"valueName\":\"search_term_string\"}}],\"inLanguage\":\"es\"},{\"@type\":\"Organization\",\"@id\":\"https:\/\/chilpancingo.gob.mx\/portal\/#organization\",\"name\":\"Municipio de Chilpancingo de los Bravo\",\"url\":\"https:\/\/chilpancingo.gob.mx\/portal\/\",\"logo\":{\"@type\":\"ImageObject\",\"inLanguage\":\"es\",\"@id\":\"https:\/\/chilpancingo.gob.mx\/portal\/#\/schema\/logo\/image\/\",\"url\":\"https:\/\/chilpancingo.gob.mx\/portal\/wp-content\/uploads\/2021\/09\/Logo-Oficial-Capital-de-cultura-y-progreso.png\",\"contentUrl\":\"https:\/\/chilpancingo.gob.mx\/portal\/wp-content\/uploads\/2021\/09\/Logo-Oficial-Capital-de-cultura-y-progreso.png\",\"width\":1200,\"height\":623,\"caption\":\"Municipio de Chilpancingo de los Bravo\"},\"image\":{\"@id\":\"https:\/\/chilpancingo.gob.mx\/portal\/#\/schema\/logo\/image\/\"},\"sameAs\":[\"https:\/\/www.facebook.com\/AyuntamientodeChilpancingo\",\"https:\/\/x.com\/otilia_norma\"]}]}<\/script>\n<!-- \/ Yoast SEO plugin. -->","yoast_head_json":{"title":"Contacto","robots":{"index":"index","follow":"follow","max-snippet":"max-snippet:-1","max-image-preview":"max-image-preview:large","max-video-preview":"max-video-preview:-1"},"canonical":"https:\/\/chilpancingo.gob.mx\/portal\/contact\/","og_locale":"es_MX","og_type":"article","og_title":"Contacto","og_description":"Contactanos Estamos para ayudarle Entendemos que es importante que acceda a nuestros servicios o nos contacte r\u00e1pidamente Direcci\u00f3n: Plaza C\u00edvica Primer Congreso de An\u00e1huac, C.P. 39000, Col. Centro, Chilpancingo, Guerrero. [&hellip;]","og_url":"https:\/\/chilpancingo.gob.mx\/portal\/contact\/","og_site_name":"H. Ayuntamiento de Chilpancingo de los Bravo","article_publisher":"https:\/\/www.facebook.com\/AyuntamientodeChilpancingo","article_modified_time":"2022-06-23T16:27:42+00:00","og_image":[{"width":1200,"height":623,"url":"https:\/\/chilpancingo.gob.mx\/portal\/wp-content\/uploads\/2021\/09\/Logo-Oficial-Capital-de-cultura-y-progreso.png","type":"image\/png"}],"twitter_card":"summary_large_image","twitter_site":"@otilia_norma","schema":{"@context":"https:\/\/schema.org","@graph":[{"@type":"WebPage","@id":"https:\/\/chilpancingo.gob.mx\/portal\/contact\/","url":"https:\/\/chilpancingo.gob.mx\/portal\/contact\/","name":"Contacto","isPartOf":{"@id":"https:\/\/chilpancingo.gob.mx\/portal\/#website"},"datePublished":"2021-06-02T09:25:22+00:00","dateModified":"2022-06-23T16:27:42+00:00","breadcrumb":{"@id":"https:\/\/chilpancingo.gob.mx\/portal\/contact\/#breadcrumb"},"inLanguage":"es","potentialAction":[{"@type":"ReadAction","target":["https:\/\/chilpancingo.gob.mx\/portal\/contact\/"]}]},{"@type":"BreadcrumbList","@id":"https:\/\/chilpancingo.gob.mx\/portal\/contact\/#breadcrumb","itemListElement":[{"@type":"ListItem","position":1,"name":"Inicio","item":"https:\/\/chilpancingo.gob.mx\/portal\/"},{"@type":"ListItem","position":2,"name":"Contacto"}]},{"@type":"WebSite","@id":"https:\/\/chilpancingo.gob.mx\/portal\/#website","url":"https:\/\/chilpancingo.gob.mx\/portal\/","name":"H. Ayuntamiento de Chilpancingo de los Bravo","description":"Chilpancingo de los Bravo  2024 - 2027","publisher":{"@id":"https:\/\/chilpancingo.gob.mx\/portal\/#organization"},"potentialAction":[{"@type":"SearchAction","target":{"@type":"EntryPoint","urlTemplate":"https:\/\/chilpancingo.gob.mx\/portal\/?s={search_term_string}"},"query-input":{"@type":"PropertyValueSpecification","valueRequired":true,"valueName":"search_term_string"}}],"inLanguage":"es"},{"@type":"Organization","@id":"https:\/\/chilpancingo.gob.mx\/portal\/#organization","name":"Municipio de Chilpancingo de los Bravo","url":"https:\/\/chilpancingo.gob.mx\/portal\/","logo":{"@type":"ImageObject","inLanguage":"es","@id":"https:\/\/chilpancingo.gob.mx\/portal\/#\/schema\/logo\/image\/","url":"https:\/\/chilpancingo.gob.mx\/portal\/wp-content\/uploads\/2021\/09\/Logo-Oficial-Capital-de-cultura-y-progreso.png","contentUrl":"https:\/\/chilpancingo.gob.mx\/portal\/wp-content\/uploads\/2021\/09\/Logo-Oficial-Capital-de-cultura-y-progreso.png","width":1200,"height":623,"caption":"Municipio de Chilpancingo de los Bravo"},"image":{"@id":"https:\/\/chilpancingo.gob.mx\/portal\/#\/schema\/logo\/image\/"},"sameAs":["https:\/\/www.facebook.com\/AyuntamientodeChilpancingo","https:\/\/x.com\/otilia_norma"]}]}},"_links":{"self":[{"href":"https:\/\/chilpancingo.gob.mx\/portal\/wp-json\/wp\/v2\/pages\/952","targetHints":{"allow":["GET"]}}],"collection":[{"href":"https:\/\/chilpancingo.gob.mx\/portal\/wp-json\/wp\/v2\/pages"}],"about":[{"href":"https:\/\/chilpancingo.gob.mx\/portal\/wp-json\/wp\/v2\/types\/page"}],"author":[{"embeddable":true,"href":"https:\/\/chilpancingo.gob.mx\/portal\/wp-json\/wp\/v2\/users\/4"}],"replies":[{"embeddable":true,"href":"https:\/\/chilpancingo.gob.mx\/portal\/wp-json\/wp\/v2\/comments?post=952"}],"version-history":[{"count":53,"href":"https:\/\/chilpancingo.gob.mx\/portal\/wp-json\/wp\/v2\/pages\/952\/revisions"}],"predecessor-version":[{"id":4572,"href":"https:\/\/chilpancingo.gob.mx\/portal\/wp-json\/wp\/v2\/pages\/952\/revisions\/4572"}],"wp:attachment":[{"href":"https:\/\/chilpancingo.gob.mx\/portal\/wp-json\/wp\/v2\/media?parent=952"}],"curies":[{"name":"wp","href":"https:\/\/api.w.org\/{rel}","templated":true}]}}