{"id":11093,"date":"2022-10-22T19:51:11","date_gmt":"2022-10-23T00:51:11","guid":{"rendered":"https:\/\/chilpancingo.gob.mx\/transparencia\/?page_id=11093"},"modified":"2024-09-10T12:52:37","modified_gmt":"2024-09-10T18:52:37","slug":"informes","status":"publish","type":"page","link":"https:\/\/chilpancingo.gob.mx\/transparencia\/informes\/","title":{"rendered":"Informes"},"content":{"rendered":"\t\t<div data-elementor-type=\"wp-page\" data-elementor-id=\"11093\" class=\"elementor elementor-11093\">\n\t\t\t\t\t\t<section class=\"elementor-section elementor-top-section elementor-element elementor-element-9895fd5 elementor-section-boxed elementor-section-height-default elementor-section-height-default\" data-id=\"9895fd5\" data-element_type=\"section\">\n\t\t\t\t\t\t<div class=\"elementor-container elementor-column-gap-default\">\n\t\t\t\t\t<div class=\"elementor-column elementor-col-100 elementor-top-column elementor-element elementor-element-a587a5c\" data-id=\"a587a5c\" data-element_type=\"column\">\n\t\t\t<div class=\"elementor-widget-wrap elementor-element-populated\">\n\t\t\t\t\t\t<div class=\"elementor-element elementor-element-13d3d05 elementor-widget elementor-widget-heading\" data-id=\"13d3d05\" data-element_type=\"widget\" data-widget_type=\"heading.default\">\n\t\t\t\t<div class=\"elementor-widget-container\">\n\t\t\t\t\t<h4 class=\"elementor-heading-title elementor-size-default\">INFORME DE ACTIVIDADES<\/h4>\t\t\t\t<\/div>\n\t\t\t\t<\/div>\n\t\t\t\t\t<\/div>\n\t\t<\/div>\n\t\t\t\t\t<\/div>\n\t\t<\/section>\n\t\t\t\t<section class=\"elementor-section elementor-top-section elementor-element elementor-element-56d6d37 elementor-section-boxed elementor-section-height-default elementor-section-height-default\" data-id=\"56d6d37\" data-element_type=\"section\">\n\t\t\t\t\t\t<div class=\"elementor-container elementor-column-gap-default\">\n\t\t\t\t\t<div class=\"elementor-column elementor-col-100 elementor-top-column elementor-element elementor-element-17da7d2\" data-id=\"17da7d2\" data-element_type=\"column\">\n\t\t\t<div class=\"elementor-widget-wrap elementor-element-populated\">\n\t\t\t\t\t\t<div class=\"elementor-element elementor-element-5e4d66e elementor-widget elementor-widget-text-editor\" data-id=\"5e4d66e\" data-element_type=\"widget\" data-widget_type=\"text-editor.default\">\n\t\t\t\t<div class=\"elementor-widget-container\">\n\t\t\t\t\t\t\t\t\t<p style=\"margin-top: 20px;\"><a style=\"margin-top: 20px;\" href=\"https:\/\/chilpancingo.gob.mx\/transparencia\/wp-content\/uploads\/2022\/10\/Informe_Chilpancingo_de_los_Bravo-1.pdf\" target=\"_blank\" rel=\"noopener\"><i class=\"fa fa-file-pdf\"><\/i> Presidencia<\/a><\/p>\n<p style=\"margin-top: 20px;\"><a style=\"margin-top: 20px;\" href=\"https:\/\/chilpancingo.gob.mx\/transparencia\/wp-content\/uploads\/2022\/10\/1er-INFORME-SINDICATURA.pdf\" target=\"_blank\" rel=\"noopener\"><i class=\"fa fa-file-pdf\"><\/i> Primera Sindicatura<\/a><\/p>\n<p style=\"margin-top: 20px;\"><a style=\"margin-top: 20px;\" href=\"https:\/\/chilpancingo.gob.mx\/transparencia\/wp-content\/uploads\/2022\/10\/1er-INFORME-DE-ACTIVIDADES-2DA-SINDICA.pdf\" target=\"_blank\" rel=\"noopener\"><i class=\"fa fa-file-pdf\"><\/i> Segunda Sindicatura<\/a><\/p>\n<p style=\"margin-top: 20px;\"><a style=\"margin-top: 20px;\" href=\"https:\/\/chilpancingo.gob.mx\/transparencia\/wp-content\/uploads\/2022\/11\/INFORME-REGIDORA-NESHME-AZAR.pdf\" target=\"_blank\" rel=\"noopener\"><i class=\"fa fa-file-pdf\"><\/i> Regidur\u00eda de Gobernaci\u00f3n, Comercio y Abasto Popular<\/a><\/p>\n<p style=\"margin-top: 20px;\"><a style=\"margin-top: 20px;\" href=\"https:\/\/chilpancingo.gob.mx\/transparencia\/wp-content\/uploads\/2023\/01\/Informe-Regidor-de-Obras-Publicas-2021_2022.pdf\" target=\"_blank\" rel=\"noopener\"><i class=\"fa fa-file-pdf\"><\/i> Regidur\u00eda de Obras P\u00fablicas 2021-2022<\/a><\/p>\n<p style=\"margin-top: 20px;\"><a style=\"margin-top: 20px;\" href=\"https:\/\/chilpancingo.gob.mx\/transparencia\/wp-content\/uploads\/2023\/01\/Primer-Informe-Regiduria-de-Seguridad-Publica-2021-2022.pdf\" target=\"_blank\" rel=\"noopener\"><i class=\"fa fa-file-pdf\"><\/i> Regidur\u00eda de Seguridad P\u00fablica y Protecci\u00f3n Civil 2021-2022<\/a><\/p>\n<p style=\"margin-top: 20px;\"><a style=\"margin-top: 20px;\" href=\"https:\/\/chilpancingo.gob.mx\/transparencia\/wp-content\/uploads\/2023\/02\/INFORME-REGIDOR-JESUS.pptx\" target=\"_blank\" rel=\"noopener\"><i class=\"fa fa-file-pdf\"><\/i> Regidur\u00eda de Desarrollo y Bienestar Social<\/a><\/p>\n<p style=\"margin-top: 20px;\"><a style=\"margin-top: 20px;\" href=\"https:\/\/chilpancingo.gob.mx\/transparencia\/wp-content\/uploads\/2023\/02\/INFORME-DE-REGIDURIA-DE-HACIENDA.pdf\" target=\"_blank\" rel=\"noopener\"><i class=\"fa fa-file-pdf\"><\/i> Regidur\u00eda de Hacienda<\/a><\/p>\n<p style=\"margin-top: 20px;\"><a style=\"margin-top: 20px;\" href=\"https:\/\/chilpancingo.gob.mx\/transparencia\/wp-content\/uploads\/2023\/11\/2do_Informe_Chilpancingo.pdf\" target=\"_blank\" rel=\"noopener\"><i class=\"fa fa-file-pdf\"><\/i> 2do. Informe de Gobierno<\/a><\/p>\n<p style=\"margin-top: 20px;\"><a style=\"margin-top: 20px;\" href=\"https:\/\/chilpancingo.gob.mx\/transparencia\/wp-content\/uploads\/2024\/08\/3er-Informe-de-Gobierno.pdf\" target=\"_blank\" rel=\"noopener\"><i class=\"fa fa-file-pdf\"><\/i> 3er. Informe de Gobierno<\/a><\/p>\n\n\n<p style=\"margin-top: 20px;\"><a style=\"margin-top: 20px;\" href=\"https:\/\/chilpancingo.gob.mx\/transparencia\/wp-content\/uploads\/2024\/09\/Primer-Informe-Regidora.pdf\" target=\"_blank\" rel=\"noopener\"><i class=\"fa fa-file-pdf\"><\/i> 1er. Informe de Actividades &#8211; Regidur\u00eda de Seguridad P\u00fablica y Protecci\u00f3n Civil<\/a><\/p>\n\n<p style=\"margin-top: 20px;\"><a style=\"margin-top: 20px;\" href=\"https:\/\/chilpancingo.gob.mx\/transparencia\/wp-content\/uploads\/2024\/09\/Segundo-Informe-RSPyPC.pdf\" target=\"_blank\" rel=\"noopener\"><i class=\"fa fa-file-pdf\"><\/i> 2do. Informe de Actividades &#8211; Regidur\u00eda de Seguridad P\u00fablica y Protecci\u00f3n Civil<\/a><\/p>\t\t\t\t\t\t\t\t<\/div>\n\t\t\t\t<\/div>\n\t\t\t\t\t<\/div>\n\t\t<\/div>\n\t\t\t\t\t<\/div>\n\t\t<\/section>\n\t\t\t\t<\/div>\n\t\t","protected":false},"excerpt":{"rendered":"<p>INFORME DE ACTIVIDADES Presidencia Primera Sindicatura Segunda Sindicatura Regidur\u00eda de Gobernaci\u00f3n, Comercio y Abasto Popular Regidur\u00eda de Obras P\u00fablicas 2021-2022 Regidur\u00eda de Seguridad P\u00fablica y Protecci\u00f3n Civil 2021-2022 Regidur\u00eda de [&hellip;]<\/p>\n","protected":false},"author":1,"featured_media":0,"parent":0,"menu_order":0,"comment_status":"closed","ping_status":"closed","template":"","meta":{"footnotes":"","_links_to":"","_links_to_target":""},"class_list":["post-11093","page","type-page","status-publish","hentry"],"jetpack_sharing_enabled":true,"_links":{"self":[{"href":"https:\/\/chilpancingo.gob.mx\/transparencia\/wp-json\/wp\/v2\/pages\/11093","targetHints":{"allow":["GET"]}}],"collection":[{"href":"https:\/\/chilpancingo.gob.mx\/transparencia\/wp-json\/wp\/v2\/pages"}],"about":[{"href":"https:\/\/chilpancingo.gob.mx\/transparencia\/wp-json\/wp\/v2\/types\/page"}],"author":[{"embeddable":true,"href":"https:\/\/chilpancingo.gob.mx\/transparencia\/wp-json\/wp\/v2\/users\/1"}],"replies":[{"embeddable":true,"href":"https:\/\/chilpancingo.gob.mx\/transparencia\/wp-json\/wp\/v2\/comments?post=11093"}],"version-history":[{"count":10,"href":"https:\/\/chilpancingo.gob.mx\/transparencia\/wp-json\/wp\/v2\/pages\/11093\/revisions"}],"predecessor-version":[{"id":18964,"href":"https:\/\/chilpancingo.gob.mx\/transparencia\/wp-json\/wp\/v2\/pages\/11093\/revisions\/18964"}],"wp:attachment":[{"href":"https:\/\/chilpancingo.gob.mx\/transparencia\/wp-json\/wp\/v2\/media?parent=11093"}],"curies":[{"name":"wp","href":"https:\/\/api.w.org\/{rel}","templated":true}]}}