{"id":12465,"date":"2023-01-31T13:20:41","date_gmt":"2023-01-31T19:20:41","guid":{"rendered":"https:\/\/chilpancingo.gob.mx\/transparencia\/?page_id=12465"},"modified":"2023-11-21T14:57:00","modified_gmt":"2023-11-21T20:57:00","slug":"materiales-de-difusion","status":"publish","type":"page","link":"https:\/\/chilpancingo.gob.mx\/transparencia\/materiales-de-difusion\/","title":{"rendered":"Materiales de Difusi\u00f3n"},"content":{"rendered":"\t\t<div data-elementor-type=\"wp-page\" data-elementor-id=\"12465\" class=\"elementor elementor-12465\">\n\t\t\t\t\t\t<section class=\"elementor-section elementor-top-section elementor-element elementor-element-9895fd5 elementor-section-boxed elementor-section-height-default elementor-section-height-default\" data-id=\"9895fd5\" data-element_type=\"section\">\n\t\t\t\t\t\t<div class=\"elementor-container elementor-column-gap-default\">\n\t\t\t\t\t<div class=\"elementor-column elementor-col-100 elementor-top-column elementor-element elementor-element-a587a5c\" data-id=\"a587a5c\" data-element_type=\"column\">\n\t\t\t<div class=\"elementor-widget-wrap elementor-element-populated\">\n\t\t\t\t\t\t<div class=\"elementor-element elementor-element-13d3d05 elementor-widget elementor-widget-heading\" data-id=\"13d3d05\" data-element_type=\"widget\" data-widget_type=\"heading.default\">\n\t\t\t\t<div class=\"elementor-widget-container\">\n\t\t\t\t\t<h4 class=\"elementor-heading-title elementor-size-default\">MATERIALES DE DIFUSI\u00d3N<\/h4>\t\t\t\t<\/div>\n\t\t\t\t<\/div>\n\t\t\t\t\t<\/div>\n\t\t<\/div>\n\t\t\t\t\t<\/div>\n\t\t<\/section>\n\t\t\t\t<section class=\"elementor-section elementor-top-section elementor-element elementor-element-863151a elementor-section-full_width elementor-section-height-default elementor-section-height-default\" data-id=\"863151a\" data-element_type=\"section\">\n\t\t\t\t\t\t<div class=\"elementor-container elementor-column-gap-default\">\n\t\t\t\t\t<div class=\"elementor-column elementor-col-50 elementor-top-column elementor-element elementor-element-539d1e4\" data-id=\"539d1e4\" data-element_type=\"column\">\n\t\t\t<div class=\"elementor-widget-wrap elementor-element-populated\">\n\t\t\t\t\t\t<div class=\"elementor-element elementor-element-05f5f57 elementor-widget elementor-widget-heading\" data-id=\"05f5f57\" data-element_type=\"widget\" data-widget_type=\"heading.default\">\n\t\t\t\t<div class=\"elementor-widget-container\">\n\t\t\t\t\t<h5 class=\"elementor-heading-title elementor-size-default\">\u00a1Preg\u00fantanos!<\/h5>\t\t\t\t<\/div>\n\t\t\t\t<\/div>\n\t\t\t\t<div class=\"elementor-element elementor-element-23929dc elementor-widget elementor-widget-image-gallery\" data-id=\"23929dc\" data-element_type=\"widget\" data-widget_type=\"image-gallery.default\">\n\t\t\t\t<div class=\"elementor-widget-container\">\n\t\t\t\t\t\t\t<div class=\"elementor-image-gallery\">\n\t\t\t<div class=\"tiled-gallery type-rectangular tiled-gallery-unresized\" data-original-width=\"525\" data-carousel-extra='null' itemscope itemtype=\"http:\/\/schema.org\/ImageGallery\" > <div class=\"gallery-row\" style=\"width: 525px; height: 808px;\" data-original-width=\"525\" data-original-height=\"808\" > <div class=\"gallery-group images-1\" style=\"width: 525px; height: 808px;\" data-original-width=\"525\" data-original-height=\"808\" > <div class=\"tiled-gallery-item tiled-gallery-item-large\" itemprop=\"associatedMedia\" itemscope itemtype=\"http:\/\/schema.org\/ImageObject\"> <a href=\"https:\/\/i0.wp.com\/chilpancingo.gob.mx\/transparencia\/wp-content\/uploads\/2023\/01\/1.1.Preguntanos-Good.jpeg?ssl=1\" border=\"0\" itemprop=\"url\"> <meta itemprop=\"width\" content=\"521\"> <meta itemprop=\"height\" content=\"804\"> <img loading=\"lazy\" decoding=\"async\" class=\"\" data-attachment-id=\"12511\" data-orig-file=\"https:\/\/chilpancingo.gob.mx\/transparencia\/wp-content\/uploads\/2023\/01\/1.1.Preguntanos-Good.jpeg\" data-orig-size=\"829,1280\" data-comments-opened=\"1\" data-image-meta=\"{&quot;aperture&quot;:&quot;0&quot;,&quot;credit&quot;:&quot;&quot;,&quot;camera&quot;:&quot;&quot;,&quot;caption&quot;:&quot;&quot;,&quot;created_timestamp&quot;:&quot;0&quot;,&quot;copyright&quot;:&quot;&quot;,&quot;focal_length&quot;:&quot;0&quot;,&quot;iso&quot;:&quot;0&quot;,&quot;shutter_speed&quot;:&quot;0&quot;,&quot;title&quot;:&quot;&quot;,&quot;orientation&quot;:&quot;0&quot;}\" data-image-title=\"1.1.Preguntanos Good\" data-image-description=\"\" data-medium-file=\"https:\/\/i0.wp.com\/chilpancingo.gob.mx\/transparencia\/wp-content\/uploads\/2023\/01\/1.1.Preguntanos-Good.jpeg?fit=194%2C300&#038;ssl=1\" data-large-file=\"https:\/\/i0.wp.com\/chilpancingo.gob.mx\/transparencia\/wp-content\/uploads\/2023\/01\/1.1.Preguntanos-Good.jpeg?fit=525%2C811&#038;ssl=1\" src=\"https:\/\/i0.wp.com\/chilpancingo.gob.mx\/transparencia\/wp-content\/uploads\/2023\/01\/1.1.Preguntanos-Good.jpeg?w=521&#038;h=804&#038;ssl=1\" srcset=\"https:\/\/i0.wp.com\/chilpancingo.gob.mx\/transparencia\/wp-content\/uploads\/2023\/01\/1.1.Preguntanos-Good.jpeg?w=829&amp;ssl=1 829w, https:\/\/i0.wp.com\/chilpancingo.gob.mx\/transparencia\/wp-content\/uploads\/2023\/01\/1.1.Preguntanos-Good.jpeg?resize=194%2C300&amp;ssl=1 194w, https:\/\/i0.wp.com\/chilpancingo.gob.mx\/transparencia\/wp-content\/uploads\/2023\/01\/1.1.Preguntanos-Good.jpeg?resize=663%2C1024&amp;ssl=1 663w, https:\/\/i0.wp.com\/chilpancingo.gob.mx\/transparencia\/wp-content\/uploads\/2023\/01\/1.1.Preguntanos-Good.jpeg?resize=768%2C1186&amp;ssl=1 768w\" width=\"521\" height=\"804\" loading=\"lazy\" data-original-width=\"521\" data-original-height=\"804\" itemprop=\"http:\/\/schema.org\/image\" title=\"1.1.Preguntanos Good\" alt=\"1.1.Preguntanos Good\" style=\"width: 521px; height: 804px;\" \/> <\/a> <\/div> <\/div> <!-- close group --> <\/div> <!-- close row --> <\/div>\t\t<\/div>\n\t\t\t\t\t\t<\/div>\n\t\t\t\t<\/div>\n\t\t\t\t\t<\/div>\n\t\t<\/div>\n\t\t\t\t<div class=\"elementor-column elementor-col-50 elementor-top-column elementor-element elementor-element-dbad8a9\" data-id=\"dbad8a9\" data-element_type=\"column\">\n\t\t\t<div class=\"elementor-widget-wrap elementor-element-populated\">\n\t\t\t\t\t\t<div class=\"elementor-element elementor-element-9e292be elementor-widget elementor-widget-heading\" data-id=\"9e292be\" data-element_type=\"widget\" data-widget_type=\"heading.default\">\n\t\t\t\t<div class=\"elementor-widget-container\">\n\t\t\t\t\t<h5 class=\"elementor-heading-title elementor-size-default\">C\u00f3mo hacer una solicitud en 3 pasos<\/h5>\t\t\t\t<\/div>\n\t\t\t\t<\/div>\n\t\t\t\t<div class=\"elementor-element elementor-element-2619598 elementor-widget elementor-widget-image-gallery\" data-id=\"2619598\" data-element_type=\"widget\" data-widget_type=\"image-gallery.default\">\n\t\t\t\t<div class=\"elementor-widget-container\">\n\t\t\t\t\t\t\t<div class=\"elementor-image-gallery\">\n\t\t\t<div class=\"tiled-gallery type-rectangular tiled-gallery-unresized\" data-original-width=\"525\" data-carousel-extra='null' itemscope itemtype=\"http:\/\/schema.org\/ImageGallery\" > <div class=\"gallery-row\" style=\"width: 525px; height: 808px;\" data-original-width=\"525\" data-original-height=\"808\" > <div class=\"gallery-group images-1\" style=\"width: 525px; height: 808px;\" data-original-width=\"525\" data-original-height=\"808\" > <div class=\"tiled-gallery-item tiled-gallery-item-large\" itemprop=\"associatedMedia\" itemscope itemtype=\"http:\/\/schema.org\/ImageObject\"> <a href=\"https:\/\/i0.wp.com\/chilpancingo.gob.mx\/transparencia\/wp-content\/uploads\/2023\/01\/2.-Como-hacer-una-solicitud.jpeg?ssl=1\" border=\"0\" itemprop=\"url\"> <meta itemprop=\"width\" content=\"521\"> <meta itemprop=\"height\" content=\"804\"> <img loading=\"lazy\" decoding=\"async\" class=\"\" data-attachment-id=\"12469\" data-orig-file=\"https:\/\/chilpancingo.gob.mx\/transparencia\/wp-content\/uploads\/2023\/01\/2.-Como-hacer-una-solicitud.jpeg\" data-orig-size=\"829,1280\" data-comments-opened=\"1\" data-image-meta=\"{&quot;aperture&quot;:&quot;0&quot;,&quot;credit&quot;:&quot;&quot;,&quot;camera&quot;:&quot;&quot;,&quot;caption&quot;:&quot;&quot;,&quot;created_timestamp&quot;:&quot;0&quot;,&quot;copyright&quot;:&quot;&quot;,&quot;focal_length&quot;:&quot;0&quot;,&quot;iso&quot;:&quot;0&quot;,&quot;shutter_speed&quot;:&quot;0&quot;,&quot;title&quot;:&quot;&quot;,&quot;orientation&quot;:&quot;0&quot;}\" data-image-title=\"2.- Como hacer una solicitud\" data-image-description=\"\" data-medium-file=\"https:\/\/i0.wp.com\/chilpancingo.gob.mx\/transparencia\/wp-content\/uploads\/2023\/01\/2.-Como-hacer-una-solicitud.jpeg?fit=194%2C300&#038;ssl=1\" data-large-file=\"https:\/\/i0.wp.com\/chilpancingo.gob.mx\/transparencia\/wp-content\/uploads\/2023\/01\/2.-Como-hacer-una-solicitud.jpeg?fit=525%2C811&#038;ssl=1\" src=\"https:\/\/i0.wp.com\/chilpancingo.gob.mx\/transparencia\/wp-content\/uploads\/2023\/01\/2.-Como-hacer-una-solicitud.jpeg?w=521&#038;h=804&#038;ssl=1\" srcset=\"https:\/\/i0.wp.com\/chilpancingo.gob.mx\/transparencia\/wp-content\/uploads\/2023\/01\/2.-Como-hacer-una-solicitud.jpeg?w=829&amp;ssl=1 829w, https:\/\/i0.wp.com\/chilpancingo.gob.mx\/transparencia\/wp-content\/uploads\/2023\/01\/2.-Como-hacer-una-solicitud.jpeg?resize=194%2C300&amp;ssl=1 194w, https:\/\/i0.wp.com\/chilpancingo.gob.mx\/transparencia\/wp-content\/uploads\/2023\/01\/2.-Como-hacer-una-solicitud.jpeg?resize=663%2C1024&amp;ssl=1 663w, https:\/\/i0.wp.com\/chilpancingo.gob.mx\/transparencia\/wp-content\/uploads\/2023\/01\/2.-Como-hacer-una-solicitud.jpeg?resize=768%2C1186&amp;ssl=1 768w\" width=\"521\" height=\"804\" loading=\"lazy\" data-original-width=\"521\" data-original-height=\"804\" itemprop=\"http:\/\/schema.org\/image\" title=\"2.- Como hacer una solicitud\" alt=\"2.- Como hacer una solicitud\" style=\"width: 521px; height: 804px;\" \/> <\/a> <\/div> <\/div> <!-- close group --> <\/div> <!-- close row --> <\/div>\t\t<\/div>\n\t\t\t\t\t\t<\/div>\n\t\t\t\t<\/div>\n\t\t\t\t\t<\/div>\n\t\t<\/div>\n\t\t\t\t\t<\/div>\n\t\t<\/section>\n\t\t\t\t<section class=\"elementor-section elementor-top-section elementor-element elementor-element-a36847f elementor-section-boxed elementor-section-height-default elementor-section-height-default\" data-id=\"a36847f\" data-element_type=\"section\">\n\t\t\t\t\t\t<div class=\"elementor-container elementor-column-gap-default\">\n\t\t\t\t\t<div class=\"elementor-column elementor-col-50 elementor-top-column elementor-element elementor-element-a900ef6\" data-id=\"a900ef6\" data-element_type=\"column\">\n\t\t\t<div class=\"elementor-widget-wrap elementor-element-populated\">\n\t\t\t\t\t\t<div class=\"elementor-element elementor-element-beab4fe elementor-widget elementor-widget-heading\" data-id=\"beab4fe\" data-element_type=\"widget\" data-widget_type=\"heading.default\">\n\t\t\t\t<div class=\"elementor-widget-container\">\n\t\t\t\t\t<h5 class=\"elementor-heading-title elementor-size-default\">Ejerce tu DAI<\/h5>\t\t\t\t<\/div>\n\t\t\t\t<\/div>\n\t\t\t\t<div class=\"elementor-element elementor-element-e8812e8 elementor-widget elementor-widget-image-gallery\" data-id=\"e8812e8\" data-element_type=\"widget\" data-widget_type=\"image-gallery.default\">\n\t\t\t\t<div class=\"elementor-widget-container\">\n\t\t\t\t\t\t\t<div class=\"elementor-image-gallery\">\n\t\t\t<div class=\"tiled-gallery type-rectangular tiled-gallery-unresized\" data-original-width=\"525\" data-carousel-extra='null' itemscope itemtype=\"http:\/\/schema.org\/ImageGallery\" > <div class=\"gallery-row\" style=\"width: 525px; height: 198px;\" data-original-width=\"525\" data-original-height=\"198\" > <div class=\"gallery-group images-1\" style=\"width: 255px; height: 198px;\" data-original-width=\"255\" data-original-height=\"198\" > <div class=\"tiled-gallery-item tiled-gallery-item-large\" itemprop=\"associatedMedia\" itemscope itemtype=\"http:\/\/schema.org\/ImageObject\"> <a href=\"https:\/\/i0.wp.com\/chilpancingo.gob.mx\/transparencia\/wp-content\/uploads\/2023\/01\/3.-Ejerce-tu-DAI.jpeg?ssl=1\" border=\"0\" itemprop=\"url\"> <meta itemprop=\"width\" content=\"251\"> <meta itemprop=\"height\" content=\"194\"> <img loading=\"lazy\" decoding=\"async\" class=\"\" data-attachment-id=\"12470\" data-orig-file=\"https:\/\/chilpancingo.gob.mx\/transparencia\/wp-content\/uploads\/2023\/01\/3.-Ejerce-tu-DAI.jpeg\" data-orig-size=\"1280,987\" data-comments-opened=\"1\" data-image-meta=\"{&quot;aperture&quot;:&quot;0&quot;,&quot;credit&quot;:&quot;&quot;,&quot;camera&quot;:&quot;&quot;,&quot;caption&quot;:&quot;&quot;,&quot;created_timestamp&quot;:&quot;0&quot;,&quot;copyright&quot;:&quot;&quot;,&quot;focal_length&quot;:&quot;0&quot;,&quot;iso&quot;:&quot;0&quot;,&quot;shutter_speed&quot;:&quot;0&quot;,&quot;title&quot;:&quot;&quot;,&quot;orientation&quot;:&quot;0&quot;}\" data-image-title=\"3.- Ejerce tu DAI\" data-image-description=\"\" data-medium-file=\"https:\/\/i0.wp.com\/chilpancingo.gob.mx\/transparencia\/wp-content\/uploads\/2023\/01\/3.-Ejerce-tu-DAI.jpeg?fit=300%2C231&#038;ssl=1\" data-large-file=\"https:\/\/i0.wp.com\/chilpancingo.gob.mx\/transparencia\/wp-content\/uploads\/2023\/01\/3.-Ejerce-tu-DAI.jpeg?fit=525%2C405&#038;ssl=1\" src=\"https:\/\/i0.wp.com\/chilpancingo.gob.mx\/transparencia\/wp-content\/uploads\/2023\/01\/3.-Ejerce-tu-DAI.jpeg?w=251&#038;h=194&#038;ssl=1\" srcset=\"https:\/\/i0.wp.com\/chilpancingo.gob.mx\/transparencia\/wp-content\/uploads\/2023\/01\/3.-Ejerce-tu-DAI.jpeg?w=1280&amp;ssl=1 1280w, https:\/\/i0.wp.com\/chilpancingo.gob.mx\/transparencia\/wp-content\/uploads\/2023\/01\/3.-Ejerce-tu-DAI.jpeg?resize=300%2C231&amp;ssl=1 300w, https:\/\/i0.wp.com\/chilpancingo.gob.mx\/transparencia\/wp-content\/uploads\/2023\/01\/3.-Ejerce-tu-DAI.jpeg?resize=1024%2C790&amp;ssl=1 1024w, https:\/\/i0.wp.com\/chilpancingo.gob.mx\/transparencia\/wp-content\/uploads\/2023\/01\/3.-Ejerce-tu-DAI.jpeg?resize=768%2C592&amp;ssl=1 768w\" width=\"251\" height=\"194\" loading=\"lazy\" data-original-width=\"251\" data-original-height=\"194\" itemprop=\"http:\/\/schema.org\/image\" title=\"3.- Ejerce tu DAI\" alt=\"3.- Ejerce tu DAI\" style=\"width: 251px; height: 194px;\" \/> <\/a> <\/div> <\/div> <!-- close group --> <div class=\"gallery-group images-1\" style=\"width: 270px; height: 198px;\" data-original-width=\"270\" data-original-height=\"198\" > <div class=\"tiled-gallery-item tiled-gallery-item-large\" itemprop=\"associatedMedia\" itemscope itemtype=\"http:\/\/schema.org\/ImageObject\"> <a href=\"https:\/\/i0.wp.com\/chilpancingo.gob.mx\/transparencia\/wp-content\/uploads\/2023\/01\/1.-Preguntanos.jpeg?ssl=1\" border=\"0\" itemprop=\"url\"> <meta itemprop=\"width\" content=\"266\"> <meta itemprop=\"height\" content=\"194\"> <img loading=\"lazy\" decoding=\"async\" class=\"\" data-attachment-id=\"12468\" data-orig-file=\"https:\/\/chilpancingo.gob.mx\/transparencia\/wp-content\/uploads\/2023\/01\/1.-Preguntanos.jpeg\" data-orig-size=\"1280,934\" data-comments-opened=\"1\" data-image-meta=\"{&quot;aperture&quot;:&quot;0&quot;,&quot;credit&quot;:&quot;&quot;,&quot;camera&quot;:&quot;&quot;,&quot;caption&quot;:&quot;&quot;,&quot;created_timestamp&quot;:&quot;0&quot;,&quot;copyright&quot;:&quot;&quot;,&quot;focal_length&quot;:&quot;0&quot;,&quot;iso&quot;:&quot;0&quot;,&quot;shutter_speed&quot;:&quot;0&quot;,&quot;title&quot;:&quot;&quot;,&quot;orientation&quot;:&quot;0&quot;}\" data-image-title=\"1.- Preguntanos\" data-image-description=\"\" data-medium-file=\"https:\/\/i0.wp.com\/chilpancingo.gob.mx\/transparencia\/wp-content\/uploads\/2023\/01\/1.-Preguntanos.jpeg?fit=300%2C219&#038;ssl=1\" data-large-file=\"https:\/\/i0.wp.com\/chilpancingo.gob.mx\/transparencia\/wp-content\/uploads\/2023\/01\/1.-Preguntanos.jpeg?fit=525%2C383&#038;ssl=1\" src=\"https:\/\/i0.wp.com\/chilpancingo.gob.mx\/transparencia\/wp-content\/uploads\/2023\/01\/1.-Preguntanos.jpeg?w=266&#038;h=194&#038;ssl=1\" srcset=\"https:\/\/i0.wp.com\/chilpancingo.gob.mx\/transparencia\/wp-content\/uploads\/2023\/01\/1.-Preguntanos.jpeg?w=1280&amp;ssl=1 1280w, https:\/\/i0.wp.com\/chilpancingo.gob.mx\/transparencia\/wp-content\/uploads\/2023\/01\/1.-Preguntanos.jpeg?resize=300%2C219&amp;ssl=1 300w, https:\/\/i0.wp.com\/chilpancingo.gob.mx\/transparencia\/wp-content\/uploads\/2023\/01\/1.-Preguntanos.jpeg?resize=1024%2C747&amp;ssl=1 1024w, https:\/\/i0.wp.com\/chilpancingo.gob.mx\/transparencia\/wp-content\/uploads\/2023\/01\/1.-Preguntanos.jpeg?resize=768%2C560&amp;ssl=1 768w, https:\/\/i0.wp.com\/chilpancingo.gob.mx\/transparencia\/wp-content\/uploads\/2023\/01\/1.-Preguntanos.jpeg?resize=370%2C270&amp;ssl=1 370w, https:\/\/i0.wp.com\/chilpancingo.gob.mx\/transparencia\/wp-content\/uploads\/2023\/01\/1.-Preguntanos.jpeg?resize=770%2C560&amp;ssl=1 770w\" width=\"266\" height=\"194\" loading=\"lazy\" data-original-width=\"266\" data-original-height=\"194\" itemprop=\"http:\/\/schema.org\/image\" title=\"1.- Preguntanos\" alt=\"1.- Preguntanos\" style=\"width: 266px; height: 194px;\" \/> <\/a> <\/div> <\/div> <!-- close group --> <\/div> <!-- close row --> <\/div>\t\t<\/div>\n\t\t\t\t\t\t<\/div>\n\t\t\t\t<\/div>\n\t\t\t\t\t<\/div>\n\t\t<\/div>\n\t\t\t\t<div class=\"elementor-column elementor-col-50 elementor-top-column elementor-element elementor-element-260b871\" data-id=\"260b871\" data-element_type=\"column\">\n\t\t\t<div class=\"elementor-widget-wrap elementor-element-populated\">\n\t\t\t\t\t\t<div class=\"elementor-element elementor-element-3e75d91 elementor-widget elementor-widget-heading\" data-id=\"3e75d91\" data-element_type=\"widget\" data-widget_type=\"heading.default\">\n\t\t\t\t<div class=\"elementor-widget-container\">\n\t\t\t\t\t<h5 class=\"elementor-heading-title elementor-size-default\">Marco Normativo en Materia de Transparencia y Acceso a la Informaci\u00f3n en M\u00e9xico y Guerrero. Versi\u00f3n 2023<\/h5>\t\t\t\t<\/div>\n\t\t\t\t<\/div>\n\t\t\t\t<div class=\"elementor-element elementor-element-f1b8a9f elementor-widget elementor-widget-image\" data-id=\"f1b8a9f\" data-element_type=\"widget\" data-widget_type=\"image.default\">\n\t\t\t\t<div class=\"elementor-widget-container\">\n\t\t\t\t\t\t\t\t\t\t\t\t\t\t\t\t<a href=\"https:\/\/chilpancingo.gob.mx\/transparencia\/wp-content\/uploads\/2023\/11\/LEY-207-REFORMADA-ITAIGRO_AYTO-DE-CHILPANCINGO-OCTUBRE.pdf\" target=\"_blank\">\n\t\t\t\t\t\t\t<img fetchpriority=\"high\" decoding=\"async\" width=\"525\" height=\"261\" src=\"https:\/\/i0.wp.com\/chilpancingo.gob.mx\/transparencia\/wp-content\/uploads\/2023\/11\/marco-normativo.png?fit=525%2C261&amp;ssl=1\" class=\"attachment-large size-large wp-image-15882\" alt=\"\" srcset=\"https:\/\/i0.wp.com\/chilpancingo.gob.mx\/transparencia\/wp-content\/uploads\/2023\/11\/marco-normativo.png?w=956&amp;ssl=1 956w, https:\/\/i0.wp.com\/chilpancingo.gob.mx\/transparencia\/wp-content\/uploads\/2023\/11\/marco-normativo.png?resize=300%2C149&amp;ssl=1 300w, https:\/\/i0.wp.com\/chilpancingo.gob.mx\/transparencia\/wp-content\/uploads\/2023\/11\/marco-normativo.png?resize=768%2C382&amp;ssl=1 768w\" sizes=\"(max-width: 525px) 100vw, 525px\" \/>\t\t\t\t\t\t\t\t<\/a>\n\t\t\t\t\t\t\t\t\t\t\t\t\t\t\t<\/div>\n\t\t\t\t<\/div>\n\t\t\t\t\t<\/div>\n\t\t<\/div>\n\t\t\t\t\t<\/div>\n\t\t<\/section>\n\t\t\t\t<section class=\"elementor-section elementor-top-section elementor-element elementor-element-2031521 elementor-section-boxed elementor-section-height-default elementor-section-height-default\" data-id=\"2031521\" data-element_type=\"section\">\n\t\t\t\t\t\t<div class=\"elementor-container elementor-column-gap-default\">\n\t\t\t\t\t<div class=\"elementor-column elementor-col-50 elementor-top-column elementor-element elementor-element-cbc1508\" data-id=\"cbc1508\" data-element_type=\"column\">\n\t\t\t<div class=\"elementor-widget-wrap elementor-element-populated\">\n\t\t\t\t\t\t<div class=\"elementor-element elementor-element-800a84b elementor-widget elementor-widget-heading\" data-id=\"800a84b\" data-element_type=\"widget\" data-widget_type=\"heading.default\">\n\t\t\t\t<div class=\"elementor-widget-container\">\n\t\t\t\t\t<h5 class=\"elementor-heading-title elementor-size-default\">C\u00f3mo hacer una solicitud en PNT (Video)<\/h5>\t\t\t\t<\/div>\n\t\t\t\t<\/div>\n\t\t\t\t<div class=\"elementor-element elementor-element-254a120 elementor-widget elementor-widget-text-editor\" data-id=\"254a120\" data-element_type=\"widget\" data-widget_type=\"text-editor.default\">\n\t\t\t\t<div class=\"elementor-widget-container\">\n\t\t\t\t\t\t\t\t\t<iframe width=\"560\" height=\"315\" src=\"https:\/\/www.youtube.com\/embed\/cTAyx23jFcI\" title=\"YouTube video player\" frameborder=\"0\" allow=\"accelerometer; autoplay; clipboard-write; encrypted-media; gyroscope; picture-in-picture; web-share\" allowfullscreen><\/iframe>\t\t\t\t\t\t\t\t<\/div>\n\t\t\t\t<\/div>\n\t\t\t\t\t<\/div>\n\t\t<\/div>\n\t\t\t\t<div class=\"elementor-column elementor-col-50 elementor-top-column elementor-element elementor-element-a28db38\" data-id=\"a28db38\" data-element_type=\"column\">\n\t\t\t<div class=\"elementor-widget-wrap\">\n\t\t\t\t\t\t\t<\/div>\n\t\t<\/div>\n\t\t\t\t\t<\/div>\n\t\t<\/section>\n\t\t\t\t<\/div>\n\t\t","protected":false},"excerpt":{"rendered":"<p>MATERIALES DE DIFUSI\u00d3N \u00a1Preg\u00fantanos! C\u00f3mo hacer una solicitud en 3 pasos Ejerce tu DAI Marco Normativo en Materia de Transparencia y Acceso a la Informaci\u00f3n en M\u00e9xico y Guerrero. Versi\u00f3n [&hellip;]<\/p>\n","protected":false},"author":1,"featured_media":0,"parent":0,"menu_order":0,"comment_status":"closed","ping_status":"closed","template":"","meta":{"footnotes":"","_links_to":"","_links_to_target":""},"class_list":["post-12465","page","type-page","status-publish","hentry"],"jetpack_sharing_enabled":true,"_links":{"self":[{"href":"https:\/\/chilpancingo.gob.mx\/transparencia\/wp-json\/wp\/v2\/pages\/12465","targetHints":{"allow":["GET"]}}],"collection":[{"href":"https:\/\/chilpancingo.gob.mx\/transparencia\/wp-json\/wp\/v2\/pages"}],"about":[{"href":"https:\/\/chilpancingo.gob.mx\/transparencia\/wp-json\/wp\/v2\/types\/page"}],"author":[{"embeddable":true,"href":"https:\/\/chilpancingo.gob.mx\/transparencia\/wp-json\/wp\/v2\/users\/1"}],"replies":[{"embeddable":true,"href":"https:\/\/chilpancingo.gob.mx\/transparencia\/wp-json\/wp\/v2\/comments?post=12465"}],"version-history":[{"count":10,"href":"https:\/\/chilpancingo.gob.mx\/transparencia\/wp-json\/wp\/v2\/pages\/12465\/revisions"}],"predecessor-version":[{"id":15889,"href":"https:\/\/chilpancingo.gob.mx\/transparencia\/wp-json\/wp\/v2\/pages\/12465\/revisions\/15889"}],"wp:attachment":[{"href":"https:\/\/chilpancingo.gob.mx\/transparencia\/wp-json\/wp\/v2\/media?parent=12465"}],"curies":[{"name":"wp","href":"https:\/\/api.w.org\/{rel}","templated":true}]}}