{"id":18475,"date":"2024-08-15T13:49:40","date_gmt":"2024-08-15T19:49:40","guid":{"rendered":"https:\/\/chilpancingo.gob.mx\/transparencia\/?page_id=18475"},"modified":"2024-08-15T16:50:39","modified_gmt":"2024-08-15T22:50:39","slug":"invich","status":"publish","type":"page","link":"https:\/\/chilpancingo.gob.mx\/transparencia\/invich\/","title":{"rendered":"INVICH"},"content":{"rendered":"\t\t<div data-elementor-type=\"wp-page\" data-elementor-id=\"18475\" class=\"elementor elementor-18475\">\n\t\t\t\t\t\t<section class=\"elementor-section elementor-top-section elementor-element elementor-element-9895fd5 elementor-section-boxed elementor-section-height-default elementor-section-height-default\" data-id=\"9895fd5\" data-element_type=\"section\">\n\t\t\t\t\t\t<div class=\"elementor-container elementor-column-gap-default\">\n\t\t\t\t\t<div class=\"elementor-column elementor-col-100 elementor-top-column elementor-element elementor-element-a587a5c\" data-id=\"a587a5c\" data-element_type=\"column\">\n\t\t\t<div class=\"elementor-widget-wrap elementor-element-populated\">\n\t\t\t\t\t\t<div class=\"elementor-element elementor-element-13d3d05 elementor-widget elementor-widget-heading\" data-id=\"13d3d05\" data-element_type=\"widget\" data-widget_type=\"heading.default\">\n\t\t\t\t<div class=\"elementor-widget-container\">\n\t\t\t\t\t<h4 class=\"elementor-heading-title elementor-size-default\">INVICH<\/h4>\t\t\t\t<\/div>\n\t\t\t\t<\/div>\n\t\t\t\t<div class=\"elementor-element elementor-element-702bf54 elementor-widget elementor-widget-heading\" data-id=\"702bf54\" data-element_type=\"widget\" data-widget_type=\"heading.default\">\n\t\t\t\t<div class=\"elementor-widget-container\">\n\t\t\t\t\t<h4 class=\"elementor-heading-title elementor-size-default\">P\u00c1GINA INFORMATIVA \/ CUENTA P\u00daBLICA POR A\u00d1OS<\/h4>\t\t\t\t<\/div>\n\t\t\t\t<\/div>\n\t\t\t\t\t<\/div>\n\t\t<\/div>\n\t\t\t\t\t<\/div>\n\t\t<\/section>\n\t\t\t\t<section class=\"elementor-section elementor-top-section elementor-element elementor-element-88407c7 elementor-section-boxed elementor-section-height-default elementor-section-height-default\" data-id=\"88407c7\" data-element_type=\"section\">\n\t\t\t\t\t\t<div class=\"elementor-container elementor-column-gap-default\">\n\t\t\t\t\t<div class=\"elementor-column elementor-col-100 elementor-top-column elementor-element elementor-element-a46fd87\" data-id=\"a46fd87\" data-element_type=\"column\">\n\t\t\t<div class=\"elementor-widget-wrap elementor-element-populated\">\n\t\t\t\t\t\t<div class=\"elementor-element elementor-element-ac762d0 elementor-tabs-view-horizontal elementor-widget elementor-widget-tabs\" data-id=\"ac762d0\" data-element_type=\"widget\" data-widget_type=\"tabs.default\">\n\t\t\t\t<div class=\"elementor-widget-container\">\n\t\t\t\t\t\t\t<div class=\"elementor-tabs\">\n\t\t\t<div class=\"elementor-tabs-wrapper\" role=\"tablist\" >\n\t\t\t\t\t\t\t\t\t<div id=\"elementor-tab-title-1801\" class=\"elementor-tab-title elementor-tab-desktop-title\" aria-selected=\"true\" data-tab=\"1\" role=\"tab\" tabindex=\"0\" aria-controls=\"elementor-tab-content-1801\" aria-expanded=\"false\">2023<\/div>\n\t\t\t\t\t\t\t\t\t<div id=\"elementor-tab-title-1802\" class=\"elementor-tab-title elementor-tab-desktop-title\" aria-selected=\"false\" data-tab=\"2\" role=\"tab\" tabindex=\"-1\" aria-controls=\"elementor-tab-content-1802\" aria-expanded=\"false\">2022<\/div>\n\t\t\t\t\t\t\t\t\t<div id=\"elementor-tab-title-1803\" class=\"elementor-tab-title elementor-tab-desktop-title\" aria-selected=\"false\" data-tab=\"3\" role=\"tab\" tabindex=\"-1\" aria-controls=\"elementor-tab-content-1803\" aria-expanded=\"false\">2021<\/div>\n\t\t\t\t\t\t\t<\/div>\n\t\t\t<div class=\"elementor-tabs-content-wrapper\" role=\"tablist\" aria-orientation=\"vertical\">\n\t\t\t\t\t\t\t\t\t<div class=\"elementor-tab-title elementor-tab-mobile-title\" aria-selected=\"true\" data-tab=\"1\" role=\"tab\" tabindex=\"0\" aria-controls=\"elementor-tab-content-1801\" aria-expanded=\"false\">2023<\/div>\n\t\t\t\t\t<div id=\"elementor-tab-content-1801\" class=\"elementor-tab-content elementor-clearfix\" data-tab=\"1\" role=\"tabpanel\" aria-labelledby=\"elementor-tab-title-1801\" tabindex=\"0\" hidden=\"false\"><div id=\"accordion\">\n<div class=\"card\">\n<div id=\"headingOne\" class=\"card-header\">\n<h5 class=\"mb-0\"><button class=\"btn btn-link\" data-toggle=\"collapse\" data-target=\"#collapseOne\" aria-expanded=\"true\" aria-=\"\">\n<i class=\"fas fa-chevron-circle-right\"><\/i> <a href=\"https:\/\/drive.google.com\/drive\/folders\/1BqlFvQsTVxDOXEOORtJqrRgMIzsPy95l\">INFORMACI\u00d3N GENERAL<\/a>\n<\/button><\/h5>\n<\/div>\n<\/div>\n<div class=\"card\">\n<div id=\"headingTwo\" class=\"card-header\">\n<h5 class=\"mb-0\"><button class=\"btn btn-link collapsed\" data-toggle=\"collapse\" data-target=\"#collapseTwo\" aria-expanded=\"false\" aria-controls=\"collapseTwo\">\n<i class=\"fas fa-chevron-circle-right\"><\/i> <a href=\"https:\/\/drive.google.com\/drive\/folders\/1zjzet78lWL152iGotWDatW6s2q7BEQ_M\">INFORMACI\u00d3N CONTABLE<\/a>\n<\/button><\/h5>\n<\/div>\n<div id=\"collapseTwo\" class=\"collapse\" aria-labelledby=\"headingTwo\" data-parent=\"#accordion\"><\/div>\n<div class=\"card\">\n<div id=\"headingTwo\" class=\"card-header\">\n<h5 class=\"mb-0\"><button class=\"btn btn-link collapsed\" data-toggle=\"collapse\" data-target=\"#collapseTwo\" aria-expanded=\"false\" aria-controls=\"collapseTwo\">\n<i class=\"fas fa-chevron-circle-right\"><\/i> <a href=\"https:\/\/drive.google.com\/drive\/folders\/14zNESvARPSEiWdGGegBCYKuf7nPwTkrd\">INFORMACI\u00d3N PROGRAMATICA<\/a>\n<\/button><\/h5>\n<\/div>\n<div id=\"collapseTwo\" class=\"collapse\" aria-labelledby=\"headingTwo\" data-parent=\"#accordion\"><\/div>\n<div id=\"collapseThree\" class=\"collapse\" aria-labelledby=\"headingThree\" data-parent=\"#accordion\">\n<div class=\"card-body\"><\/div>\n<\/div>\n<\/div>\n<div class=\"card\">\n<div id=\"headingFour\" class=\"card-header\">\n<h5 class=\"mb-0\"><button class=\"btn btn-link collapsed\" data-toggle=\"collapse\" data-target=\"#collapseFour\" aria-expanded=\"false\" aria-controls=\"collapseFour\">\n<i class=\"fas fa-chevron-circle-right\"><\/i> <a href=\"https:\/\/drive.google.com\/drive\/folders\/1HGu3L7BTc36g3VJZxR9OC3IbzJA2W5Ff\">INFORMACI\u00d3N DISCIPLINARIA FINANCIERA<\/a>\n<\/button><\/h5>\n<\/div>\n<div id=\"collapseThree\" class=\"collapse\" aria-labelledby=\"headingThree\" data-parent=\"#accordion\">\n<div class=\"card-body\"><\/div>\n<\/div>\n<\/div>\n<div class=\"card\">\n<div id=\"headingFour\" class=\"card-header\">\n<h5 class=\"mb-0\"><button class=\"btn btn-link collapsed\" data-toggle=\"collapse\" data-target=\"#collapseFour\" aria-expanded=\"false\" aria-controls=\"collapseFour\">\n<i class=\"fas fa-chevron-circle-right\"><\/i> <a href=\"https:\/\/drive.google.com\/drive\/folders\/1WTqbJ6DqFgtwkddnqxhdaX8o2d0Y2QZf\">INFORMACI\u00d3N PRESUPUESTARIA<\/a>\n<\/button><\/h5>\n<\/div>\n<div id=\"collapseFour\" class=\"collapse\" aria-labelledby=\"headingTwo\" data-parent=\"#accordion\"><\/div>\n<div id=\"collapseThree\" class=\"collapse\" aria-labelledby=\"headingThree\" data-parent=\"#accordion\">\n<div class=\"card-body\"><\/div>\n<\/div>\n<\/div>\n<div class=\"card\">\n<div id=\"headingFour\" class=\"card-header\">\n<h5 class=\"mb-0\"><button class=\"btn btn-link collapsed\" data-toggle=\"collapse\" data-target=\"#collapseFour\" aria-expanded=\"false\" aria-controls=\"collapseFour\">\n<i class=\"fas fa-chevron-circle-right\"><\/i> <a href=\"https:\/\/drive.google.com\/drive\/folders\/15bsN_FjwQAzUm7OVpr5qkzDyDHUbV2QT\">INFORMACI\u00d3N DE OBRA PUBLICA<\/a>\n<\/button><\/h5>\n<\/div>\n<\/div>\n<div id=\"collapseThree\" class=\"collapse\" aria-labelledby=\"headingThree\" data-parent=\"#accordion\">\n<div class=\"card-body\"><\/div>\n<\/div>\n<\/div>\n<div class=\"card\">\n<div id=\"headingFour\" class=\"card-header\">\n<h5 class=\"mb-0\"><button class=\"btn btn-link collapsed\" data-toggle=\"collapse\" data-target=\"#collapseFour\" aria-expanded=\"false\" aria-controls=\"collapseFour\">\n<i class=\"fas fa-chevron-circle-right\"><\/i> <a href=\"https:\/\/drive.google.com\/drive\/folders\/1a_myTmW09YMaSPOl1Ss6R_VrA6Ebnw1l\">INFORMACI\u00d3N EVALUACION AL DESEMPE\u00d1O<\/a>\n<\/button><\/h5>\n<\/div>\n<\/div>\n<\/div><\/div>\n\t\t\t\t\t\t\t\t\t<div class=\"elementor-tab-title elementor-tab-mobile-title\" aria-selected=\"false\" data-tab=\"2\" role=\"tab\" tabindex=\"-1\" aria-controls=\"elementor-tab-content-1802\" aria-expanded=\"false\">2022<\/div>\n\t\t\t\t\t<div id=\"elementor-tab-content-1802\" class=\"elementor-tab-content elementor-clearfix\" data-tab=\"2\" role=\"tabpanel\" aria-labelledby=\"elementor-tab-title-1802\" tabindex=\"0\" hidden=\"hidden\"><div id=\"accordion\">\n<div class=\"card\">\n<div id=\"headingOne\" class=\"card-header\">\n<h5 class=\"mb-0\"><button class=\"btn btn-link\" data-toggle=\"collapse\" data-target=\"#collapseOne\" aria-expanded=\"true\" aria-=\"\">\n<i class=\"fas fa-chevron-circle-right\"><\/i> <a href=\"https:\/\/drive.google.com\/drive\/folders\/1J4UJH9Z7C0zOUF2U2k0ThxKZECsUoez0\">INFORMACI\u00d3N GENERAL<\/a>\n<\/button><\/h5>\n<\/div>\n<\/div>\n<div class=\"card\">\n<div id=\"headingTwo\" class=\"card-header\">\n<h5 class=\"mb-0\"><button class=\"btn btn-link collapsed\" data-toggle=\"collapse\" data-target=\"#collapseTwo\" aria-expanded=\"false\" aria-controls=\"collapseTwo\">\n<i class=\"fas fa-chevron-circle-right\"><\/i> <a href=\"https:\/\/drive.google.com\/drive\/folders\/1ZJQfyTFf93XyugJ4KMvXg1cXddvZer0K\">INFORMACI\u00d3N CONTABLE<\/a>\n<\/button><\/h5>\n<\/div>\n<div id=\"collapseTwo\" class=\"collapse\" aria-labelledby=\"headingTwo\" data-parent=\"#accordion\"><\/div>\n<div class=\"card\">\n<div id=\"headingTwo\" class=\"card-header\">\n<h5 class=\"mb-0\"><button class=\"btn btn-link collapsed\" data-toggle=\"collapse\" data-target=\"#collapseTwo\" aria-expanded=\"false\" aria-controls=\"collapseTwo\">\n<i class=\"fas fa-chevron-circle-right\"><\/i> <a href=\"https:\/\/drive.google.com\/drive\/folders\/1MwFefL1YoMdvnwaaHpDMyuofpWFeyFEg\">INFORMACI\u00d3N PROGRAMATICA<\/a>\n<\/button><\/h5>\n<\/div>\n<div id=\"collapseTwo\" class=\"collapse\" aria-labelledby=\"headingTwo\" data-parent=\"#accordion\"><\/div>\n<div id=\"collapseThree\" class=\"collapse\" aria-labelledby=\"headingThree\" data-parent=\"#accordion\">\n<div class=\"card-body\"><\/div>\n<\/div>\n<\/div>\n<div class=\"card\">\n<div id=\"headingFour\" class=\"card-header\">\n<h5 class=\"mb-0\"><button class=\"btn btn-link collapsed\" data-toggle=\"collapse\" data-target=\"#collapseFour\" aria-expanded=\"false\" aria-controls=\"collapseFour\">\n<i class=\"fas fa-chevron-circle-right\"><\/i> <a href=\"https:\/\/drive.google.com\/drive\/folders\/1srb9aZCnP3icqqPKRtn3HJCLShbMfvMf\">INFORMACI\u00d3N DISCIPLINARIA FINANCIERA<\/a>\n<\/button><\/h5>\n<\/div>\n<div id=\"collapseThree\" class=\"collapse\" aria-labelledby=\"headingThree\" data-parent=\"#accordion\">\n<div class=\"card-body\"><\/div>\n<\/div>\n<\/div>\n<div class=\"card\">\n<div id=\"headingFour\" class=\"card-header\">\n<h5 class=\"mb-0\"><button class=\"btn btn-link collapsed\" data-toggle=\"collapse\" data-target=\"#collapseFour\" aria-expanded=\"false\" aria-controls=\"collapseFour\">\n<i class=\"fas fa-chevron-circle-right\"><\/i> <a href=\"https:\/\/drive.google.com\/drive\/folders\/1ucmdbAk8M5IV_-zZyZjWv8aFHCO-Tq0i\">INFORMACI\u00d3N PRESUPUESTARIA<\/a>\n<\/button><\/h5>\n<\/div>\n<div id=\"collapseFour\" class=\"collapse\" aria-labelledby=\"headingTwo\" data-parent=\"#accordion\"><\/div>\n<div id=\"collapseThree\" class=\"collapse\" aria-labelledby=\"headingThree\" data-parent=\"#accordion\">\n<div class=\"card-body\"><\/div>\n<\/div>\n<\/div>\n<div class=\"card\">\n<div id=\"headingFour\" class=\"card-header\">\n<h5 class=\"mb-0\"><button class=\"btn btn-link collapsed\" data-toggle=\"collapse\" data-target=\"#collapseFour\" aria-expanded=\"false\" aria-controls=\"collapseFour\">\n<i class=\"fas fa-chevron-circle-right\"><\/i> <a href=\"https:\/\/drive.google.com\/drive\/folders\/195czLWE28vcOuq_-PKpX6HYiujI38Sc2\">INFORMACI\u00d3N DE OBRA PUBLICA<\/a>\n<\/button><\/h5>\n<\/div>\n<\/div>\n<div id=\"collapseThree\" class=\"collapse\" aria-labelledby=\"headingThree\" data-parent=\"#accordion\">\n<div class=\"card-body\"><\/div>\n<\/div>\n<\/div>\n<div class=\"card\">\n<div id=\"headingFour\" class=\"card-header\">\n<h5 class=\"mb-0\"><button class=\"btn btn-link collapsed\" data-toggle=\"collapse\" data-target=\"#collapseFour\" aria-expanded=\"false\" aria-controls=\"collapseFour\">\n<i class=\"fas fa-chevron-circle-right\"><\/i> <a href=\"https:\/\/drive.google.com\/drive\/folders\/1224UGyzpFvz3gK94IOzr2b2EKT7qSl-1\">INFORMACI\u00d3N EVALUACION AL DESEMPE\u00d1O<\/a>\n<\/button><\/h5>\n<\/div>\n<\/div>\n<\/div><\/div>\n\t\t\t\t\t\t\t\t\t<div class=\"elementor-tab-title elementor-tab-mobile-title\" aria-selected=\"false\" data-tab=\"3\" role=\"tab\" tabindex=\"-1\" aria-controls=\"elementor-tab-content-1803\" aria-expanded=\"false\">2021<\/div>\n\t\t\t\t\t<div id=\"elementor-tab-content-1803\" class=\"elementor-tab-content elementor-clearfix\" data-tab=\"3\" role=\"tabpanel\" aria-labelledby=\"elementor-tab-title-1803\" tabindex=\"0\" hidden=\"hidden\"><div id=\"accordion\"><div class=\"card\"><div id=\"headingOne\" class=\"card-header\"><h5 class=\"mb-0\"><button class=\"btn btn-link\" data-toggle=\"collapse\" data-target=\"#collapseOne\" aria-expanded=\"true\" aria-=\"\"><br \/><i class=\"fas fa-chevron-circle-right\"><\/i> <a href=\"https:\/\/drive.google.com\/drive\/folders\/11tiIES00jrT-Mz3tXHjWnD2Ei2XoJYzY\">INFORMACI\u00d3N GENERAL<\/a><br \/><\/button><\/h5><\/div><\/div><div class=\"card\"><div id=\"headingTwo\" class=\"card-header\"><h5 class=\"mb-0\"><button class=\"btn btn-link collapsed\" data-toggle=\"collapse\" data-target=\"#collapseTwo\" aria-expanded=\"false\" aria-controls=\"collapseTwo\"><br \/><i class=\"fas fa-chevron-circle-right\"><\/i> <a href=\"https:\/\/drive.google.com\/drive\/folders\/1nvPW0yfmwgqKhzqMavJFSlHJ9AErKcqX\">INFORMACI\u00d3N CONTABLE<\/a><br \/><\/button><\/h5><\/div><div id=\"collapseTwo\" class=\"collapse\" aria-labelledby=\"headingTwo\" data-parent=\"#accordion\">\u00a0<\/div><div class=\"card\"><div id=\"headingTwo\" class=\"card-header\"><h5 class=\"mb-0\"><button class=\"btn btn-link collapsed\" data-toggle=\"collapse\" data-target=\"#collapseTwo\" aria-expanded=\"false\" aria-controls=\"collapseTwo\"><br \/><i class=\"fas fa-chevron-circle-right\"><\/i> <a href=\"https:\/\/drive.google.com\/drive\/folders\/1c_fkJaG-VOQQTZJkyNFiUDZKBDouGNmO\">INFORMACI\u00d3N PROGRAMATICA<\/a><br \/><\/button><\/h5><\/div><div id=\"collapseTwo\" class=\"collapse\" aria-labelledby=\"headingTwo\" data-parent=\"#accordion\">\u00a0<\/div><div id=\"collapseThree\" class=\"collapse\" aria-labelledby=\"headingThree\" data-parent=\"#accordion\"><div class=\"card-body\">\u00a0<\/div><\/div><\/div><div class=\"card\"><div id=\"headingFour\" class=\"card-header\"><h5 class=\"mb-0\"><button class=\"btn btn-link collapsed\" data-toggle=\"collapse\" data-target=\"#collapseFour\" aria-expanded=\"false\" aria-controls=\"collapseFour\"><br \/><i class=\"fas fa-chevron-circle-right\"><\/i> <a href=\"https:\/\/drive.google.com\/drive\/folders\/1MeAqsbZ6K5kGf1Gp5-MMqgAfNOqFkLra\">INFORMACI\u00d3N DISCIPLINARIA FINANCIERA<\/a><br \/><\/button><\/h5><\/div><div id=\"collapseThree\" class=\"collapse\" aria-labelledby=\"headingThree\" data-parent=\"#accordion\"><div class=\"card-body\">\u00a0<\/div><\/div><\/div><div class=\"card\"><div id=\"headingFour\" class=\"card-header\"><h5 class=\"mb-0\"><button class=\"btn btn-link collapsed\" data-toggle=\"collapse\" data-target=\"#collapseFour\" aria-expanded=\"false\" aria-controls=\"collapseFour\"><br \/><i class=\"fas fa-chevron-circle-right\"><\/i> <a href=\"https:\/\/drive.google.com\/drive\/folders\/1wzVE90bIKo7vJ7l4MHwwaeOXLt8BQ3w3\">INFORMACI\u00d3N PRESUPUESTARIA<\/a><br \/><\/button><\/h5><\/div><div id=\"collapseFour\" class=\"collapse\" aria-labelledby=\"headingTwo\" data-parent=\"#accordion\">\u00a0<\/div><div id=\"collapseThree\" class=\"collapse\" aria-labelledby=\"headingThree\" data-parent=\"#accordion\"><div class=\"card-body\">\u00a0<\/div><\/div><\/div><div class=\"card\"><div id=\"headingFour\" class=\"card-header\"><h5 class=\"mb-0\"><button class=\"btn btn-link collapsed\" data-toggle=\"collapse\" data-target=\"#collapseFour\" aria-expanded=\"false\" aria-controls=\"collapseFour\"><br \/><i class=\"fas fa-chevron-circle-right\"><\/i> <a href=\"https:\/\/drive.google.com\/drive\/folders\/1wbbua203m7RoDrjDjdUt8_XbRIbh-KKm\">INFORMACI\u00d3N DE OBRA PUBLICA<\/a><br \/><\/button><\/h5><\/div><\/div><div id=\"collapseThree\" class=\"collapse\" aria-labelledby=\"headingThree\" data-parent=\"#accordion\"><div class=\"card-body\">\u00a0<\/div><\/div><\/div><div class=\"card\"><div id=\"headingFour\" class=\"card-header\"><h5 class=\"mb-0\"><button class=\"btn btn-link collapsed\" data-toggle=\"collapse\" data-target=\"#collapseFour\" aria-expanded=\"false\" aria-controls=\"collapseFour\"><br \/><i class=\"fas fa-chevron-circle-right\"><\/i> <a href=\"https:\/\/drive.google.com\/drive\/folders\/1DJR4MdgcVKu8SJES_ZLPZdHLo_sx4P_Z\">INFORMACI\u00d3N EVALUACION AL DESEMPE\u00d1O<\/a><br \/><\/button><\/h5><\/div><\/div><\/div><\/div>\n\t\t\t\t\t\t\t<\/div>\n\t\t<\/div>\n\t\t\t\t\t\t<\/div>\n\t\t\t\t<\/div>\n\t\t\t\t\t<\/div>\n\t\t<\/div>\n\t\t\t\t\t<\/div>\n\t\t<\/section>\n\t\t\t\t<\/div>\n\t\t","protected":false},"excerpt":{"rendered":"<p>INVICH P\u00c1GINA INFORMATIVA \/ CUENTA P\u00daBLICA POR A\u00d1OS 2023 2022 2021 2023 INFORMACI\u00d3N GENERAL INFORMACI\u00d3N CONTABLE INFORMACI\u00d3N PROGRAMATICA INFORMACI\u00d3N DISCIPLINARIA FINANCIERA INFORMACI\u00d3N PRESUPUESTARIA INFORMACI\u00d3N DE OBRA PUBLICA INFORMACI\u00d3N EVALUACION AL [&hellip;]<\/p>\n","protected":false},"author":1,"featured_media":0,"parent":0,"menu_order":0,"comment_status":"closed","ping_status":"closed","template":"","meta":{"footnotes":"","_links_to":"","_links_to_target":""},"class_list":["post-18475","page","type-page","status-publish","hentry"],"jetpack_sharing_enabled":true,"_links":{"self":[{"href":"https:\/\/chilpancingo.gob.mx\/transparencia\/wp-json\/wp\/v2\/pages\/18475","targetHints":{"allow":["GET"]}}],"collection":[{"href":"https:\/\/chilpancingo.gob.mx\/transparencia\/wp-json\/wp\/v2\/pages"}],"about":[{"href":"https:\/\/chilpancingo.gob.mx\/transparencia\/wp-json\/wp\/v2\/types\/page"}],"author":[{"embeddable":true,"href":"https:\/\/chilpancingo.gob.mx\/transparencia\/wp-json\/wp\/v2\/users\/1"}],"replies":[{"embeddable":true,"href":"https:\/\/chilpancingo.gob.mx\/transparencia\/wp-json\/wp\/v2\/comments?post=18475"}],"version-history":[{"count":10,"href":"https:\/\/chilpancingo.gob.mx\/transparencia\/wp-json\/wp\/v2\/pages\/18475\/revisions"}],"predecessor-version":[{"id":18516,"href":"https:\/\/chilpancingo.gob.mx\/transparencia\/wp-json\/wp\/v2\/pages\/18475\/revisions\/18516"}],"wp:attachment":[{"href":"https:\/\/chilpancingo.gob.mx\/transparencia\/wp-json\/wp\/v2\/media?parent=18475"}],"curies":[{"name":"wp","href":"https:\/\/api.w.org\/{rel}","templated":true}]}}