{"id":2316,"date":"2021-08-27T23:07:09","date_gmt":"2021-08-28T04:07:09","guid":{"rendered":"https:\/\/chilpancingo.gob.mx\/transparencia\/?page_id=2316"},"modified":"2024-08-19T15:00:39","modified_gmt":"2024-08-19T21:00:39","slug":"evaluacion-al-desempeno","status":"publish","type":"page","link":"https:\/\/chilpancingo.gob.mx\/transparencia\/evaluacion-al-desempeno\/","title":{"rendered":"Evaluaci\u00f3n al Desempe\u00f1o"},"content":{"rendered":"\t\t<div data-elementor-type=\"wp-page\" data-elementor-id=\"2316\" class=\"elementor elementor-2316\">\n\t\t\t\t\t\t<section class=\"elementor-section elementor-top-section elementor-element elementor-element-2529a68 elementor-section-boxed elementor-section-height-default elementor-section-height-default\" data-id=\"2529a68\" data-element_type=\"section\">\n\t\t\t\t\t\t<div class=\"elementor-container elementor-column-gap-default\">\n\t\t\t\t\t<div class=\"elementor-column elementor-col-100 elementor-top-column elementor-element elementor-element-9e74250\" data-id=\"9e74250\" data-element_type=\"column\">\n\t\t\t<div class=\"elementor-widget-wrap elementor-element-populated\">\n\t\t\t\t\t\t<div class=\"elementor-element elementor-element-ec3c50a elementor-widget elementor-widget-heading\" data-id=\"ec3c50a\" data-element_type=\"widget\" data-widget_type=\"heading.default\">\n\t\t\t\t<div class=\"elementor-widget-container\">\n\t\t\t\t\t<h4 class=\"elementor-heading-title elementor-size-default\">Evaluaci\u00f3n al Desempe\u00f1o Municipal<\/h4>\t\t\t\t<\/div>\n\t\t\t\t<\/div>\n\t\t\t\t\t<\/div>\n\t\t<\/div>\n\t\t\t\t\t<\/div>\n\t\t<\/section>\n\t\t\t\t<section class=\"elementor-section elementor-top-section elementor-element elementor-element-04f1de0 elementor-section-boxed elementor-section-height-default elementor-section-height-default\" data-id=\"04f1de0\" data-element_type=\"section\">\n\t\t\t\t\t\t<div class=\"elementor-container elementor-column-gap-default\">\n\t\t\t\t\t<div class=\"elementor-column elementor-col-100 elementor-top-column elementor-element elementor-element-94654fb\" data-id=\"94654fb\" data-element_type=\"column\">\n\t\t\t<div class=\"elementor-widget-wrap elementor-element-populated\">\n\t\t\t\t\t\t<div class=\"elementor-element elementor-element-f030210 elementor-tabs-view-horizontal elementor-widget elementor-widget-tabs\" data-id=\"f030210\" data-element_type=\"widget\" data-widget_type=\"tabs.default\">\n\t\t\t\t<div class=\"elementor-widget-container\">\n\t\t\t\t\t\t\t<div class=\"elementor-tabs\">\n\t\t\t<div class=\"elementor-tabs-wrapper\" role=\"tablist\" >\n\t\t\t\t\t\t\t\t\t<div id=\"elementor-tab-title-2511\" class=\"elementor-tab-title elementor-tab-desktop-title\" aria-selected=\"true\" data-tab=\"1\" role=\"tab\" tabindex=\"0\" aria-controls=\"elementor-tab-content-2511\" aria-expanded=\"false\">2024<\/div>\n\t\t\t\t\t\t\t\t\t<div id=\"elementor-tab-title-2512\" class=\"elementor-tab-title elementor-tab-desktop-title\" aria-selected=\"false\" data-tab=\"2\" role=\"tab\" tabindex=\"-1\" aria-controls=\"elementor-tab-content-2512\" aria-expanded=\"false\">2023<\/div>\n\t\t\t\t\t\t\t\t\t<div id=\"elementor-tab-title-2513\" class=\"elementor-tab-title elementor-tab-desktop-title\" aria-selected=\"false\" data-tab=\"3\" role=\"tab\" tabindex=\"-1\" aria-controls=\"elementor-tab-content-2513\" aria-expanded=\"false\">2022<\/div>\n\t\t\t\t\t\t\t\t\t<div id=\"elementor-tab-title-2514\" class=\"elementor-tab-title elementor-tab-desktop-title\" aria-selected=\"false\" data-tab=\"4\" role=\"tab\" tabindex=\"-1\" aria-controls=\"elementor-tab-content-2514\" aria-expanded=\"false\">2021<\/div>\n\t\t\t\t\t\t\t\t\t<div id=\"elementor-tab-title-2515\" class=\"elementor-tab-title elementor-tab-desktop-title\" aria-selected=\"false\" data-tab=\"5\" role=\"tab\" tabindex=\"-1\" aria-controls=\"elementor-tab-content-2515\" aria-expanded=\"false\">2020<\/div>\n\t\t\t\t\t\t\t\t\t<div id=\"elementor-tab-title-2516\" class=\"elementor-tab-title elementor-tab-desktop-title\" aria-selected=\"false\" data-tab=\"6\" role=\"tab\" tabindex=\"-1\" aria-controls=\"elementor-tab-content-2516\" aria-expanded=\"false\">2019<\/div>\n\t\t\t\t\t\t\t<\/div>\n\t\t\t<div class=\"elementor-tabs-content-wrapper\" role=\"tablist\" aria-orientation=\"vertical\">\n\t\t\t\t\t\t\t\t\t<div class=\"elementor-tab-title elementor-tab-mobile-title\" aria-selected=\"true\" data-tab=\"1\" role=\"tab\" tabindex=\"0\" aria-controls=\"elementor-tab-content-2511\" aria-expanded=\"false\">2024<\/div>\n\t\t\t\t\t<div id=\"elementor-tab-content-2511\" class=\"elementor-tab-content elementor-clearfix\" data-tab=\"1\" role=\"tabpanel\" aria-labelledby=\"elementor-tab-title-2511\" tabindex=\"0\" hidden=\"false\"><div id=\"accordion\">\n<div class=\"card\">\n<div id=\"headingOne\" class=\"card-header\">\n<h5 class=\"mb-0\"><button class=\"btn btn-link\" data-toggle=\"collapse\" data-target=\"#collapseOne\" aria-expanded=\"true\" aria-=\"\">\n<i class=\"fas fa-chevron-circle-right\"><\/i> Informaci\u00f3n disponible\n<\/button><\/h5>\n<\/div>\n<div id=\"collapseOne\" class=\"collapse show\" aria-labelledby=\"headingOne\" data-parent=\"#accordion\">\n<div class=\"card-body\">\n<div class=\"row align-items-start\">\n<div class=\"col\">\n<p style=\"margin-top: 20px;\"><a href=\"https:\/\/chilpancingo.gob.mx\/transparencia\/wp-content\/uploads\/2024\/08\/RESUMEN-PROGRAMA-PRESUPUESTARIO-001.pdf\" target=\"_blank\" rel=\"noopener\">\u2690 Resumen Ejecutivo, Evaluaci\u00f3n del Programa Presupuestario N\u00famero 001<\/a><\/p>\n<p style=\"margin-top: 20px;\"><a href=\"https:\/\/chilpancingo.gob.mx\/transparencia\/wp-content\/uploads\/2024\/08\/RESUMEN-PROGRAMA-PRESUPUESTARIO-023.pdf\" target=\"_blank\" rel=\"noopener\">\u2690 Resumen Ejecutivo, Evaluaci\u00f3n del Programa Presupuestario N\u00famero 023<\/a><\/p>\n<p style=\"margin-top: 20px;\"><a href=\"https:\/\/chilpancingo.gob.mx\/transparencia\/wp-content\/uploads\/2024\/08\/RESUMEN-PROGRAMA-PRESUPUESTARIO-024.pdf\" target=\"_blank\" rel=\"noopener\">\u2690 Resumen Ejecutivo, Evaluaci\u00f3n del Programa Presupuestario N\u00famero 024<\/a><\/p>\n<p style=\"margin-top: 20px;\"><a href=\"https:\/\/chilpancingo.gob.mx\/transparencia\/wp-content\/uploads\/2024\/04\/Acta-de-Sesion-del-Concejo-Consultivo-2024.pdf\" target=\"_blank\" rel=\"noopener\">\u2690 Acta de Sesi\u00f3n del Concejo Consultivo<\/a><\/p> \n<p style=\"margin-top: 20px;\"><a href=\"https:\/\/chilpancingo.gob.mx\/transparencia\/wp-content\/uploads\/2024\/08\/CRITERIOS-Y-METODOLOGIA-TERMINOS-DE-REFERENCIA-TDR-2024.pdf\" target=\"_blank\" rel=\"noopener\">\u2690 Criterios y Metodologias de acuerdo a los Terminos de Referencia para la Evaluaci\u00f3n de Consistencia y Resultados<\/a><\/p>\n<p style=\"margin-top: 20px;\"><a href=\"https:\/\/chilpancingo.gob.mx\/transparencia\/wp-content\/uploads\/2024\/04\/PLAN-DE-TRABAJO-2024.pdf\" target=\"_blank\" rel=\"noopener\">\u2690 Plan de Trabajo<\/a><\/p>\n<p style=\"margin-top: 20px;\"><a href=\"https:\/\/chilpancingo.gob.mx\/transparencia\/wp-content\/uploads\/2024\/08\/PROGRAMA-ANUAL-DE-EVALUACION-2024.pdf\" target=\"_blank\" rel=\"noopener\">\u2690 Programa Anual de Evaluacion 2024<\/a><\/p>\n\n<\/div>\n<\/div>\n<\/div>\n<\/div>\n<\/div>\n<\/div><\/div>\n\t\t\t\t\t\t\t\t\t<div class=\"elementor-tab-title elementor-tab-mobile-title\" aria-selected=\"false\" data-tab=\"2\" role=\"tab\" tabindex=\"-1\" aria-controls=\"elementor-tab-content-2512\" aria-expanded=\"false\">2023<\/div>\n\t\t\t\t\t<div id=\"elementor-tab-content-2512\" class=\"elementor-tab-content elementor-clearfix\" data-tab=\"2\" role=\"tabpanel\" aria-labelledby=\"elementor-tab-title-2512\" tabindex=\"0\" hidden=\"hidden\"><div id=\"accordion\">\n<div class=\"card\">\n<div id=\"headingOne\" class=\"card-header\">\n<h5 class=\"mb-0\"><button class=\"btn btn-link\" data-toggle=\"collapse\" data-target=\"#collapseOne\" aria-expanded=\"true\" aria-=\"\">\n<i class=\"fas fa-chevron-circle-right\"><\/i> Informaci\u00f3n disponible\n<\/button><\/h5>\n<\/div>\n<div id=\"collapseOne\" class=\"collapse show\" aria-labelledby=\"headingOne\" data-parent=\"#accordion\">\n<div class=\"card-body\">\n<div class=\"row align-items-start\">\n<div class=\"col\">\n<p style=\"margin-top: 20px;\"><a href=\"https:\/\/chilpancingo.gob.mx\/transparencia\/wp-content\/uploads\/2023\/05\/Acta-Concejo-Consultivo-UMED-2023.pdf\" target=\"_blank\" rel=\"noopener\">\u2690 Acta de Concejo Consultivo<\/a><\/p>\n<p style=\"margin-top: 20px;\"><a href=\"https:\/\/chilpancingo.gob.mx\/transparencia\/wp-content\/uploads\/2023\/05\/Criterios-y-Metodologias-de-la-Evaluacion-2023-BUENO.pdf\" target=\"_blank\" rel=\"noopener\">\u2690 Criterios y Metodolog\u00eda de la Evaluaci\u00f3n<\/a><\/p>\n<p style=\"margin-top: 20px;\"><a href=\"https:\/\/chilpancingo.gob.mx\/transparencia\/wp-content\/uploads\/2023\/05\/Plan-de-Trabajo-2023.pdf\" target=\"_blank\" rel=\"noopener\">\u2690 Plan de Trabajo<\/a><\/p>\n<p style=\"margin-top: 20px;\"><a href=\"https:\/\/chilpancingo.gob.mx\/transparencia\/wp-content\/uploads\/2023\/05\/PAE-2023-Final.pdf\" target=\"_blank\" rel=\"noopener\">\u2690 Programa Anual de Evaluaci\u00f3n (PAE)<\/a><\/p>\n<p style=\"margin-top: 20px;\"><a href=\"https:\/\/chilpancingo.gob.mx\/transparencia\/wp-content\/uploads\/2023\/07\/Resumen-Ejecutivo-PbR-2022_110146.pdf\" target=\"_blank\" rel=\"noopener\">\u2690 Resumen Ejectutivo : Evaluaci\u00f3n al Presupuesto basado en Resultados (2022 Julio &#8211; Diciembre)<\/a><\/p>\n<p style=\"margin-top: 20px;\"><a href=\"https:\/\/chilpancingo.gob.mx\/transparencia\/wp-content\/uploads\/2023\/08\/Resumen-Ejecutivo-del-POA-2022.pdf\" target=\"_blank\" rel=\"noopener\">\u2690 Resumen Ejecutivo del Programa Operativo Anual. Ejercicio 2022<\/a><\/p>\n<p style=\"margin-top: 20px;\"><a href=\"https:\/\/chilpancingo.gob.mx\/transparencia\/wp-content\/uploads\/2023\/11\/Resumen-Ejecutivo-PbR-Ene-Jun-2023_120524.pdf\" target=\"_blank\" rel=\"noopener\">\u2690 Resumen Ejecutivo del Presupuesto Basado en Resultados (PbR) Ene-Jun 2023<\/a><\/p>\n<p style=\"margin-top: 20px;\"><a href=\"https:\/\/chilpancingo.gob.mx\/transparencia\/wp-content\/uploads\/2023\/11\/Criterios-y-Metodologia-de-la-Evaluacion-PbR-MIR-Ene-Jun-2023_120541.pdf\" target=\"_blank\" rel=\"noopener\">\u2690 Criterios y Metodolog\u00eda de la Evaluaci\u00f3n al PbR y MIR Ene-Jun 2023.<\/a><\/p>\n\n<p style=\"margin-top: 20px;\"><a href=\"https:\/\/chilpancingo.gob.mx\/transparencia\/wp-content\/uploads\/2024\/01\/resultados-faism-2023.pdf\" target=\"_blank\" rel=\"noopener\">\u2690 Resultados FAISM 2023.<\/a><\/p>\n\n<p style=\"margin-top: 20px;\"><a href=\"https:\/\/chilpancingo.gob.mx\/transparencia\/wp-content\/uploads\/2024\/01\/resultados-fortamun-2023.pdf\" target=\"_blank\" rel=\"noopener\">\u2690 Resultados FORTAMUN 2023.<\/a><\/p>\n\n\n<\/div>\n<\/div>\n<\/div>\n<\/div>\n<\/div>\n<\/div><\/div>\n\t\t\t\t\t\t\t\t\t<div class=\"elementor-tab-title elementor-tab-mobile-title\" aria-selected=\"false\" data-tab=\"3\" role=\"tab\" tabindex=\"-1\" aria-controls=\"elementor-tab-content-2513\" aria-expanded=\"false\">2022<\/div>\n\t\t\t\t\t<div id=\"elementor-tab-content-2513\" class=\"elementor-tab-content elementor-clearfix\" data-tab=\"3\" role=\"tabpanel\" aria-labelledby=\"elementor-tab-title-2513\" tabindex=\"0\" hidden=\"hidden\"><div id=\"accordion\">\n<div class=\"card\">\n<div id=\"headingOne\" class=\"card-header\">\n<h5 class=\"mb-0\"><button class=\"btn btn-link\" data-toggle=\"collapse\" data-target=\"#collapseOne\" aria-expanded=\"true\" aria-=\"\">\n<i class=\"fas fa-chevron-circle-right\"><\/i> Informaci\u00f3n disponible\n<\/button><\/h5>\n<\/div>\n<div id=\"collapseOne\" class=\"collapse show\" aria-labelledby=\"headingOne\" data-parent=\"#accordion\">\n<div class=\"card-body\">\n<div class=\"row align-items-start\">\n<div class=\"col\">\n<p style=\"margin-top: 20px;\"><a href=\"https:\/\/chilpancingo.gob.mx\/transparencia\/wp-content\/uploads\/2022\/08\/Resumen-Ejecutivo-PbR-2022-ene-jun.pdf\" target=\"_blank\" rel=\"noopener\">\u2690 Resumen Ejecutivo PbR 2022 Ene-Jun<\/a><\/p>\n<p style=\"margin-top: 20px;\"><a href=\"https:\/\/chilpancingo.gob.mx\/transparencia\/wp-content\/uploads\/2022\/07\/PAE-2022.pdf\" target=\"_blank\" rel=\"noopener\">\u2690 Programa Anual de Evaluaci\u00f3n 2022<\/a><\/p>\n<p style=\"margin-top: 20px;\"><a href=\"https:\/\/chilpancingo.gob.mx\/transparencia\/wp-content\/uploads\/2022\/06\/Resultados-de-Evaluacion-Fondos-Federales-FAISM-2021.pdf\" target=\"_blank\" rel=\"noopener\">\u2690 Resultados de Evaluaci\u00f3n Fondos Federales FAISM 2021<\/a><\/p>\n<p style=\"margin-top: 20px;\"><a href=\"https:\/\/chilpancingo.gob.mx\/transparencia\/wp-content\/uploads\/2022\/06\/Resultados-de-Evaluacion-Fondos-Federales-FORTAMUN-2021.pdf\" target=\"_blank\" rel=\"noopener\">\u2690 Resultados de Evaluaci\u00f3n Fondos Federales FORTAMUN 2021<\/a><\/p>\n<p style=\"margin-top: 20px;\"><a href=\"https:\/\/chilpancingo.gob.mx\/transparencia\/wp-content\/uploads\/2022\/01\/Resultado-de-la-Evaluacion.-Evaluacion-del-Programa-Operativo-Anual-Ejercicio-2020.pdf\" target=\"_blank\" rel=\"noopener\">\u2690 Resultado de la Evaluaci\u00f3n del Programa Operativo Anual<\/a><\/p>\n<p style=\"margin-top: 20px;\"><a href=\"https:\/\/chilpancingo.gob.mx\/transparencia\/wp-content\/uploads\/2022\/02\/Resultados-de-evaluaciones-PbR-Jul-Dic-Ejercicio-2021.pdf\" target=\"_blank\" rel=\"noopener\">\u2690 Resultados de Evaluaciones PbR Jul-Dic Ejercicio 2021<\/a><\/p>\n\n<br>\n<hr>\n\n<p style=\"margin-top: 20px;\"><a href=\"https:\/\/chilpancingo.gob.mx\/transparencia\/wp-content\/uploads\/2023\/01\/Resultados-de-Evaluacion-FAISM-2022.pdf\" target=\"_blank\" rel=\"noopener\">\u2690 Resultados de Evaluaci\u00f3n FAISM 2022<\/a><\/p>\n\n\n<p style=\"margin-top: 20px;\"><a href=\"https:\/\/chilpancingo.gob.mx\/transparencia\/wp-content\/uploads\/2023\/01\/Resultados-de-Evaluacion-FORTAMUN-2022.pdf\" target=\"_blank\" rel=\"noopener\">\u2690 Resultados de Evaluaci\u00f3n FORTAMUN 2022<\/a><\/p>\n\n<p style=\"margin-top: 20px;\"><a href=\"https:\/\/chilpancingo.gob.mx\/transparencia\/wp-content\/uploads\/2023\/01\/Criterios-y-Metodologia-de-evaluacion-FORTAMUN-2022.pdf\" target=\"_blank\" rel=\"noopener\">\u2690 Criterios y Metodolog\u00eda de evaluaci\u00f3n FORTAMUN 2022<\/a><\/p>\n\n\n<p style=\"margin-top: 20px;\"><a href=\"https:\/\/chilpancingo.gob.mx\/transparencia\/wp-content\/uploads\/2023\/01\/Criterios-y-Medologia-de-evaluacion-FAISM-2022.pdf\" target=\"_blank\" rel=\"noopener\">\u2690 Criterios y Medologia de evaluaci\u00f3n FAISM 2022<\/a><\/p>\n\n<\/div>\n<\/div>\n<\/div>\n<\/div>\n<\/div>\n<\/div><\/div>\n\t\t\t\t\t\t\t\t\t<div class=\"elementor-tab-title elementor-tab-mobile-title\" aria-selected=\"false\" data-tab=\"4\" role=\"tab\" tabindex=\"-1\" aria-controls=\"elementor-tab-content-2514\" aria-expanded=\"false\">2021<\/div>\n\t\t\t\t\t<div id=\"elementor-tab-content-2514\" class=\"elementor-tab-content elementor-clearfix\" data-tab=\"4\" role=\"tabpanel\" aria-labelledby=\"elementor-tab-title-2514\" tabindex=\"0\" hidden=\"hidden\"><div id=\"accordion\"><div class=\"card\"><div id=\"headingOne\" class=\"card-header\"><h5 class=\"mb-0\"><button class=\"btn btn-link\" data-toggle=\"collapse\" data-target=\"#collapseOne\" aria-expanded=\"true\" aria-=\"\"><br \/><i class=\"fas fa-chevron-circle-right\"><\/i> Informaci\u00f3n disponible<br \/><\/button><\/h5><\/div><div id=\"collapseOne\" class=\"collapse show\" aria-labelledby=\"headingOne\" data-parent=\"#accordion\"><div class=\"card-body\"><div class=\"row align-items-start\"><div class=\"col\"><p style=\"margin-top: 20px;\"><a href=\"https:\/\/chilpancingo.gob.mx\/transparencia\/wp-content\/uploads\/2022\/11\/Acta-de-consejo-consultivo-2.pdf\" target=\"_blank\" rel=\"noopener\">\u2690 Acta de Consejo Consultivo<\/a><\/p><p style=\"margin-top: 20px;\"><a href=\"https:\/\/chilpancingo.gob.mx\/transparencia\/wp-content\/uploads\/2022\/11\/ACUERDO-POR-EL-QUE-SE-CREA-LA-UNIDAD-MUNICIPAL-DE-EVALUACION-DE-DESEMPENO-2.pdf\" target=\"_blank\" rel=\"noopener\">\u2690 Acuerdo por el que se Crea la Unidad Municipal de Evaluaci\u00f3n al Desempe\u00f1o<\/a><\/p><p style=\"margin-top: 20px;\"><a href=\"https:\/\/chilpancingo.gob.mx\/transparencia\/wp-content\/uploads\/2022\/11\/Criterios-y-Metodologia-de-la-Evaluacion-2.pdf\" target=\"_blank\" rel=\"noopener\">\u2690 Criterios y Metodolog\u00eda de la Evaluaci\u00f3n<\/a><\/p><p style=\"margin-top: 20px;\"><a href=\"https:\/\/chilpancingo.gob.mx\/transparencia\/wp-content\/uploads\/2022\/11\/Plan-de-Trabajo-2021.pdf\" target=\"_blank\" rel=\"noopener\">\u2690 Plan de Trabajo<\/a><\/p><p style=\"margin-top: 20px;\"><a href=\"https:\/\/chilpancingo.gob.mx\/transparencia\/wp-content\/uploads\/2022\/11\/Programa-Anual-de-Evaluacion-PAE-2021.pdf\" target=\"_blank\" rel=\"noopener\">\u2690 Programa Anual de Evaluaci\u00f3n (PAE)<\/a><\/p><p style=\"margin-top: 20px;\"><a href=\"https:\/\/chilpancingo.gob.mx\/transparencia\/wp-content\/uploads\/2022\/11\/Resultado-de-Evaluaciones-2021.pdf\" target=\"_blank\" rel=\"noopener\">\u2690 Resultado de Evaluaciones<\/a><\/p><\/div><\/div><\/div><\/div><\/div><\/div><\/div>\n\t\t\t\t\t\t\t\t\t<div class=\"elementor-tab-title elementor-tab-mobile-title\" aria-selected=\"false\" data-tab=\"5\" role=\"tab\" tabindex=\"-1\" aria-controls=\"elementor-tab-content-2515\" aria-expanded=\"false\">2020<\/div>\n\t\t\t\t\t<div id=\"elementor-tab-content-2515\" class=\"elementor-tab-content elementor-clearfix\" data-tab=\"5\" role=\"tabpanel\" aria-labelledby=\"elementor-tab-title-2515\" tabindex=\"0\" hidden=\"hidden\"><div id=\"accordion\"><div class=\"card\"><div id=\"headingOne\" class=\"card-header\"><h5 class=\"mb-0\"><button class=\"btn btn-link\" data-toggle=\"collapse\" data-target=\"#collapseOne\" aria-expanded=\"true\" aria-=\"\"><br \/><i class=\"fas fa-chevron-circle-right\"><\/i> Informaci\u00f3n disponible<br \/><\/button><\/h5><\/div><div id=\"collapseOne\" class=\"collapse show\" aria-labelledby=\"headingOne\" data-parent=\"#accordion\"><div class=\"card-body\"><div class=\"row align-items-start\"><div class=\"col\"><p style=\"margin-top: 20px;\"><a href=\"https:\/\/chilpancingo.gob.mx\/transparencia\/wp-content\/uploads\/2022\/11\/Acta-de-consejo-consultivo-1.pdf\" target=\"_blank\" rel=\"noopener\">\u2690 Acta de Consejo Consultivo<\/a><\/p><p style=\"margin-top: 20px;\"><a href=\"https:\/\/chilpancingo.gob.mx\/transparencia\/wp-content\/uploads\/2022\/11\/ACUERDO-POR-EL-QUE-SE-CREA-LA-UNIDAD-MUNICIPAL-DE-EVALUACION-DE-DESEMPENO-1.pdf\" target=\"_blank\" rel=\"noopener\">\u2690 Acuerdo por el que se Crea la Unidad Municipal de Evaluaci\u00f3n al Desempe\u00f1o<\/a><\/p><p style=\"margin-top: 20px;\"><a href=\"https:\/\/chilpancingo.gob.mx\/transparencia\/wp-content\/uploads\/2022\/11\/Criterios-y-Metodologia-de-la-Evaluacion-1.pdf\" target=\"_blank\" rel=\"noopener\">\u2690 Criterios y Metodolog\u00eda de la Evaluaci\u00f3n<\/a><\/p><p style=\"margin-top: 20px;\"><a href=\"https:\/\/chilpancingo.gob.mx\/transparencia\/wp-content\/uploads\/2022\/11\/Plan-de-Trabajo-2020.pdf\" target=\"_blank\" rel=\"noopener\">\u2690 Plan de Trabajo<\/a><\/p><p style=\"margin-top: 20px;\"><a href=\"https:\/\/chilpancingo.gob.mx\/transparencia\/wp-content\/uploads\/2022\/11\/Programa-Anual-de-Evaluacion-PAE-2020.pdf\" target=\"_blank\" rel=\"noopener\">\u2690 Programa Anual de Evaluaci\u00f3n (PAE)<\/a><\/p><p style=\"margin-top: 20px;\"><a href=\"https:\/\/chilpancingo.gob.mx\/transparencia\/wp-content\/uploads\/2022\/11\/Resultado-de-Evaluaciones-2020.pdf\" target=\"_blank\" rel=\"noopener\">\u2690 Resultado de Evaluaciones<\/a><\/p><\/div><\/div><\/div><\/div><\/div><\/div><\/div>\n\t\t\t\t\t\t\t\t\t<div class=\"elementor-tab-title elementor-tab-mobile-title\" aria-selected=\"false\" data-tab=\"6\" role=\"tab\" tabindex=\"-1\" aria-controls=\"elementor-tab-content-2516\" aria-expanded=\"false\">2019<\/div>\n\t\t\t\t\t<div id=\"elementor-tab-content-2516\" class=\"elementor-tab-content elementor-clearfix\" data-tab=\"6\" role=\"tabpanel\" aria-labelledby=\"elementor-tab-title-2516\" tabindex=\"0\" hidden=\"hidden\"><div id=\"accordion\"><div class=\"card\"><div id=\"headingOne\" class=\"card-header\"><h5 class=\"mb-0\"><button class=\"btn btn-link\" data-toggle=\"collapse\" data-target=\"#collapseOne\" aria-expanded=\"true\" aria-=\"\"><br \/><i class=\"fas fa-chevron-circle-right\"><\/i> Informaci\u00f3n disponible<br \/><\/button><\/h5><\/div><div id=\"collapseOne\" class=\"collapse show\" aria-labelledby=\"headingOne\" data-parent=\"#accordion\"><div class=\"card-body\"><div class=\"row align-items-start\"><div class=\"col\"><p style=\"margin-top: 20px;\"><a href=\"https:\/\/chilpancingo.gob.mx\/transparencia\/wp-content\/uploads\/2022\/11\/Acta-de-consejo-consultivo.pdf\" target=\"_blank\" rel=\"noopener\">\u2690 Acta de Consejo Consultivo<\/a><\/p><p style=\"margin-top: 20px;\"><a href=\"https:\/\/chilpancingo.gob.mx\/transparencia\/wp-content\/uploads\/2022\/11\/ACUERDO-POR-EL-QUE-SE-CREA-LA-UNIDAD-MUNICIPAL-DE-EVALUACION-DE-DESEMPENO.pdf\" target=\"_blank\" rel=\"noopener\">\u2690 Acuerdo por el que se Crea la Unidad Municipal de Evaluaci\u00f3n al Desempe\u00f1o<\/a><\/p><p style=\"margin-top: 20px;\"><a href=\"https:\/\/chilpancingo.gob.mx\/transparencia\/wp-content\/uploads\/2022\/11\/Criterios-y-Metodologia-de-la-Evaluacion.pdf\" target=\"_blank\" rel=\"noopener\">\u2690 Criterios y Metodolog\u00eda de la Evaluaci\u00f3n<\/a><\/p><p style=\"margin-top: 20px;\"><a href=\"https:\/\/chilpancingo.gob.mx\/transparencia\/wp-content\/uploads\/2022\/11\/Diagnostico-del-aspecto-de-evaluacion-del-desempeno-2019.pdf\" target=\"_blank\" rel=\"noopener\">\u2690 Diagnostico del Aspecto de Evaluaci\u00f3n del Desempe\u00f1o<\/a><\/p><p style=\"margin-top: 20px;\"><a href=\"https:\/\/chilpancingo.gob.mx\/transparencia\/wp-content\/uploads\/2022\/11\/Plan-de-trabajo-2019.pdf\" target=\"_blank\" rel=\"noopener\">\u2690 Plan de Trabajo<\/a><\/p><p style=\"margin-top: 20px;\"><a href=\"https:\/\/chilpancingo.gob.mx\/transparencia\/wp-content\/uploads\/2022\/11\/Programa-Anual-de-Evaluacion-PAE-2019.pdf\" target=\"_blank\" rel=\"noopener\">\u2690 Programa Anual de Evaluaci\u00f3n (PAE)<\/a><\/p><p style=\"margin-top: 20px;\"><a href=\"https:\/\/chilpancingo.gob.mx\/transparencia\/wp-content\/uploads\/2022\/11\/Resultado-de-Evaluaciones-2019.pdf\" target=\"_blank\" rel=\"noopener\">\u2690 Resultado de Evaluaciones<\/a><\/p><\/div><\/div><\/div><\/div><\/div><\/div><\/div>\n\t\t\t\t\t\t\t<\/div>\n\t\t<\/div>\n\t\t\t\t\t\t<\/div>\n\t\t\t\t<\/div>\n\t\t\t\t\t<\/div>\n\t\t<\/div>\n\t\t\t\t\t<\/div>\n\t\t<\/section>\n\t\t\t\t<\/div>\n\t\t","protected":false},"excerpt":{"rendered":"<p>Evaluaci\u00f3n al Desempe\u00f1o Municipal 2024 2023 2022 2021 2020 2019 2024 Informaci\u00f3n disponible \u2690 Resumen Ejecutivo, Evaluaci\u00f3n del Programa Presupuestario N\u00famero 001 \u2690 Resumen Ejecutivo, Evaluaci\u00f3n del Programa Presupuestario N\u00famero [&hellip;]<\/p>\n","protected":false},"author":1,"featured_media":0,"parent":0,"menu_order":0,"comment_status":"closed","ping_status":"closed","template":"","meta":{"footnotes":"","_links_to":"","_links_to_target":""},"class_list":["post-2316","page","type-page","status-publish","hentry"],"jetpack_sharing_enabled":true,"_links":{"self":[{"href":"https:\/\/chilpancingo.gob.mx\/transparencia\/wp-json\/wp\/v2\/pages\/2316","targetHints":{"allow":["GET"]}}],"collection":[{"href":"https:\/\/chilpancingo.gob.mx\/transparencia\/wp-json\/wp\/v2\/pages"}],"about":[{"href":"https:\/\/chilpancingo.gob.mx\/transparencia\/wp-json\/wp\/v2\/types\/page"}],"author":[{"embeddable":true,"href":"https:\/\/chilpancingo.gob.mx\/transparencia\/wp-json\/wp\/v2\/users\/1"}],"replies":[{"embeddable":true,"href":"https:\/\/chilpancingo.gob.mx\/transparencia\/wp-json\/wp\/v2\/comments?post=2316"}],"version-history":[{"count":10,"href":"https:\/\/chilpancingo.gob.mx\/transparencia\/wp-json\/wp\/v2\/pages\/2316\/revisions"}],"predecessor-version":[{"id":18608,"href":"https:\/\/chilpancingo.gob.mx\/transparencia\/wp-json\/wp\/v2\/pages\/2316\/revisions\/18608"}],"wp:attachment":[{"href":"https:\/\/chilpancingo.gob.mx\/transparencia\/wp-json\/wp\/v2\/media?parent=2316"}],"curies":[{"name":"wp","href":"https:\/\/api.w.org\/{rel}","templated":true}]}}