{"id":2322,"date":"2021-08-27T23:15:00","date_gmt":"2021-08-28T04:15:00","guid":{"rendered":"https:\/\/chilpancingo.gob.mx\/transparencia\/?page_id=2322"},"modified":"2021-08-28T20:03:49","modified_gmt":"2021-08-29T01:03:49","slug":"preguntas-frecuentes","status":"publish","type":"page","link":"https:\/\/chilpancingo.gob.mx\/transparencia\/preguntas-frecuentes\/","title":{"rendered":"Preguntas Frecuentes"},"content":{"rendered":"\t\t<div data-elementor-type=\"wp-page\" data-elementor-id=\"2322\" class=\"elementor elementor-2322\">\n\t\t\t\t\t\t<section class=\"elementor-section elementor-top-section elementor-element elementor-element-19a319a elementor-section-boxed elementor-section-height-default elementor-section-height-default\" data-id=\"19a319a\" data-element_type=\"section\">\n\t\t\t\t\t\t<div class=\"elementor-container elementor-column-gap-default\">\n\t\t\t\t\t<div class=\"elementor-column elementor-col-100 elementor-top-column elementor-element elementor-element-b2875a2\" data-id=\"b2875a2\" data-element_type=\"column\">\n\t\t\t<div class=\"elementor-widget-wrap\">\n\t\t\t\t\t\t\t<\/div>\n\t\t<\/div>\n\t\t\t\t\t<\/div>\n\t\t<\/section>\n\t\t\t\t<section class=\"elementor-section elementor-top-section elementor-element elementor-element-ff3235d elementor-section-boxed elementor-section-height-default elementor-section-height-default\" data-id=\"ff3235d\" data-element_type=\"section\">\n\t\t\t\t\t\t<div class=\"elementor-container elementor-column-gap-default\">\n\t\t\t\t\t<div class=\"elementor-column elementor-col-100 elementor-top-column elementor-element elementor-element-be5305f\" data-id=\"be5305f\" data-element_type=\"column\">\n\t\t\t<div class=\"elementor-widget-wrap elementor-element-populated\">\n\t\t\t\t\t\t<div class=\"elementor-element elementor-element-e3f9834 elementor-widget elementor-widget-whitehall_faqs_v2\" data-id=\"e3f9834\" data-element_type=\"widget\" data-widget_type=\"whitehall_faqs_v2.default\">\n\t\t\t\t<div class=\"elementor-widget-container\">\n\t\t\t\t\t\n\t\t<!-- faq-page-section -->\n        <section class=\"faq-page-section faq-section sec-pad\">\n            <div class=\"auto-container\">\n                <div class=\"sec-title centred\">\n\t\t\t\t\t\t\t\t\t\t<h6><i class=\"flaticon-star\"><\/i><span>FAQS<\/span><i class=\"flaticon-star\"><\/i><\/h6>\n\t\t\t\t\t\n\t\t\t\t\t\t\t\t\t\t<h2>Preguntas Frecuentes<\/h2>\n\t\t\t\t\t<div class=\"title-shape\"><\/div>\n\t\t\t\t\t                <\/div>\n                <div class=\"row clearfix\">\n                    <div class=\"col-lg-4 col-md-12 col-sm-12 sidebar-side\">\n                        <div class=\"faq-sidebar\">\n                                                        <div class=\"single-item\">\n                                <span>&#10149;<\/span>\n                                <div class=\"icon-box\"><i class=\"fa fa-user-alt\"><\/i><\/div>\n                                <h4><a href=\"https:\/\/chilpancingo.gob.mx\/transparencia\/wp-content\/uploads\/2021\/08\/Preguntas-frecuentes.pdf\">Descargar PDF<\/a><\/h4>\n                                <p>Se ofrece aqu\u00ed respuesta a una selecci\u00f3n de las preguntas m\u00e1s frecuentes planteadas por los ciudadanos. <\/p>\n\t\t\t\t\t\t\t\t\n\t\t\t\t\t\t\t\t\n                                <a href=\"faq.html\">View faq\u2019s<i class=\"flaticon-right-arrow\"><\/i><\/a>\n                            <\/div>\n\t\t\t\t\t\t\t                        <\/div>\n                    <\/div>\n                    <div class=\"col-lg-8 col-md-12 col-sm-12 content-side\">\n                        <ul class=\"accordion-box\">\n                            \t\t\t\t\t\t\t<li class=\"accordion block active-block\">\n                                <div class=\"acc-btn active\">\n                                    <div class=\"icon-outer\"><\/div>\n                                    <h5><span>01. <\/span>\u00bfQu\u00e9 es la informaci\u00f3n p\u00fablica?<\/h5>\n                                <\/div>\n                                <div class=\"acc-content current\">\n                                    <div class=\"text\">\n                                        <p style=\"text-align: justify;\">Todo registro, archivo o cualquier dato que se recopile, mantenga, procese o se encuentre en poder de las entidades p\u00fablicas como resultado del ejercicio de sus funciones, atribuciones u obligaciones.<\/p>\n                                    <\/div>\n                                <\/div>\n                            <\/li>\n\t\t\t\t\t\t\t\t\t\t\t\t\t\t<li class=\"accordion block \">\n                                <div class=\"acc-btn \">\n                                    <div class=\"icon-outer\"><\/div>\n                                    <h5><span>02. <\/span>\u00bfCu\u00e1l es la informaci\u00f3n reservada?<\/h5>\n                                <\/div>\n                                <div class=\"acc-content \">\n                                    <div class=\"text\">\n                                        <p style=\"text-align: justify;\">La que pueda da\u00f1ar las funciones p\u00fablicas, la vida o la salud de cualquier persona, la relacionada con la propiedad intelectual, la generada por tr\u00e1mites y juicios, y los estudios y proyectos en desarrollo.<\/p>\n                                    <\/div>\n                                <\/div>\n                            <\/li>\n\t\t\t\t\t\t\t\t\t\t\t\t\t\t<li class=\"accordion block \">\n                                <div class=\"acc-btn \">\n                                    <div class=\"icon-outer\"><\/div>\n                                    <h5><span>03. <\/span>\u00bfCu\u00e1l es la informaci\u00f3n confidencial?<\/h5>\n                                <\/div>\n                                <div class=\"acc-content \">\n                                    <div class=\"text\">\n                                        <p style=\"text-align: justify;\">Es la que se encuentra en poder de los sujetos obligados relativa a los datos de las personas: su origen \u00e9tnico o racial, sus caracter\u00edsticas f\u00edsicas, morales o emocionales; su vida afectiva y familiar; su domicilio; n\u00famero telef\u00f3nico; patrimonio; ideolog\u00eda y opiniones pol\u00edticas; creencias religiosas o filos\u00f3ficas; los estados de salud, f\u00edsicos o mentales; las preferencias sexuales u otras similares que afecten su intimidad.<\/p>\n                                    <\/div>\n                                <\/div>\n                            <\/li>\n\t\t\t\t\t\t\t\t\t\t\t\t\t\t<li class=\"accordion block \">\n                                <div class=\"acc-btn \">\n                                    <div class=\"icon-outer\"><\/div>\n                                    <h5><span>04. <\/span>\u00bfQui\u00e9nes est\u00e1n obligados a proporcionar el acceso a la informaci\u00f3n p\u00fablica, as\u00ed como a proteger los datos personales que tengan a su cargo?<\/h5>\n                                <\/div>\n                                <div class=\"acc-content \">\n                                    <div class=\"text\">\n                                        <p style=\"text-align: justify;\">Las dependencias centralizadas y las entidades paraestatales de la Administraci\u00f3n P\u00fablica Estatal, del Poder Legislativo del Estado y sus \u00f3rganos administrativos y t\u00e9cnicos; El Poder Judicial del Estado y sus \u00f3rganos y dependencias; Los Ayuntamientos o los concejos municipales;<\/p>\n<p>&nbsp;<\/p>\n<p style=\"text-align: justify;\">\nLa Administraci\u00f3n P\u00fablica Estatal y municipal, incluy\u00e9ndolos \u00f3rganos y organismos desconcentrados y descentralizados; las empresas de participaci\u00f3n estatal y municipal, y los fideicomisos p\u00fablicos estatales y municipales; El Tribunal de lo Contencioso Administrativo; Los \u00d3rganos P\u00fablicos Aut\u00f3nomos del Estado, incluyendo a las Universidades Aut\u00f3nomas e Instituciones de Educaci\u00f3n Superior P\u00fablicas;\n<\/p>\n<p>&nbsp;<\/p>\n<p style=\"text-align: justify;\">\nLos partidos, asociaciones y agrupaciones pol\u00edticas, a trav\u00e9s del Instituto Electoral del Estado de Guerrero; &nbsp;<br \/>\nLas Juntas y Tribunales Locales de Conciliaci\u00f3n y Arbitraje y las dem\u00e1s autoridades en<br \/>\nmateria de trabajo; &nbsp;<br \/>\nEl Instituto Electoral, el Tribunal Electoral y la Fiscal\u00eda Especializada en Delitos Electorales del Estado de Guerrero; &nbsp;<br \/>\nLas personas f\u00edsicas y morales que, en el ejercicio de sus actividades, ejerzan, reciban, utilicen o dispongan de recursos p\u00fablicos, estar\u00e1n obligadas a entregar la informaci\u00f3n relacionada con dichos actos a trav\u00e9s del Sujeto Obligado que entregue el recurso, supervise o coordine estas actividades, y Cualquier otro \u00f3rgano u organismo, dependencia o entidad estatal o municipal p\u00fablico que, en el ejercicio de sus actividades ejerzan, reciban, utilicen o dispongan de recursos p\u00fablicos.<\/p>\n                                    <\/div>\n                                <\/div>\n                            <\/li>\n\t\t\t\t\t\t\t\t\t\t\t\t\t\t<li class=\"accordion block \">\n                                <div class=\"acc-btn \">\n                                    <div class=\"icon-outer\"><\/div>\n                                    <h5><span>05. <\/span>\u00bfC\u00f3mo puedo obtener Informaci\u00f3n P\u00fablica?<\/h5>\n                                <\/div>\n                                <div class=\"acc-content \">\n                                    <div class=\"text\">\n                                        <p style=\"text-align: justify;\">De forma personal mediante un escrito (solicitud de acceso a la informaci\u00f3n p\u00fablica, debidamente llenada) presentado ante el \u00c1rea Responsable de la Informaci\u00f3n P\u00fablica de la dependencia gubernamental que cuente con la informaci\u00f3n deseada.<\/p>\n<p>&nbsp;<\/p>\n<p style=\"text-align: justify;\">V\u00eda electr\u00f3nica a trav\u00e9s del sistema Info-Guerrero <a href=\"http:\/\/guerrero.infomex.org.mx\/\" target=\"_blank\" rel=\"noopener\">http:\/\/guerrero.infomex.org.mx\/<\/a> para ejercer el derecho de acceso a la informaci\u00f3n p\u00fablica no es necesario acreditar derechos subjetivos, inter\u00e9s leg\u00edtimo o razones que motiven el pedimento, salvo en el caso de la informaci\u00f3n clasificada como confidencial.<\/p>\n<p>&nbsp;<\/p>\n<p style=\"text-align: justify;\">Las solicitudes de informaci\u00f3n deber\u00e1n contener cuando menos: identificaci\u00f3n de la entidad p\u00fablica a la que se dirija, nombre completo del solicitante, datos claros y precisos de la informaci\u00f3n requerida, domicilio, tel\u00e9fono o direcci\u00f3n electr\u00f3nica para recibir la informaci\u00f3n o notificaciones.<\/p>\n                                    <\/div>\n                                <\/div>\n                            <\/li>\n\t\t\t\t\t\t\t\t\t\t\t\t\t\t<li class=\"accordion block \">\n                                <div class=\"acc-btn \">\n                                    <div class=\"icon-outer\"><\/div>\n                                    <h5><span>06. <\/span>\u00bfEn cu\u00e1nto tiempo puedo recibir la respuesta?<\/h5>\n                                <\/div>\n                                <div class=\"acc-content \">\n                                    <div class=\"text\">\n                                        <p style=\"text-align: justify;\">Toda solicitud de informaci\u00f3n realizada en los t\u00e9rminos de esta ley, ser\u00e1 contestada en un plazo no mayor de 20 d\u00edas h\u00e1biles. El plazo, previo acuerdo notificado al solicitante, se podr\u00e1 prorrogar por \u00fanica vez por otros diez d\u00edas h\u00e1biles.<\/p>\n                                    <\/div>\n                                <\/div>\n                            <\/li>\n\t\t\t\t\t\t\t\t\t\t\t\t\t\t<li class=\"accordion block \">\n                                <div class=\"acc-btn \">\n                                    <div class=\"icon-outer\"><\/div>\n                                    <h5><span>07. <\/span>\u00bfQu\u00e9 hacer si se niega o limita la Informaci\u00f3n P\u00fablica o de datos personales?<\/h5>\n                                <\/div>\n                                <div class=\"acc-content \">\n                                    <div class=\"text\">\n                                        <p style=\"text-align: justify;\">Los datos que nieguen o impidan el acceso a la informaci\u00f3n p\u00fablica o protecci\u00f3n de datos personales, as\u00ed como de aquellos que la proporcionen de manera inexacta, incompleta o distinta a la solicitada, podr\u00e1n ser objeto de impugnaci\u00f3n mediante el Recurso de Revisi\u00f3n.<\/p>\n                                    <\/div>\n                                <\/div>\n                            <\/li>\n\t\t\t\t\t\t\t\t\t\t\t\t\t\t<li class=\"accordion block \">\n                                <div class=\"acc-btn \">\n                                    <div class=\"icon-outer\"><\/div>\n                                    <h5><span>08. <\/span>\u00bfQu\u00e9 es el Recurso de Revisi\u00f3n?<\/h5>\n                                <\/div>\n                                <div class=\"acc-content \">\n                                    <div class=\"text\">\n                                        <p style=\"text-align: justify;\">Es el medio de defensa que la persona podr\u00e1 ejercer cuando; una dependencia le niegue total o parcialmente la informaci\u00f3n p\u00fablica solicitada, cuando no est\u00e9 completa o no corresponda a lo solicitado, cuando no sea entregada dentro de los plazos establecidos por la Ley o cuando la persona no est\u00e9 conforme con la respuesta.<\/p>\n<p>&nbsp;<\/p>\n<p style=\"text-align: left;\">El plazo para interponer el Recurso de Revisi\u00f3n ser\u00e1 de 10 d\u00edas h\u00e1biles siguientes a la notificaci\u00f3n de la resoluci\u00f3n recurrida.<\/p>\n                                    <\/div>\n                                <\/div>\n                            <\/li>\n\t\t\t\t\t\t\t\t\t\t\t\t\t\t<li class=\"accordion block \">\n                                <div class=\"acc-btn \">\n                                    <div class=\"icon-outer\"><\/div>\n                                    <h5><span>09. <\/span>\u00bfQu\u00e9 son los datos personales?<\/h5>\n                                <\/div>\n                                <div class=\"acc-content \">\n                                    <div class=\"text\">\n                                        <p style=\"text-align: justify;\">Es cualquier informaci\u00f3n relacionada contigo, por ejemplo, tu nombre, tel\u00e9fono, domicilio, fotograf\u00eda o huellas dactilares, as\u00ed como cualquier otro dato que pueda servir para identificarte. Este tipo de datos te permiten adem\u00e1s, interactuar con otras personas, o con una o m\u00e1s organizaciones, as\u00ed como que puedas ser sujeto de derechos.<\/p>\n                                    <\/div>\n                                <\/div>\n                            <\/li>\n\t\t\t\t\t\t\t\t\t\t\t\t\t\t<li class=\"accordion block \">\n                                <div class=\"acc-btn \">\n                                    <div class=\"icon-outer\"><\/div>\n                                    <h5><span>10. <\/span>\u00bfA qui\u00e9n le pertenecen los datos personales?<\/h5>\n                                <\/div>\n                                <div class=\"acc-content \">\n                                    <div class=\"text\">\n                                        <p style=\"text-align: justify;\">El due\u00f1o de tus datos personales eres T\u00da, y T\u00da decides a qui\u00e9n, para qu\u00e9, cu\u00e1ndo y por qu\u00e9 los proporcionas.<\/p>\n                                    <\/div>\n                                <\/div>\n                            <\/li>\n\t\t\t\t\t\t\t\t\t\t\t\t\t\t<li class=\"accordion block \">\n                                <div class=\"acc-btn \">\n                                    <div class=\"icon-outer\"><\/div>\n                                    <h5><span>11. <\/span>\u00bfPor qu\u00e9 es importante proteger los datos personales?<\/h5>\n                                <\/div>\n                                <div class=\"acc-content \">\n                                    <div class=\"text\">\n                                        <p style=\"text-align: justify;\">Para evitar que los datos sean utilizados para una finalidad distinta para la cual la proporcionaste, evitando con ello se afecten otros derechos y libertades, por ejemplo que se utilice de forma incorrecta cierta informaci\u00f3n de salud lo que podr\u00eda ocasionar una discriminaci\u00f3n laboral, entre otros supuestos.<\/p>\n                                    <\/div>\n                                <\/div>\n                            <\/li>\n\t\t\t\t\t\t\t\t\t\t\t\t\t\t<li class=\"accordion block \">\n                                <div class=\"acc-btn \">\n                                    <div class=\"icon-outer\"><\/div>\n                                    <h5><span>12. <\/span>\u00bfQui\u00e9n est\u00e1 obligado a proteger los datos personales?<\/h5>\n                                <\/div>\n                                <div class=\"acc-content \">\n                                    <div class=\"text\">\n                                        <p style=\"text-align: justify;\">Todos debemos proteger los datos personales, es un esfuerzo conjunto: T\u00fa exigiendo tus derechos, quienes posean datos personales, observando lo establecido por la Ley y el ITAIGro, garantizando ese derecho.<\/p>\n                                    <\/div>\n                                <\/div>\n                            <\/li>\n\t\t\t\t\t\t\t\t\t\t\t\t\t\t<li class=\"accordion block \">\n                                <div class=\"acc-btn \">\n                                    <div class=\"icon-outer\"><\/div>\n                                    <h5><span>13. <\/span>\u00bfEn qu\u00e9 consiste el derecho de protecci\u00f3n de datos personales?<\/h5>\n                                <\/div>\n                                <div class=\"acc-content \">\n                                    <div class=\"text\">\n                                        <p style=\"text-align: justify;\">Es la facultad que otorga la Ley para que t\u00fa, como due\u00f1o de los datos personales, decidas a qui\u00e9n proporcionas tu informaci\u00f3n, c\u00f3mo y para qu\u00e9; este derecho te permite acceder, rectificar, cancelar y oponerte al tratamiento de tu informaci\u00f3n personal. Por sus iniciales, son conocidos com\u00fanmente como derechos ARCO.<\/p>\n                                    <\/div>\n                                <\/div>\n                            <\/li>\n\t\t\t\t\t\t\t\t\t\t\t\t\t\t<li class=\"accordion block \">\n                                <div class=\"acc-btn \">\n                                    <div class=\"icon-outer\"><\/div>\n                                    <h5><span>14. <\/span>\u00bfQu\u00e9 tipo de datos personales hay?<\/h5>\n                                <\/div>\n                                <div class=\"acc-content \">\n                                    <div class=\"text\">\n                                        <p style=\"text-align: justify;\">Existen diferentes categor\u00edas de datos, por ejemplo:<\/p>\n<p>&nbsp;<\/p>\n<p style=\"text-align: justify;\">De identificaci\u00f3n (nombre, domicilio, tel\u00e9fono, correo electr\u00f3nico, firma, RFC, CURP, fecha de nacimiento, edad, nacionalidad, estado civil, etc.);<\/p>\n<p>&nbsp;<\/p>\n<p style=\"text-align: justify;\">Laborales (puesto, domicilio, correo electr\u00f3nico y tel\u00e9fono del trabajo);<\/p>\n<p>&nbsp;<\/p>\n<p style=\"text-align: justify;\">Patrimoniales (informaci\u00f3n fiscal, historial crediticio, cuentas bancarias, ingresos y egresos, etc.);<\/p>\n<p>&nbsp;<\/p>\n<p style=\"text-align: justify;\">Acad\u00e9micos (trayectoria educativa, t\u00edtulo, n\u00famero de c\u00e9dula, certificados, etc.);<\/p>\n<p>&nbsp;<\/p>\n<p style=\"text-align: justify;\">Ideol\u00f3gicos (creencias religiosas, afiliaci\u00f3n pol\u00edtica y\/o sindical, pertenencia a organizaciones de la sociedad civil y\/o asociaciones religiosas;<\/p>\n<p>&nbsp;<\/p>\n<p style=\"text-align: justify;\">De salud (estado de salud, historial cl\u00ednico, enfermedades, informaci\u00f3n relacionada con cuestiones de car\u00e1cter psicol\u00f3gico y\/o psiqui\u00e1trico, etc.);<\/p>\n<p>&nbsp;<\/p>\n<p style=\"text-align: justify;\">Caracter\u00edsticas personales (tipo de sangre, ADN, huella digital, etc.);<\/p>\n<p>&nbsp;<\/p>\n<p style=\"text-align: justify;\">Caracter\u00edsticas f\u00edsicas (color de piel, iris y cabellos, se\u00f1ales particulares, etc.); vida y h\u00e1bitos sexuales, origen (\u00e9tnico y racial.); entre otros.<\/p>\n                                    <\/div>\n                                <\/div>\n                            <\/li>\n\t\t\t\t\t\t\t\t\t\t\t\t\t\t<li class=\"accordion block \">\n                                <div class=\"acc-btn \">\n                                    <div class=\"icon-outer\"><\/div>\n                                    <h5><span>15. <\/span>\u00bfQu\u00e9 es el SIPOT?<\/h5>\n                                <\/div>\n                                <div class=\"acc-content \">\n                                    <div class=\"text\">\n                                        <p style=\"text-align: justify;\">Es el (Sistema de Portales de Obligaciones de Transparencia) de la Plataforma Nacional de Transparencia el cual puede ser consultado por cualquier persona y conocer el cumplimiento de las obligaciones de cada sujeto obligado por entidad federativa en el pa\u00eds, vis\u00edtalo en el siguiente enlace: <a href=\"http:\/\/consultapublicamx.inai.org.mx:8080\/vut-web\/\" target=\"_blank\" rel=\"noopener\">http:\/\/consultapublicamx.inai.org.mx:8080\/vut-web\/<\/a><\/p>\n                                    <\/div>\n                                <\/div>\n                            <\/li>\n\t\t\t\t\t\t\t                        <\/ul>\n                        <div class=\"form-inner\">\n                            <div class=\"text\">\n                                <h3><\/h3>\n                                <p><\/p>\n                            <\/div>\n\t\t\t\t\t\t\t\n\t\t\t\t\t\t\t                        <\/div>\n                    <\/div>\n                <\/div>\n            <\/div>\n        <\/section>\n        <!-- faq-page-section end -->\n\n        \t\t\t\t<\/div>\n\t\t\t\t<\/div>\n\t\t\t\t\t<\/div>\n\t\t<\/div>\n\t\t\t\t\t<\/div>\n\t\t<\/section>\n\t\t\t\t<\/div>\n\t\t","protected":false},"excerpt":{"rendered":"<p>FAQS Preguntas Frecuentes &#10149; Descargar PDF Se ofrece aqu\u00ed respuesta a una selecci\u00f3n de las preguntas m\u00e1s frecuentes planteadas por los ciudadanos. View faq\u2019s 01. \u00bfQu\u00e9 es la informaci\u00f3n p\u00fablica? [&hellip;]<\/p>\n","protected":false},"author":1,"featured_media":0,"parent":0,"menu_order":0,"comment_status":"closed","ping_status":"closed","template":"","meta":{"footnotes":"","_links_to":"","_links_to_target":""},"class_list":["post-2322","page","type-page","status-publish","hentry"],"jetpack_sharing_enabled":true,"_links":{"self":[{"href":"https:\/\/chilpancingo.gob.mx\/transparencia\/wp-json\/wp\/v2\/pages\/2322","targetHints":{"allow":["GET"]}}],"collection":[{"href":"https:\/\/chilpancingo.gob.mx\/transparencia\/wp-json\/wp\/v2\/pages"}],"about":[{"href":"https:\/\/chilpancingo.gob.mx\/transparencia\/wp-json\/wp\/v2\/types\/page"}],"author":[{"embeddable":true,"href":"https:\/\/chilpancingo.gob.mx\/transparencia\/wp-json\/wp\/v2\/users\/1"}],"replies":[{"embeddable":true,"href":"https:\/\/chilpancingo.gob.mx\/transparencia\/wp-json\/wp\/v2\/comments?post=2322"}],"version-history":[{"count":40,"href":"https:\/\/chilpancingo.gob.mx\/transparencia\/wp-json\/wp\/v2\/pages\/2322\/revisions"}],"predecessor-version":[{"id":2424,"href":"https:\/\/chilpancingo.gob.mx\/transparencia\/wp-json\/wp\/v2\/pages\/2322\/revisions\/2424"}],"wp:attachment":[{"href":"https:\/\/chilpancingo.gob.mx\/transparencia\/wp-json\/wp\/v2\/media?parent=2322"}],"curies":[{"name":"wp","href":"https:\/\/api.w.org\/{rel}","templated":true}]}}