{"id":4761,"date":"2021-11-09T18:34:00","date_gmt":"2021-11-10T00:34:00","guid":{"rendered":"https:\/\/chilpancingo.gob.mx\/transparencia\/?page_id=4761"},"modified":"2023-05-25T13:50:14","modified_gmt":"2023-05-25T18:50:14","slug":"xlvii-para-efectos-estadisticos-el-listado-de-solicitudes-a-las-empresas-concesionarias-de-telecomunicaciones-y-proveedores-de-servicios-o-aplicaciones-de-internet-para-la-intervencion-de-comunicaci","status":"publish","type":"page","link":"https:\/\/chilpancingo.gob.mx\/transparencia\/xlvii-para-efectos-estadisticos-el-listado-de-solicitudes-a-las-empresas-concesionarias-de-telecomunicaciones-y-proveedores-de-servicios-o-aplicaciones-de-internet-para-la-intervencion-de-comunicaci\/","title":{"rendered":"XLVII. Para efectos estad\u00edsticos, el listado de solicitudes a las empresas concesionarias de telecomunicaciones y proveedores de servicios o aplicaciones de Internet para la intervenci\u00f3n de comunicaciones privadas, el acceso al registro de comunicaciones y la localizaci\u00f3n geogr\u00e1fica en tiempo real de equipos de comunicaci\u00f3n, que contenga exclusivamente el objeto, el alcance temporal y los fundamentos legales del requerimiento, as\u00ed como, en su caso, la menci\u00f3n de que cuenta con la autorizaci\u00f3n judicial correspondiente."},"content":{"rendered":"\t\t<div data-elementor-type=\"wp-page\" data-elementor-id=\"4761\" class=\"elementor elementor-4761\">\n\t\t\t\t\t\t<section class=\"elementor-section elementor-top-section elementor-element elementor-element-b7b507e elementor-section-boxed elementor-section-height-default elementor-section-height-default\" data-id=\"b7b507e\" data-element_type=\"section\">\n\t\t\t\t\t\t<div class=\"elementor-container elementor-column-gap-default\">\n\t\t\t\t\t<div class=\"elementor-column elementor-col-100 elementor-top-column elementor-element elementor-element-266d5b5\" data-id=\"266d5b5\" data-element_type=\"column\">\n\t\t\t<div class=\"elementor-widget-wrap elementor-element-populated\">\n\t\t\t\t\t\t<div class=\"elementor-element elementor-element-f67c20c elementor-widget elementor-widget-heading\" data-id=\"f67c20c\" data-element_type=\"widget\" data-widget_type=\"heading.default\">\n\t\t\t\t<div class=\"elementor-widget-container\">\n\t\t\t\t\t<h4 class=\"elementor-heading-title elementor-size-default\">XLVII. Para efectos estad\u00edsticos, el listado de solicitudes a las empresas concesionarias de telecomunicaciones y proveedores de servicios o aplicaciones de Internet para la intervenci\u00f3n de comunicaciones privadas, el acceso al registro de comunicaciones y la localizaci\u00f3n geogr\u00e1fica en tiempo real de equipos de comunicaci\u00f3n, que contenga exclusivamente el objeto, el alcance temporal y los fundamentos legales del requerimiento, as\u00ed como, en su caso, la menci\u00f3n de que cuenta con la autorizaci\u00f3n judicial correspondiente.<\/h4>\t\t\t\t<\/div>\n\t\t\t\t<\/div>\n\t\t\t\t\t<\/div>\n\t\t<\/div>\n\t\t\t\t\t<\/div>\n\t\t<\/section>\n\t\t\t\t<section class=\"elementor-section elementor-top-section elementor-element elementor-element-5e70aeb elementor-section-boxed elementor-section-height-default elementor-section-height-default\" data-id=\"5e70aeb\" data-element_type=\"section\">\n\t\t\t\t\t\t<div class=\"elementor-container elementor-column-gap-default\">\n\t\t\t\t\t<div class=\"elementor-column elementor-col-100 elementor-top-column elementor-element elementor-element-82524f7\" data-id=\"82524f7\" data-element_type=\"column\">\n\t\t\t<div class=\"elementor-widget-wrap elementor-element-populated\">\n\t\t\t\t\t\t<div class=\"elementor-element elementor-element-ca05082 elementor-tabs-view-horizontal elementor-widget elementor-widget-tabs\" data-id=\"ca05082\" data-element_type=\"widget\" data-widget_type=\"tabs.default\">\n\t\t\t\t<div class=\"elementor-widget-container\">\n\t\t\t\t\t\t\t<div class=\"elementor-tabs\">\n\t\t\t<div class=\"elementor-tabs-wrapper\" role=\"tablist\" >\n\t\t\t\t\t\t\t\t\t<div id=\"elementor-tab-title-2111\" class=\"elementor-tab-title elementor-tab-desktop-title\" aria-selected=\"true\" data-tab=\"1\" role=\"tab\" tabindex=\"0\" aria-controls=\"elementor-tab-content-2111\" aria-expanded=\"false\"><i class=\"fas fa-calendar-alt\"><\/i>  2023<\/div>\n\t\t\t\t\t\t\t\t\t<div id=\"elementor-tab-title-2112\" class=\"elementor-tab-title elementor-tab-desktop-title\" aria-selected=\"false\" data-tab=\"2\" role=\"tab\" tabindex=\"-1\" aria-controls=\"elementor-tab-content-2112\" aria-expanded=\"false\"><i class=\"fas fa-calendar-alt\"><\/i>  2022<\/div>\n\t\t\t\t\t\t\t\t\t<div id=\"elementor-tab-title-2113\" class=\"elementor-tab-title elementor-tab-desktop-title\" aria-selected=\"false\" data-tab=\"3\" role=\"tab\" tabindex=\"-1\" aria-controls=\"elementor-tab-content-2113\" aria-expanded=\"false\"><i class=\"fas fa-calendar-alt\"><\/i>  2021<\/div>\n\t\t\t\t\t\t\t<\/div>\n\t\t\t<div class=\"elementor-tabs-content-wrapper\" role=\"tablist\" aria-orientation=\"vertical\">\n\t\t\t\t\t\t\t\t\t<div class=\"elementor-tab-title elementor-tab-mobile-title\" aria-selected=\"true\" data-tab=\"1\" role=\"tab\" tabindex=\"0\" aria-controls=\"elementor-tab-content-2111\" aria-expanded=\"false\"><i class=\"fas fa-calendar-alt\"><\/i>  2023<\/div>\n\t\t\t\t\t<div id=\"elementor-tab-content-2111\" class=\"elementor-tab-content elementor-clearfix\" data-tab=\"1\" role=\"tabpanel\" aria-labelledby=\"elementor-tab-title-2111\" tabindex=\"0\" hidden=\"false\"><div id=\"accordion\">\n\n\n<div class=\"card\">\n\n<div id=\"headingOne\" class=\"card-header\">\n\n<h5 class=\"mb-0\"><button class=\"btn btn-link\" data-toggle=\"collapse\" data-target=\"#collapseOne\" aria-expanded=\"true\" aria-=\"\">\n<i class=\"fas fa-chevron-circle-right\"><\/i> Cuarto Trimestre\n<\/button><\/h5>\n<\/div>\n<div id=\"collapseOne\" class=\"collapse show\" aria-labelledby=\"headingOne\" data-parent=\"#accordion\">\n<div class=\"card-body\">\n\n<p style=\"text-align: justify;\">No resulta aplicable de acuerdo a las atribuciones constitucionales y legales conferidas al municipio en el (Art\u00edculo 115, de la Constituci\u00f3n Pol\u00edtica de los Estados Unidos Mexicanos; art\u00edculo 93, 178 de la Constituci\u00f3n Pol\u00edtica del Estado Libre y Soberano de Guerrero; art\u00edculo 73 de la Ley Org\u00e1nica del Municipio Libre del Estado de Guerrero) No se cuenta para efectos estad\u00edsticos con el listado de solicitudes solicitado, no es competencia de este Ayuntamiento de Chilpancingo, Guerrero.<\/p>\n\n<\/div>\n<\/div>\n<\/div>\n\n<div class=\"card\">\n<div id=\"headingTwo\" class=\"card-header\">\n<h5 class=\"mb-0\"><button class=\"btn btn-link collapsed\" data-toggle=\"collapse\" data-target=\"#collapseTwo\" aria-expanded=\"false\" aria-controls=\"collapseTwo\">\n<i class=\"fas fa-chevron-circle-right\"><\/i> Tercer Trimestre\n<\/button><\/h5>\n<\/div>\n<div id=\"collapseTwo\" class=\"collapse\" aria-labelledby=\"headingTwo\" data-parent=\"#accordion\">\n<div class=\"card-body\">\n<p style=\"text-align: justify;\">No resulta aplicable de acuerdo a las atribuciones constitucionales y legales conferidas al municipio en el (Art\u00edculo 115, de la Constituci\u00f3n Pol\u00edtica de los Estados Unidos Mexicanos; art\u00edculo 93, 178 de la Constituci\u00f3n Pol\u00edtica del Estado Libre y Soberano de Guerrero; art\u00edculo 73 de la Ley Org\u00e1nica del Municipio Libre del Estado de Guerrero) No se cuenta para efectos estad\u00edsticos con el listado de solicitudes solicitado, no es competencia de este Ayuntamiento de Chilpancingo, Guerrero.<\/p>\n\n<\/div>\n<\/div>\n<\/div>\n<div class=\"card\">\n<div id=\"headingThree\" class=\"card-header\">\n<h5 class=\"mb-0\"><button class=\"btn btn-link collapsed\" data-toggle=\"collapse\" data-target=\"#collapseThree\" aria-expanded=\"false\" aria-controls=\"collapseThree\">\n<i class=\"fas fa-chevron-circle-right\"><\/i> Segundo Trimestre\n<\/button><\/h5>\n<\/div>\n<div id=\"collapseThree\" class=\"collapse\" aria-labelledby=\"headingThree\" data-parent=\"#accordion\">\n<div class=\"card-body\">\n<p style=\"text-align: justify;\">No resulta aplicable de acuerdo a las atribuciones constitucionales y legales conferidas al municipio en el (Art\u00edculo 115, de la Constituci\u00f3n Pol\u00edtica de los Estados Unidos Mexicanos; art\u00edculo 93, 178 de la Constituci\u00f3n Pol\u00edtica del Estado Libre y Soberano de Guerrero; art\u00edculo 73 de la Ley Org\u00e1nica del Municipio Libre del Estado de Guerrero) No se cuenta para efectos estad\u00edsticos con el listado de solicitudes solicitado, no es competencia de este Ayuntamiento de Chilpancingo, Guerrero.<\/p>\n\n<\/div>\n<\/div>\n<\/div>\n<div class=\"card\">\n<div id=\"headingFour\" class=\"card-header\">\n<h5 class=\"mb-0\"><button class=\"btn btn-link collapsed\" data-toggle=\"collapse\" data-target=\"#collapseFour\" aria-expanded=\"false\" aria-controls=\"collapseFour\">\n<i class=\"fas fa-chevron-circle-right\"><\/i> Primer Trimestre\n<\/button><\/h5>\n<\/div>\n<div id=\"collapseFour\" class=\"collapse\" aria-labelledby=\"headingTwo\" data-parent=\"#accordion\">\n<div class=\"card-body\">\n<p style=\"text-align: justify;\">No resulta aplicable de acuerdo a las atribuciones constitucionales y legales conferidas al municipio en el (Art\u00edculo 115, de la Constituci\u00f3n Pol\u00edtica de los Estados Unidos Mexicanos; art\u00edculo 93, 178 de la Constituci\u00f3n Pol\u00edtica del Estado Libre y Soberano de Guerrero; art\u00edculo 73 de la Ley Org\u00e1nica del Municipio Libre del Estado de Guerrero) No se cuenta para efectos estad\u00edsticos con el listado de solicitudes solicitado, no es competencia de este Ayuntamiento de Chilpancingo, Guerrero.<\/p>\n\n<\/div>\n<\/div>\n<\/div>\n<\/div><\/div>\n\t\t\t\t\t\t\t\t\t<div class=\"elementor-tab-title elementor-tab-mobile-title\" aria-selected=\"false\" data-tab=\"2\" role=\"tab\" tabindex=\"-1\" aria-controls=\"elementor-tab-content-2112\" aria-expanded=\"false\"><i class=\"fas fa-calendar-alt\"><\/i>  2022<\/div>\n\t\t\t\t\t<div id=\"elementor-tab-content-2112\" class=\"elementor-tab-content elementor-clearfix\" data-tab=\"2\" role=\"tabpanel\" aria-labelledby=\"elementor-tab-title-2112\" tabindex=\"0\" hidden=\"hidden\"><div id=\"accordion\">\n\n\n<div class=\"card\">\n\n<div id=\"headingOne\" class=\"card-header\">\n\n<h5 class=\"mb-0\"><button class=\"btn btn-link\" data-toggle=\"collapse\" data-target=\"#collapseOne\" aria-expanded=\"true\" aria-=\"\">\n<i class=\"fas fa-chevron-circle-right\"><\/i> Cuarto Trimestre\n<\/button><\/h5>\n<\/div>\n<div id=\"collapseOne\" class=\"collapse show\" aria-labelledby=\"headingOne\" data-parent=\"#accordion\">\n<div class=\"card-body\">\n\n<p style=\"text-align: justify;\">No resulta aplicable de acuerdo a las atribuciones constitucionales y legales conferidas al municipio en el (Art\u00edculo 115, de la Constituci\u00f3n Pol\u00edtica de los Estados Unidos Mexicanos; art\u00edculo 93, 178 de la Constituci\u00f3n Pol\u00edtica del Estado Libre y Soberano de Guerrero; art\u00edculo 73 de la Ley Org\u00e1nica del Municipio Libre del Estado de Guerrero) No se cuenta para efectos estad\u00edsticos con el listado de solicitudes solicitado, no es competencia de este Ayuntamiento de Chilpancingo, Guerrero.<\/p>\n\n<\/div>\n<\/div>\n<\/div>\n\n<div class=\"card\">\n<div id=\"headingTwo\" class=\"card-header\">\n<h5 class=\"mb-0\"><button class=\"btn btn-link collapsed\" data-toggle=\"collapse\" data-target=\"#collapseTwo\" aria-expanded=\"false\" aria-controls=\"collapseTwo\">\n<i class=\"fas fa-chevron-circle-right\"><\/i> Tercer Trimestre\n<\/button><\/h5>\n<\/div>\n<div id=\"collapseTwo\" class=\"collapse\" aria-labelledby=\"headingTwo\" data-parent=\"#accordion\">\n<div class=\"card-body\">\n<p style=\"text-align: justify;\">No resulta aplicable de acuerdo a las atribuciones constitucionales y legales conferidas al municipio en el (Art\u00edculo 115, de la Constituci\u00f3n Pol\u00edtica de los Estados Unidos Mexicanos; art\u00edculo 93, 178 de la Constituci\u00f3n Pol\u00edtica del Estado Libre y Soberano de Guerrero; art\u00edculo 73 de la Ley Org\u00e1nica del Municipio Libre del Estado de Guerrero) No se cuenta para efectos estad\u00edsticos con el listado de solicitudes solicitado, no es competencia de este Ayuntamiento de Chilpancingo, Guerrero.<\/p>\n\n<\/div>\n<\/div>\n<\/div>\n<div class=\"card\">\n<div id=\"headingThree\" class=\"card-header\">\n<h5 class=\"mb-0\"><button class=\"btn btn-link collapsed\" data-toggle=\"collapse\" data-target=\"#collapseThree\" aria-expanded=\"false\" aria-controls=\"collapseThree\">\n<i class=\"fas fa-chevron-circle-right\"><\/i> Segundo Trimestre\n<\/button><\/h5>\n<\/div>\n<div id=\"collapseThree\" class=\"collapse\" aria-labelledby=\"headingThree\" data-parent=\"#accordion\">\n<div class=\"card-body\">\n<p style=\"text-align: justify;\">No resulta aplicable de acuerdo a las atribuciones constitucionales y legales conferidas al municipio en el (Art\u00edculo 115, de la Constituci\u00f3n Pol\u00edtica de los Estados Unidos Mexicanos; art\u00edculo 93, 178 de la Constituci\u00f3n Pol\u00edtica del Estado Libre y Soberano de Guerrero; art\u00edculo 73 de la Ley Org\u00e1nica del Municipio Libre del Estado de Guerrero) No se cuenta para efectos estad\u00edsticos con el listado de solicitudes solicitado, no es competencia de este Ayuntamiento de Chilpancingo, Guerrero.<\/p>\n\n<\/div>\n<\/div>\n<\/div>\n<div class=\"card\">\n<div id=\"headingFour\" class=\"card-header\">\n<h5 class=\"mb-0\"><button class=\"btn btn-link collapsed\" data-toggle=\"collapse\" data-target=\"#collapseFour\" aria-expanded=\"false\" aria-controls=\"collapseFour\">\n<i class=\"fas fa-chevron-circle-right\"><\/i> Primer Trimestre\n<\/button><\/h5>\n<\/div>\n<div id=\"collapseFour\" class=\"collapse\" aria-labelledby=\"headingTwo\" data-parent=\"#accordion\">\n<div class=\"card-body\">\n<p style=\"text-align: justify;\">No resulta aplicable de acuerdo a las atribuciones constitucionales y legales conferidas al municipio en el (Art\u00edculo 115, de la Constituci\u00f3n Pol\u00edtica de los Estados Unidos Mexicanos; art\u00edculo 93, 178 de la Constituci\u00f3n Pol\u00edtica del Estado Libre y Soberano de Guerrero; art\u00edculo 73 de la Ley Org\u00e1nica del Municipio Libre del Estado de Guerrero) No se cuenta para efectos estad\u00edsticos con el listado de solicitudes solicitado, no es competencia de este Ayuntamiento de Chilpancingo, Guerrero.<\/p>\n\n<\/div>\n<\/div>\n<\/div>\n<\/div><\/div>\n\t\t\t\t\t\t\t\t\t<div class=\"elementor-tab-title elementor-tab-mobile-title\" aria-selected=\"false\" data-tab=\"3\" role=\"tab\" tabindex=\"-1\" aria-controls=\"elementor-tab-content-2113\" aria-expanded=\"false\"><i class=\"fas fa-calendar-alt\"><\/i>  2021<\/div>\n\t\t\t\t\t<div id=\"elementor-tab-content-2113\" class=\"elementor-tab-content elementor-clearfix\" data-tab=\"3\" role=\"tabpanel\" aria-labelledby=\"elementor-tab-title-2113\" tabindex=\"0\" hidden=\"hidden\"><div id=\"accordion\">\n\n\n<div class=\"card\">\n\n<div id=\"headingOne\" class=\"card-header\">\n\n<h5 class=\"mb-0\"><button class=\"btn btn-link\" data-toggle=\"collapse\" data-target=\"#collapseOne\" aria-expanded=\"true\" aria-=\"\">\n<i class=\"fas fa-chevron-circle-right\"><\/i> Cuarto Trimestre\n<\/button><\/h5>\n<\/div>\n<div id=\"collapseOne\" class=\"collapse show\" aria-labelledby=\"headingOne\" data-parent=\"#accordion\">\n<div class=\"card-body\">\n\n<p style=\"text-align: justify;\">No resulta aplicable de acuerdo a las atribuciones constitucionales y legales conferidas al municipio en el (Art\u00edculo 115, de la Constituci\u00f3n Pol\u00edtica de los Estados Unidos Mexicanos; art\u00edculo 93, 178 de la Constituci\u00f3n Pol\u00edtica del Estado Libre y Soberano de Guerrero; art\u00edculo 73 de la Ley Org\u00e1nica del Municipio Libre del Estado de Guerrero) No se cuenta para efectos estad\u00edsticos con el listado de solicitudes solicitado, no es competencia de este Ayuntamiento de Chilpancingo, Guerrero.<\/p>\n\n<\/div>\n<\/div>\n<\/div>\n\n<div class=\"card\">\n<div id=\"headingTwo\" class=\"card-header\">\n<h5 class=\"mb-0\"><button class=\"btn btn-link collapsed\" data-toggle=\"collapse\" data-target=\"#collapseTwo\" aria-expanded=\"false\" aria-controls=\"collapseTwo\">\n<i class=\"fas fa-chevron-circle-right\"><\/i> Tercer Trimestre\n<\/button><\/h5>\n<\/div>\n<div id=\"collapseTwo\" class=\"collapse\" aria-labelledby=\"headingTwo\" data-parent=\"#accordion\">\n<div class=\"card-body\">\n<p style=\"text-align: justify;\">No resulta aplicable de acuerdo a las atribuciones constitucionales y legales conferidas al municipio en el (Art\u00edculo 115, de la Constituci\u00f3n Pol\u00edtica de los Estados Unidos Mexicanos; art\u00edculo 93, 178 de la Constituci\u00f3n Pol\u00edtica del Estado Libre y Soberano de Guerrero; art\u00edculo 73 de la Ley Org\u00e1nica del Municipio Libre del Estado de Guerrero) No se cuenta para efectos estad\u00edsticos con el listado de solicitudes solicitado, no es competencia de este Ayuntamiento de Chilpancingo, Guerrero.<\/p>\n\n<\/div>\n<\/div>\n<\/div>\n<div class=\"card\">\n<div id=\"headingThree\" class=\"card-header\">\n<h5 class=\"mb-0\"><button class=\"btn btn-link collapsed\" data-toggle=\"collapse\" data-target=\"#collapseThree\" aria-expanded=\"false\" aria-controls=\"collapseThree\">\n<i class=\"fas fa-chevron-circle-right\"><\/i> Segundo Trimestre\n<\/button><\/h5>\n<\/div>\n<div id=\"collapseThree\" class=\"collapse\" aria-labelledby=\"headingThree\" data-parent=\"#accordion\">\n<div class=\"card-body\">\n<p style=\"text-align: justify;\">No resulta aplicable de acuerdo a las atribuciones constitucionales y legales conferidas al municipio en el (Art\u00edculo 115, de la Constituci\u00f3n Pol\u00edtica de los Estados Unidos Mexicanos; art\u00edculo 93, 178 de la Constituci\u00f3n Pol\u00edtica del Estado Libre y Soberano de Guerrero; art\u00edculo 73 de la Ley Org\u00e1nica del Municipio Libre del Estado de Guerrero) No se cuenta para efectos estad\u00edsticos con el listado de solicitudes solicitado, no es competencia de este Ayuntamiento de Chilpancingo, Guerrero.<\/p>\n\n<\/div>\n<\/div>\n<\/div>\n<div class=\"card\">\n<div id=\"headingFour\" class=\"card-header\">\n<h5 class=\"mb-0\"><button class=\"btn btn-link collapsed\" data-toggle=\"collapse\" data-target=\"#collapseFour\" aria-expanded=\"false\" aria-controls=\"collapseFour\">\n<i class=\"fas fa-chevron-circle-right\"><\/i> Primer Trimestre\n<\/button><\/h5>\n<\/div>\n<div id=\"collapseFour\" class=\"collapse\" aria-labelledby=\"headingTwo\" data-parent=\"#accordion\">\n<div class=\"card-body\">\n<p style=\"text-align: justify;\">No resulta aplicable de acuerdo a las atribuciones constitucionales y legales conferidas al municipio en el (Art\u00edculo 115, de la Constituci\u00f3n Pol\u00edtica de los Estados Unidos Mexicanos; art\u00edculo 93, 178 de la Constituci\u00f3n Pol\u00edtica del Estado Libre y Soberano de Guerrero; art\u00edculo 73 de la Ley Org\u00e1nica del Municipio Libre del Estado de Guerrero) No se cuenta para efectos estad\u00edsticos con el listado de solicitudes solicitado, no es competencia de este Ayuntamiento de Chilpancingo, Guerrero.<\/p>\n\n<\/div>\n<\/div>\n<\/div>\n<\/div><\/div>\n\t\t\t\t\t\t\t<\/div>\n\t\t<\/div>\n\t\t\t\t\t\t<\/div>\n\t\t\t\t<\/div>\n\t\t\t\t\t<\/div>\n\t\t<\/div>\n\t\t\t\t\t<\/div>\n\t\t<\/section>\n\t\t\t\t<\/div>\n\t\t","protected":false},"excerpt":{"rendered":"<p>XLVII. Para efectos estad\u00edsticos, el listado de solicitudes a las empresas concesionarias de telecomunicaciones y proveedores de servicios o aplicaciones de Internet para la intervenci\u00f3n de comunicaciones privadas, el acceso [&hellip;]<\/p>\n","protected":false},"author":1,"featured_media":0,"parent":0,"menu_order":0,"comment_status":"closed","ping_status":"closed","template":"","meta":{"footnotes":"","_links_to":"","_links_to_target":""},"class_list":["post-4761","page","type-page","status-publish","hentry"],"jetpack_sharing_enabled":true,"_links":{"self":[{"href":"https:\/\/chilpancingo.gob.mx\/transparencia\/wp-json\/wp\/v2\/pages\/4761","targetHints":{"allow":["GET"]}}],"collection":[{"href":"https:\/\/chilpancingo.gob.mx\/transparencia\/wp-json\/wp\/v2\/pages"}],"about":[{"href":"https:\/\/chilpancingo.gob.mx\/transparencia\/wp-json\/wp\/v2\/types\/page"}],"author":[{"embeddable":true,"href":"https:\/\/chilpancingo.gob.mx\/transparencia\/wp-json\/wp\/v2\/users\/1"}],"replies":[{"embeddable":true,"href":"https:\/\/chilpancingo.gob.mx\/transparencia\/wp-json\/wp\/v2\/comments?post=4761"}],"version-history":[{"count":7,"href":"https:\/\/chilpancingo.gob.mx\/transparencia\/wp-json\/wp\/v2\/pages\/4761\/revisions"}],"predecessor-version":[{"id":13821,"href":"https:\/\/chilpancingo.gob.mx\/transparencia\/wp-json\/wp\/v2\/pages\/4761\/revisions\/13821"}],"wp:attachment":[{"href":"https:\/\/chilpancingo.gob.mx\/transparencia\/wp-json\/wp\/v2\/media?parent=4761"}],"curies":[{"name":"wp","href":"https:\/\/api.w.org\/{rel}","templated":true}]}}