{"id":5729,"date":"2021-12-12T18:46:36","date_gmt":"2021-12-13T00:46:36","guid":{"rendered":"https:\/\/chilpancingo.gob.mx\/transparencia\/?page_id=5729"},"modified":"2024-08-04T15:04:02","modified_gmt":"2024-08-04T21:04:02","slug":"iii-el-listado-de-expropiaciones-decretadas-y-ejecutadas-que-incluya-cuando-menos-la-fecha-de-expropiacion-el-domicilio-la-causa-de-utilidad-publica-y-las-ocupaciones-superficiales","status":"publish","type":"page","link":"https:\/\/chilpancingo.gob.mx\/transparencia\/iii-el-listado-de-expropiaciones-decretadas-y-ejecutadas-que-incluya-cuando-menos-la-fecha-de-expropiacion-el-domicilio-la-causa-de-utilidad-publica-y-las-ocupaciones-superficiales\/","title":{"rendered":"III. El listado de expropiaciones decretadas y ejecutadas que incluya, cuando menos, la fecha de expropiaci\u00f3n, el domicilio, la causa de utilidad p\u00fablica y las ocupaciones superficiales"},"content":{"rendered":"\t\t<div data-elementor-type=\"wp-page\" data-elementor-id=\"5729\" class=\"elementor elementor-5729\">\n\t\t\t\t\t\t<section class=\"elementor-section elementor-top-section elementor-element elementor-element-b7b507e elementor-section-boxed elementor-section-height-default elementor-section-height-default\" data-id=\"b7b507e\" data-element_type=\"section\">\n\t\t\t\t\t\t<div class=\"elementor-container elementor-column-gap-default\">\n\t\t\t\t\t<div class=\"elementor-column elementor-col-100 elementor-top-column elementor-element elementor-element-266d5b5\" data-id=\"266d5b5\" data-element_type=\"column\">\n\t\t\t<div class=\"elementor-widget-wrap elementor-element-populated\">\n\t\t\t\t\t\t<div class=\"elementor-element elementor-element-f67c20c elementor-widget elementor-widget-heading\" data-id=\"f67c20c\" data-element_type=\"widget\" data-widget_type=\"heading.default\">\n\t\t\t\t<div class=\"elementor-widget-container\">\n\t\t\t\t\t<h4 class=\"elementor-heading-title elementor-size-default\">III. El listado de expropiaciones decretadas y ejecutadas que incluya, cuando menos, la fecha de expropiaci\u00f3n, el domicilio, la causa de utilidad p\u00fablica y las ocupaciones superficiales.<\/h4>\t\t\t\t<\/div>\n\t\t\t\t<\/div>\n\t\t\t\t\t<\/div>\n\t\t<\/div>\n\t\t\t\t\t<\/div>\n\t\t<\/section>\n\t\t\t\t<section class=\"elementor-section elementor-top-section elementor-element elementor-element-5e70aeb elementor-section-boxed elementor-section-height-default elementor-section-height-default\" data-id=\"5e70aeb\" data-element_type=\"section\">\n\t\t\t\t\t\t<div class=\"elementor-container elementor-column-gap-default\">\n\t\t\t\t\t<div class=\"elementor-column elementor-col-100 elementor-top-column elementor-element elementor-element-82524f7\" data-id=\"82524f7\" data-element_type=\"column\">\n\t\t\t<div class=\"elementor-widget-wrap elementor-element-populated\">\n\t\t\t\t\t\t<div class=\"elementor-element elementor-element-ca05082 elementor-tabs-view-horizontal elementor-widget elementor-widget-tabs\" data-id=\"ca05082\" data-element_type=\"widget\" data-widget_type=\"tabs.default\">\n\t\t\t\t<div class=\"elementor-widget-container\">\n\t\t\t\t\t\t\t<div class=\"elementor-tabs\">\n\t\t\t<div class=\"elementor-tabs-wrapper\" role=\"tablist\" >\n\t\t\t\t\t\t\t\t\t<div id=\"elementor-tab-title-2111\" class=\"elementor-tab-title elementor-tab-desktop-title\" aria-selected=\"true\" data-tab=\"1\" role=\"tab\" tabindex=\"0\" aria-controls=\"elementor-tab-content-2111\" aria-expanded=\"false\"><i class=\"fas fa-calendar-alt\"><\/i>  2024<\/div>\n\t\t\t\t\t\t\t\t\t<div id=\"elementor-tab-title-2112\" class=\"elementor-tab-title elementor-tab-desktop-title\" aria-selected=\"false\" data-tab=\"2\" role=\"tab\" tabindex=\"-1\" aria-controls=\"elementor-tab-content-2112\" aria-expanded=\"false\"><i class=\"fas fa-calendar-alt\"><\/i>  2023<\/div>\n\t\t\t\t\t\t\t\t\t<div id=\"elementor-tab-title-2113\" class=\"elementor-tab-title elementor-tab-desktop-title\" aria-selected=\"false\" data-tab=\"3\" role=\"tab\" tabindex=\"-1\" aria-controls=\"elementor-tab-content-2113\" aria-expanded=\"false\"><i class=\"fas fa-calendar-alt\"><\/i>  2022<\/div>\n\t\t\t\t\t\t\t\t\t<div id=\"elementor-tab-title-2114\" class=\"elementor-tab-title elementor-tab-desktop-title\" aria-selected=\"false\" data-tab=\"4\" role=\"tab\" tabindex=\"-1\" aria-controls=\"elementor-tab-content-2114\" aria-expanded=\"false\"><i class=\"fas fa-calendar-alt\"><\/i>  2021<\/div>\n\t\t\t\t\t\t\t<\/div>\n\t\t\t<div class=\"elementor-tabs-content-wrapper\" role=\"tablist\" aria-orientation=\"vertical\">\n\t\t\t\t\t\t\t\t\t<div class=\"elementor-tab-title elementor-tab-mobile-title\" aria-selected=\"true\" data-tab=\"1\" role=\"tab\" tabindex=\"0\" aria-controls=\"elementor-tab-content-2111\" aria-expanded=\"false\"><i class=\"fas fa-calendar-alt\"><\/i>  2024<\/div>\n\t\t\t\t\t<div id=\"elementor-tab-content-2111\" class=\"elementor-tab-content elementor-clearfix\" data-tab=\"1\" role=\"tabpanel\" aria-labelledby=\"elementor-tab-title-2111\" tabindex=\"0\" hidden=\"false\"><div id=\"accordion\">\n\n<!--\n<div class=\"card\">\n<div id=\"headingOne\" class=\"card-header\">\n<h5 class=\"mb-0\"><button class=\"btn btn-link\" data-toggle=\"collapse\" data-target=\"#collapseOne\" aria-expanded=\"true\" aria-=\"\">\n<i class=\"fas fa-chevron-circle-right\"><\/i> Cuarto Trimestre\n<\/button><\/h5>\n<\/div>\n<div id=\"collapseOne\" class=\"collapse show\" aria-labelledby=\"headingOne\" data-parent=\"#accordion\">\n<div class=\"card-body\">\n\n<a class=\"btn btn-outline-dark\" href=\"https:\/\/chilpancingo.gob.mx\/transparencia\/wp-content\/uploads\/2024\/02\/LTAIPEG82FIIIA_LTAIPEG82FIIIA.xlsx\" target=\"_blank\" rel=\"noopener\" type=\"button\"><i class=\"fas fa-file-excel\"><\/i> 3A - Listado de expropiaciones realizadas \/ LTAIPEG82FIIIA\n<\/a>\n\n<p style=\"margin-top: 10px;\"><a class=\"btn btn-outline-dark\" href=\"https:\/\/chilpancingo.gob.mx\/transparencia\/wp-content\/uploads\/2024\/02\/LTAIPEG82FIIIB_LTAIPEG82FIIIB.xlsx\" target=\"_blank\" rel=\"noopener\" type=\"button\"><i class=\"fas fa-file-excel\"><\/i> 3B - Hiperv\u00ednculo al listado de expropiaciones \/ LTAIPEG82FIIIB\n<\/a>\n\n<\/div>\n<\/div>\n<\/div>\n<div class=\"card\">\n<div id=\"headingTwo\" class=\"card-header\">\n<h5 class=\"mb-0\"><button class=\"btn btn-link collapsed\" data-toggle=\"collapse\" data-target=\"#collapseTwo\" aria-expanded=\"false\" aria-controls=\"collapseTwo\">\n<i class=\"fas fa-chevron-circle-right\"><\/i> Tercer Trimestre\n<\/button><\/h5>\n<\/div>\n<div id=\"collapseTwo\" class=\"collapse\" aria-labelledby=\"headingTwo\" data-parent=\"#accordion\">\n<div class=\"card-body\">\n\n<a class=\"btn btn-outline-dark\" href=\"https:\/\/chilpancingo.gob.mx\/transparencia\/wp-content\/uploads\/2023\/11\/LTAIPEG82FIIIA_LTAIPEG82FIIIA.xlsx\" target=\"_blank\" rel=\"noopener\" type=\"button\"><i class=\"fas fa-file-excel\"><\/i> 3A - Listado de expropiaciones realizadas \/ LTAIPEG82FIIIA\n<\/a>\n\n<p style=\"margin-top: 10px;\"><a class=\"btn btn-outline-dark\" href=\"https:\/\/chilpancingo.gob.mx\/transparencia\/wp-content\/uploads\/2023\/11\/LTAIPEG82FIIIB_LTAIPEG82FIIIB.xlsx\" target=\"_blank\" rel=\"noopener\" type=\"button\"><i class=\"fas fa-file-excel\"><\/i> 3B - Hiperv\u00ednculo al listado de expropiaciones \/ LTAIPEG82FIIIB\n<\/a>\n\n<\/div>\n<\/div>\n<\/div>\n-->\n\n<div class=\"card\">\n<div id=\"headingThree\" class=\"card-header\">\n<h5 class=\"mb-0\"><button class=\"btn btn-link collapsed\" data-toggle=\"collapse\" data-target=\"#collapseThree\" aria-expanded=\"false\" aria-controls=\"collapseThree\">\n<i class=\"fas fa-chevron-circle-right\"><\/i> Segundo Trimestre\n<\/button><\/h5>\n<\/div>\n<div id=\"collapseThree\" class=\"collapse show\" aria-labelledby=\"headingThree\" data-parent=\"#accordion\">\n<div class=\"card-body\">\n\n<a class=\"btn btn-outline-dark\" href=\"https:\/\/chilpancingo.gob.mx\/transparencia\/wp-content\/uploads\/2024\/08\/1c-LGT_Art_71_Fr_Ic.xlsx\" target=\"_blank\" rel=\"noopener\" type=\"button\"><i class=\"fas fa-file-excel\"><\/i> Listado de expropiaciones realizadas \/ LTAIPEG82FIII\n<\/a>\n\n\n\n<\/div>\n<\/div>\n<\/div>\n\n<div class=\"card\">\n<div id=\"headingFour\" class=\"card-header\">\n<h5 class=\"mb-0\"><button class=\"btn btn-link collapsed\" data-toggle=\"collapse\" data-target=\"#collapseFour\" aria-expanded=\"false\" aria-controls=\"collapseFour\">\n<i class=\"fas fa-chevron-circle-right\"><\/i> Primer Trimestre\n<\/button><\/h5>\n<\/div>\n<div id=\"collapseFour\" class=\"collapse\" aria-labelledby=\"headingTwo\" data-parent=\"#accordion\">\n<div class=\"card-body\">\n\n<a class=\"btn btn-outline-dark\" href=\"https:\/\/chilpancingo.gob.mx\/transparencia\/wp-content\/uploads\/2024\/05\/1c-LGT_Art_71_Fr_Ic.xlsx\" target=\"_blank\" rel=\"noopener\" type=\"button\"><i class=\"fas fa-file-excel\"><\/i> Listado de expropiaciones realizadas \/ LTAIPEG82FIII\n<\/a>\n\n<\/div>\n<\/div>\n<\/div>\n<\/div><\/div>\n\t\t\t\t\t\t\t\t\t<div class=\"elementor-tab-title elementor-tab-mobile-title\" aria-selected=\"false\" data-tab=\"2\" role=\"tab\" tabindex=\"-1\" aria-controls=\"elementor-tab-content-2112\" aria-expanded=\"false\"><i class=\"fas fa-calendar-alt\"><\/i>  2023<\/div>\n\t\t\t\t\t<div id=\"elementor-tab-content-2112\" class=\"elementor-tab-content elementor-clearfix\" data-tab=\"2\" role=\"tabpanel\" aria-labelledby=\"elementor-tab-title-2112\" tabindex=\"0\" hidden=\"hidden\"><div id=\"accordion\">\n\n\n<div class=\"card\">\n<div id=\"headingOne\" class=\"card-header\">\n<h5 class=\"mb-0\"><button class=\"btn btn-link\" data-toggle=\"collapse\" data-target=\"#collapseOne\" aria-expanded=\"true\" aria-=\"\">\n<i class=\"fas fa-chevron-circle-right\"><\/i> Cuarto Trimestre\n<\/button><\/h5>\n<\/div>\n<div id=\"collapseOne\" class=\"collapse show\" aria-labelledby=\"headingOne\" data-parent=\"#accordion\">\n<div class=\"card-body\">\n\n<p>\n<a class=\"btn btn-outline-dark\" href=\"https:\/\/chilpancingo.gob.mx\/transparencia\/wp-content\/uploads\/2024\/02\/LTAIPEG82FIIIA_LTAIPEG82FIIIA.xlsx\" target=\"_blank\" rel=\"noopener\" type=\"button\"><i class=\"fas fa-file-excel\"><\/i> 3A &#8211; Listado de expropiaciones realizadas \/ LTAIPEG82FIIIA\n<\/a>\n<\/p>\n\n<p style=\"margin-top: 10px;\"><a class=\"btn btn-outline-dark\" href=\"https:\/\/chilpancingo.gob.mx\/transparencia\/wp-content\/uploads\/2024\/02\/LTAIPEG82FIIIB_LTAIPEG82FIIIB.xlsx\" target=\"_blank\" rel=\"noopener\" type=\"button\"><i class=\"fas fa-file-excel\"><\/i> 3B &#8211; Hiperv\u00ednculo al listado de expropiaciones \/ LTAIPEG82FIIIB\n<\/a><\/p>\n\n<\/div>\n<\/div>\n<\/div>\n\n<div class=\"card\">\n<div id=\"headingTwo\" class=\"card-header\">\n<h5 class=\"mb-0\"><button class=\"btn btn-link collapsed\" data-toggle=\"collapse\" data-target=\"#collapseTwo\" aria-expanded=\"false\" aria-controls=\"collapseTwo\">\n<i class=\"fas fa-chevron-circle-right\"><\/i> Tercer Trimestre\n<\/button><\/h5>\n<\/div>\n<div id=\"collapseTwo\" class=\"collapse\" aria-labelledby=\"headingTwo\" data-parent=\"#accordion\">\n<div class=\"card-body\">\n\n<a class=\"btn btn-outline-dark\" href=\"https:\/\/chilpancingo.gob.mx\/transparencia\/wp-content\/uploads\/2023\/11\/LTAIPEG82FIIIA_LTAIPEG82FIIIA.xlsx\" target=\"_blank\" rel=\"noopener\" type=\"button\"><i class=\"fas fa-file-excel\"><\/i> 3A &#8211; Listado de expropiaciones realizadas \/ LTAIPEG82FIIIA\n<\/a>\n<p style=\"margin-top: 10px;\"><a class=\"btn btn-outline-dark\" href=\"https:\/\/chilpancingo.gob.mx\/transparencia\/wp-content\/uploads\/2023\/11\/LTAIPEG82FIIIB_LTAIPEG82FIIIB.xlsx\" target=\"_blank\" rel=\"noopener\" type=\"button\"><i class=\"fas fa-file-excel\"><\/i> 3B &#8211; Hiperv\u00ednculo al listado de expropiaciones \/ LTAIPEG82FIIIB\n<\/a><\/p>\n\n<\/div>\n<\/div>\n<\/div>\n<div class=\"card\">\n<div id=\"headingThree\" class=\"card-header\">\n<h5 class=\"mb-0\"><button class=\"btn btn-link collapsed\" data-toggle=\"collapse\" data-target=\"#collapseThree\" aria-expanded=\"false\" aria-controls=\"collapseThree\">\n<i class=\"fas fa-chevron-circle-right\"><\/i> Segundo Trimestre\n<\/button><\/h5>\n<\/div>\n<div id=\"collapseThree\" class=\"collapse\" aria-labelledby=\"headingThree\" data-parent=\"#accordion\">\n<div class=\"card-body\">\n\n<a class=\"btn btn-outline-dark\" href=\"https:\/\/chilpancingo.gob.mx\/transparencia\/wp-content\/uploads\/2023\/08\/LTAIPEG82FIIIA_LTAIPEG82FIIIA.xlsx\" target=\"_blank\" rel=\"noopener\" type=\"button\"><i class=\"fas fa-file-excel\"><\/i> 3A &#8211; Listado de expropiaciones realizadas \/ LTAIPEG82FIIIA\n<\/a>\n<p style=\"margin-top: 10px;\"><a class=\"btn btn-outline-dark\" href=\"https:\/\/chilpancingo.gob.mx\/transparencia\/wp-content\/uploads\/2023\/08\/LTAIPEG82FIIIB_LTAIPEG82FIIIB.xlsx\" target=\"_blank\" rel=\"noopener\" type=\"button\"><i class=\"fas fa-file-excel\"><\/i> 3B &#8211; Hiperv\u00ednculo al listado de expropiaciones \/ LTAIPEG82FIIIB\n<\/a><\/p>\n\n<\/div>\n<\/div>\n<\/div>\n<div class=\"card\">\n<div id=\"headingFour\" class=\"card-header\">\n<h5 class=\"mb-0\"><button class=\"btn btn-link collapsed\" data-toggle=\"collapse\" data-target=\"#collapseFour\" aria-expanded=\"false\" aria-controls=\"collapseFour\">\n<i class=\"fas fa-chevron-circle-right\"><\/i> Primer Trimestre\n<\/button><\/h5>\n<\/div>\n<div id=\"collapseFour\" class=\"collapse\" aria-labelledby=\"headingTwo\" data-parent=\"#accordion\">\n<div class=\"card-body\">\n\n<a class=\"btn btn-outline-dark\" href=\"https:\/\/chilpancingo.gob.mx\/transparencia\/wp-content\/uploads\/2023\/05\/LTAIPEG82FIIIA_LTAIPEG82FIIIA.xlsx\" target=\"_blank\" rel=\"noopener\" type=\"button\"><i class=\"fas fa-file-excel\"><\/i> 3A &#8211; Listado de expropiaciones realizadas \/ LTAIPEG82FIIIA\n<\/a>\n<p style=\"margin-top: 10px;\"><a class=\"btn btn-outline-dark\" href=\"https:\/\/chilpancingo.gob.mx\/transparencia\/wp-content\/uploads\/2023\/05\/LTAIPEG82FIIIB_LTAIPEG82FIIIB.xlsx\" target=\"_blank\" rel=\"noopener\" type=\"button\"><i class=\"fas fa-file-excel\"><\/i> 3B &#8211; Hiperv\u00ednculo al listado de expropiaciones \/ LTAIPEG82FIIIB\n<\/a><\/p>\n\n<\/div>\n<\/div>\n<\/div>\n<\/div><\/div>\n\t\t\t\t\t\t\t\t\t<div class=\"elementor-tab-title elementor-tab-mobile-title\" aria-selected=\"false\" data-tab=\"3\" role=\"tab\" tabindex=\"-1\" aria-controls=\"elementor-tab-content-2113\" aria-expanded=\"false\"><i class=\"fas fa-calendar-alt\"><\/i>  2022<\/div>\n\t\t\t\t\t<div id=\"elementor-tab-content-2113\" class=\"elementor-tab-content elementor-clearfix\" data-tab=\"3\" role=\"tabpanel\" aria-labelledby=\"elementor-tab-title-2113\" tabindex=\"0\" hidden=\"hidden\"><div id=\"accordion\">\n\n\n<div class=\"card\">\n<div id=\"headingOne\" class=\"card-header\">\n<h5 class=\"mb-0\"><button class=\"btn btn-link\" data-toggle=\"collapse\" data-target=\"#collapseOne\" aria-expanded=\"true\" aria-=\"\">\n<i class=\"fas fa-chevron-circle-right\"><\/i> Cuarto Trimestre\n<\/button><\/h5>\n<\/div>\n<div id=\"collapseOne\" class=\"collapse show\" aria-labelledby=\"headingOne\" data-parent=\"#accordion\">\n<div class=\"card-body\">\n\nNo resulta aplicable al Ayuntamiento, toda vez que la expropiaci\u00f3n es una de las figuras jur\u00eddicas usada por el Poder Ejecutivo Federal, Estatal y de la Ciudad de M\u00e9xico para ocupar o transferir al Estado, por causas de utilidad p\u00fablica, una propiedad privada mediante indemnizaci\u00f3n. Esta figura est\u00e1 fundamentada en el Segundo P\u00e1rrafo del Art\u00edculo 27 de la Constituci\u00f3n Pol\u00edtica de los Estados Unidos Mexicanos, as\u00ed como en la correspondiente Ley Secundaria de Expropiaci\u00f3n, en el art\u00edculo 4\u00b0, en su p\u00e1rrafo segundo, faculta al ejecutivo federal para emitirla declaratoria de expropiaci\u00f3n, la cual se har\u00e1 mediante decreto que ser\u00e1 publicado en el Diario Oficial de la Federaci\u00f3n.\n\n<\/div>\n<\/div>\n<\/div>\n\n<div class=\"card\">\n<div id=\"headingTwo\" class=\"card-header\">\n<h5 class=\"mb-0\"><button class=\"btn btn-link collapsed\" data-toggle=\"collapse\" data-target=\"#collapseTwo\" aria-expanded=\"false\" aria-controls=\"collapseTwo\">\n<i class=\"fas fa-chevron-circle-right\"><\/i> Tercer Trimestre\n<\/button><\/h5>\n<\/div>\n<div id=\"collapseTwo\" class=\"collapse\" aria-labelledby=\"headingTwo\" data-parent=\"#accordion\">\n<div class=\"card-body\">\n\nNo resulta aplicable al Ayuntamiento, toda vez que la expropiaci\u00f3n es una de las figuras jur\u00eddicas usada por el Poder Ejecutivo Federal, Estatal y de la Ciudad de M\u00e9xico para ocupar o transferir al Estado, por causas de utilidad p\u00fablica, una propiedad privada mediante indemnizaci\u00f3n. Esta figura est\u00e1 fundamentada en el Segundo P\u00e1rrafo del Art\u00edculo 27 de la Constituci\u00f3n Pol\u00edtica de los Estados Unidos Mexicanos, as\u00ed como en la correspondiente Ley Secundaria de Expropiaci\u00f3n, en el art\u00edculo 4\u00b0, en su p\u00e1rrafo segundo, faculta al ejecutivo federal para emitirla declaratoria de expropiaci\u00f3n, la cual se har\u00e1 mediante decreto que ser\u00e1 publicado en el Diario Oficial de la Federaci\u00f3n.\n\n<\/div>\n<\/div>\n<\/div>\n<div class=\"card\">\n<div id=\"headingThree\" class=\"card-header\">\n<h5 class=\"mb-0\"><button class=\"btn btn-link collapsed\" data-toggle=\"collapse\" data-target=\"#collapseThree\" aria-expanded=\"false\" aria-controls=\"collapseThree\">\n<i class=\"fas fa-chevron-circle-right\"><\/i> Segundo Trimestre\n<\/button><\/h5>\n<\/div>\n<div id=\"collapseThree\" class=\"collapse\" aria-labelledby=\"headingThree\" data-parent=\"#accordion\">\n<div class=\"card-body\">\n\nNo resulta aplicable al Ayuntamiento, toda vez que la expropiaci\u00f3n es una de las figuras jur\u00eddicas usada por el Poder Ejecutivo Federal, Estatal y de la Ciudad de M\u00e9xico para ocupar o transferir al Estado, por causas de utilidad p\u00fablica, una propiedad privada mediante indemnizaci\u00f3n. Esta figura est\u00e1 fundamentada en el Segundo P\u00e1rrafo del Art\u00edculo 27 de la Constituci\u00f3n Pol\u00edtica de los Estados Unidos Mexicanos, as\u00ed como en la correspondiente Ley Secundaria de Expropiaci\u00f3n, en el art\u00edculo 4\u00b0, en su p\u00e1rrafo segundo, faculta al ejecutivo federal para emitirla declaratoria de expropiaci\u00f3n, la cual se har\u00e1 mediante decreto que ser\u00e1 publicado en el Diario Oficial de la Federaci\u00f3n.\n\n<\/div>\n<\/div>\n<\/div>\n<div class=\"card\">\n<div id=\"headingFour\" class=\"card-header\">\n<h5 class=\"mb-0\"><button class=\"btn btn-link collapsed\" data-toggle=\"collapse\" data-target=\"#collapseFour\" aria-expanded=\"false\" aria-controls=\"collapseFour\">\n<i class=\"fas fa-chevron-circle-right\"><\/i> Primer Trimestre\n<\/button><\/h5>\n<\/div>\n<div id=\"collapseFour\" class=\"collapse\" aria-labelledby=\"headingTwo\" data-parent=\"#accordion\">\n<div class=\"card-body\">\n\nNo resulta aplicable al Ayuntamiento, toda vez que la expropiaci\u00f3n es una de las figuras jur\u00eddicas usada por el Poder Ejecutivo Federal, Estatal y de la Ciudad de M\u00e9xico para ocupar o transferir al Estado, por causas de utilidad p\u00fablica, una propiedad privada mediante indemnizaci\u00f3n. Esta figura est\u00e1 fundamentada en el Segundo P\u00e1rrafo del Art\u00edculo 27 de la Constituci\u00f3n Pol\u00edtica de los Estados Unidos Mexicanos, as\u00ed como en la correspondiente Ley Secundaria de Expropiaci\u00f3n, en el art\u00edculo 4\u00b0, en su p\u00e1rrafo segundo, faculta al ejecutivo federal para emitirla declaratoria de expropiaci\u00f3n, la cual se har\u00e1 mediante decreto que ser\u00e1 publicado en el Diario Oficial de la Federaci\u00f3n.\n\n<\/div>\n<\/div>\n<\/div>\n<\/div><\/div>\n\t\t\t\t\t\t\t\t\t<div class=\"elementor-tab-title elementor-tab-mobile-title\" aria-selected=\"false\" data-tab=\"4\" role=\"tab\" tabindex=\"-1\" aria-controls=\"elementor-tab-content-2114\" aria-expanded=\"false\"><i class=\"fas fa-calendar-alt\"><\/i>  2021<\/div>\n\t\t\t\t\t<div id=\"elementor-tab-content-2114\" class=\"elementor-tab-content elementor-clearfix\" data-tab=\"4\" role=\"tabpanel\" aria-labelledby=\"elementor-tab-title-2114\" tabindex=\"0\" hidden=\"hidden\"><div id=\"accordion\">\n\n\n<div class=\"card\">\n<div id=\"headingOne\" class=\"card-header\">\n<h5 class=\"mb-0\"><button class=\"btn btn-link\" data-toggle=\"collapse\" data-target=\"#collapseOne\" aria-expanded=\"true\" aria-=\"\">\n<i class=\"fas fa-chevron-circle-right\"><\/i> Cuarto Trimestre\n<\/button><\/h5>\n<\/div>\n<div id=\"collapseOne\" class=\"collapse show\" aria-labelledby=\"headingOne\" data-parent=\"#accordion\">\n<div class=\"card-body\">\n\nNo resulta aplicable al Ayuntamiento, toda vez que la expropiaci\u00f3n es una de las figuras jur\u00eddicas usada por el Poder Ejecutivo Federal, Estatal y de la Ciudad de M\u00e9xico para ocupar o transferir al Estado, por causas de utilidad p\u00fablica, una propiedad privada mediante indemnizaci\u00f3n. Esta figura est\u00e1 fundamentada en el Segundo P\u00e1rrafo del Art\u00edculo 27 de la Constituci\u00f3n Pol\u00edtica de los Estados Unidos Mexicanos, as\u00ed como en la correspondiente Ley Secundaria de Expropiaci\u00f3n, en el art\u00edculo 4\u00b0, en su p\u00e1rrafo segundo, faculta al ejecutivo federal para emitirla declaratoria de expropiaci\u00f3n, la cual se har\u00e1 mediante decreto que ser\u00e1 publicado en el Diario Oficial de la Federaci\u00f3n.\n\n<\/div>\n<\/div>\n<\/div>\n\n<div class=\"card\">\n<div id=\"headingTwo\" class=\"card-header\">\n<h5 class=\"mb-0\"><button class=\"btn btn-link collapsed\" data-toggle=\"collapse\" data-target=\"#collapseTwo\" aria-expanded=\"false\" aria-controls=\"collapseTwo\">\n<i class=\"fas fa-chevron-circle-right\"><\/i> Tercer Trimestre\n<\/button><\/h5>\n<\/div>\n<div id=\"collapseTwo\" class=\"collapse\" aria-labelledby=\"headingTwo\" data-parent=\"#accordion\">\n<div class=\"card-body\">\n\nNo resulta aplicable al Ayuntamiento, toda vez que la expropiaci\u00f3n es una de las figuras jur\u00eddicas usada por el Poder Ejecutivo Federal, Estatal y de la Ciudad de M\u00e9xico para ocupar o transferir al Estado, por causas de utilidad p\u00fablica, una propiedad privada mediante indemnizaci\u00f3n. Esta figura est\u00e1 fundamentada en el Segundo P\u00e1rrafo del Art\u00edculo 27 de la Constituci\u00f3n Pol\u00edtica de los Estados Unidos Mexicanos, as\u00ed como en la correspondiente Ley Secundaria de Expropiaci\u00f3n, en el art\u00edculo 4\u00b0, en su p\u00e1rrafo segundo, faculta al ejecutivo federal para emitirla declaratoria de expropiaci\u00f3n, la cual se har\u00e1 mediante decreto que ser\u00e1 publicado en el Diario Oficial de la Federaci\u00f3n.\n\n<\/div>\n<\/div>\n<\/div>\n<div class=\"card\">\n<div id=\"headingThree\" class=\"card-header\">\n<h5 class=\"mb-0\"><button class=\"btn btn-link collapsed\" data-toggle=\"collapse\" data-target=\"#collapseThree\" aria-expanded=\"false\" aria-controls=\"collapseThree\">\n<i class=\"fas fa-chevron-circle-right\"><\/i> Segundo Trimestre\n<\/button><\/h5>\n<\/div>\n<div id=\"collapseThree\" class=\"collapse\" aria-labelledby=\"headingThree\" data-parent=\"#accordion\">\n<div class=\"card-body\">\n\nNo resulta aplicable al Ayuntamiento, toda vez que la expropiaci\u00f3n es una de las figuras jur\u00eddicas usada por el Poder Ejecutivo Federal, Estatal y de la Ciudad de M\u00e9xico para ocupar o transferir al Estado, por causas de utilidad p\u00fablica, una propiedad privada mediante indemnizaci\u00f3n. Esta figura est\u00e1 fundamentada en el Segundo P\u00e1rrafo del Art\u00edculo 27 de la Constituci\u00f3n Pol\u00edtica de los Estados Unidos Mexicanos, as\u00ed como en la correspondiente Ley Secundaria de Expropiaci\u00f3n, en el art\u00edculo 4\u00b0, en su p\u00e1rrafo segundo, faculta al ejecutivo federal para emitirla declaratoria de expropiaci\u00f3n, la cual se har\u00e1 mediante decreto que ser\u00e1 publicado en el Diario Oficial de la Federaci\u00f3n.\n\n<\/div>\n<\/div>\n<\/div>\n<div class=\"card\">\n<div id=\"headingFour\" class=\"card-header\">\n<h5 class=\"mb-0\"><button class=\"btn btn-link collapsed\" data-toggle=\"collapse\" data-target=\"#collapseFour\" aria-expanded=\"false\" aria-controls=\"collapseFour\">\n<i class=\"fas fa-chevron-circle-right\"><\/i> Primer Trimestre\n<\/button><\/h5>\n<\/div>\n<div id=\"collapseFour\" class=\"collapse\" aria-labelledby=\"headingTwo\" data-parent=\"#accordion\">\n<div class=\"card-body\">\n\nNo resulta aplicable al Ayuntamiento, toda vez que la expropiaci\u00f3n es una de las figuras jur\u00eddicas usada por el Poder Ejecutivo Federal, Estatal y de la Ciudad de M\u00e9xico para ocupar o transferir al Estado, por causas de utilidad p\u00fablica, una propiedad privada mediante indemnizaci\u00f3n. Esta figura est\u00e1 fundamentada en el Segundo P\u00e1rrafo del Art\u00edculo 27 de la Constituci\u00f3n Pol\u00edtica de los Estados Unidos Mexicanos, as\u00ed como en la correspondiente Ley Secundaria de Expropiaci\u00f3n, en el art\u00edculo 4\u00b0, en su p\u00e1rrafo segundo, faculta al ejecutivo federal para emitirla declaratoria de expropiaci\u00f3n, la cual se har\u00e1 mediante decreto que ser\u00e1 publicado en el Diario Oficial de la Federaci\u00f3n.\n\n<\/div>\n<\/div>\n<\/div>\n<\/div><\/div>\n\t\t\t\t\t\t\t<\/div>\n\t\t<\/div>\n\t\t\t\t\t\t<\/div>\n\t\t\t\t<\/div>\n\t\t\t\t\t<\/div>\n\t\t<\/div>\n\t\t\t\t\t<\/div>\n\t\t<\/section>\n\t\t\t\t<\/div>\n\t\t","protected":false},"excerpt":{"rendered":"<p>III. El listado de expropiaciones decretadas y ejecutadas que incluya, cuando menos, la fecha de expropiaci\u00f3n, el domicilio, la causa de utilidad p\u00fablica y las ocupaciones superficiales. 2024 2023 2022 [&hellip;]<\/p>\n","protected":false},"author":1,"featured_media":0,"parent":0,"menu_order":0,"comment_status":"closed","ping_status":"closed","template":"","meta":{"footnotes":"","_links_to":"","_links_to_target":""},"class_list":["post-5729","page","type-page","status-publish","hentry"],"jetpack_sharing_enabled":true,"_links":{"self":[{"href":"https:\/\/chilpancingo.gob.mx\/transparencia\/wp-json\/wp\/v2\/pages\/5729","targetHints":{"allow":["GET"]}}],"collection":[{"href":"https:\/\/chilpancingo.gob.mx\/transparencia\/wp-json\/wp\/v2\/pages"}],"about":[{"href":"https:\/\/chilpancingo.gob.mx\/transparencia\/wp-json\/wp\/v2\/types\/page"}],"author":[{"embeddable":true,"href":"https:\/\/chilpancingo.gob.mx\/transparencia\/wp-json\/wp\/v2\/users\/1"}],"replies":[{"embeddable":true,"href":"https:\/\/chilpancingo.gob.mx\/transparencia\/wp-json\/wp\/v2\/comments?post=5729"}],"version-history":[{"count":10,"href":"https:\/\/chilpancingo.gob.mx\/transparencia\/wp-json\/wp\/v2\/pages\/5729\/revisions"}],"predecessor-version":[{"id":18277,"href":"https:\/\/chilpancingo.gob.mx\/transparencia\/wp-json\/wp\/v2\/pages\/5729\/revisions\/18277"}],"wp:attachment":[{"href":"https:\/\/chilpancingo.gob.mx\/transparencia\/wp-json\/wp\/v2\/media?parent=5729"}],"curies":[{"name":"wp","href":"https:\/\/api.w.org\/{rel}","templated":true}]}}