{"id":7962,"date":"2022-04-27T22:42:02","date_gmt":"2022-04-28T03:42:02","guid":{"rendered":"https:\/\/chilpancingo.gob.mx\/transparencia\/?page_id=7962"},"modified":"2024-11-14T09:16:17","modified_gmt":"2024-11-14T15:16:17","slug":"cuenta-publica","status":"publish","type":"page","link":"https:\/\/chilpancingo.gob.mx\/transparencia\/cuenta-publica\/","title":{"rendered":"Cuenta P\u00fablica"},"content":{"rendered":"\t\t<div data-elementor-type=\"wp-page\" data-elementor-id=\"7962\" class=\"elementor elementor-7962\">\n\t\t\t\t\t\t<section class=\"elementor-section elementor-top-section elementor-element elementor-element-9895fd5 elementor-section-boxed elementor-section-height-default elementor-section-height-default\" data-id=\"9895fd5\" data-element_type=\"section\">\n\t\t\t\t\t\t<div class=\"elementor-container elementor-column-gap-default\">\n\t\t\t\t\t<div class=\"elementor-column elementor-col-100 elementor-top-column elementor-element elementor-element-a587a5c\" data-id=\"a587a5c\" data-element_type=\"column\">\n\t\t\t<div class=\"elementor-widget-wrap elementor-element-populated\">\n\t\t\t\t\t\t<div class=\"elementor-element elementor-element-13d3d05 elementor-widget elementor-widget-heading\" data-id=\"13d3d05\" data-element_type=\"widget\" data-widget_type=\"heading.default\">\n\t\t\t\t<div class=\"elementor-widget-container\">\n\t\t\t\t\t<h4 class=\"elementor-heading-title elementor-size-default\">CUENTA P\u00daBLICA<\/h4>\t\t\t\t<\/div>\n\t\t\t\t<\/div>\n\t\t\t\t<div class=\"elementor-element elementor-element-174b7ac elementor-widget-divider--view-line_text elementor-widget-divider--element-align-center elementor-widget elementor-widget-divider\" data-id=\"174b7ac\" data-element_type=\"widget\" data-widget_type=\"divider.default\">\n\t\t\t\t<div class=\"elementor-widget-container\">\n\t\t\t\t\t\t\t<div class=\"elementor-divider\">\n\t\t\t<span class=\"elementor-divider-separator\">\n\t\t\t\t\t\t\t<span class=\"elementor-divider__text elementor-divider__element\">\n\t\t\t\t2024\t\t\t\t<\/span>\n\t\t\t\t\t\t<\/span>\n\t\t<\/div>\n\t\t\t\t\t\t<\/div>\n\t\t\t\t<\/div>\n\t\t\t\t<div class=\"elementor-element elementor-element-7f4e411 elementor-widget-divider--view-line_text elementor-widget-divider--element-align-center elementor-widget elementor-widget-divider\" data-id=\"7f4e411\" data-element_type=\"widget\" data-widget_type=\"divider.default\">\n\t\t\t\t<div class=\"elementor-widget-container\">\n\t\t\t\t\t\t\t<div class=\"elementor-divider\">\n\t\t\t<span class=\"elementor-divider-separator\">\n\t\t\t\t\t\t\t<span class=\"elementor-divider__text elementor-divider__element\">\n\t\t\t\t2023\t\t\t\t<\/span>\n\t\t\t\t\t\t<\/span>\n\t\t<\/div>\n\t\t\t\t\t\t<\/div>\n\t\t\t\t<\/div>\n\t\t\t\t\t<\/div>\n\t\t<\/div>\n\t\t\t\t\t<\/div>\n\t\t<\/section>\n\t\t\t\t<section class=\"elementor-section elementor-top-section elementor-element elementor-element-b947acd elementor-section-boxed elementor-section-height-default elementor-section-height-default\" data-id=\"b947acd\" data-element_type=\"section\">\n\t\t\t\t\t\t<div class=\"elementor-container elementor-column-gap-default\">\n\t\t\t\t\t<div class=\"elementor-column elementor-col-100 elementor-top-column elementor-element elementor-element-86c0e76\" data-id=\"86c0e76\" data-element_type=\"column\">\n\t\t\t<div class=\"elementor-widget-wrap elementor-element-populated\">\n\t\t\t\t\t\t<div class=\"elementor-element elementor-element-c80a34f elementor-widget__width-initial elementor-widget elementor-widget-text-editor\" data-id=\"c80a34f\" data-element_type=\"widget\" data-widget_type=\"text-editor.default\">\n\t\t\t\t<div class=\"elementor-widget-container\">\n\t\t\t\t\t\t\t\t\t<p style=\"margin-top: 10px;\">&#8211; \r\n\t<a class=\"paoc-popup-click paoc-popup-cust-17138 paoc-popup-simple_link paoc-popup-link\" href=\"javascript:void(0);\">Cuenta P\u00fablica Anual<\/a>\r\n\r\n<\/p>\t\t\t\t\t\t\t\t<\/div>\n\t\t\t\t<\/div>\n\t\t\t\t<div class=\"elementor-element elementor-element-5d27cec elementor-widget-divider--view-line_text elementor-widget-divider--element-align-center elementor-widget elementor-widget-divider\" data-id=\"5d27cec\" data-element_type=\"widget\" data-widget_type=\"divider.default\">\n\t\t\t\t<div class=\"elementor-widget-container\">\n\t\t\t\t\t\t\t<div class=\"elementor-divider\">\n\t\t\t<span class=\"elementor-divider-separator\">\n\t\t\t\t\t\t\t<span class=\"elementor-divider__text elementor-divider__element\">\n\t\t\t\t2022\t\t\t\t<\/span>\n\t\t\t\t\t\t<\/span>\n\t\t<\/div>\n\t\t\t\t\t\t<\/div>\n\t\t\t\t<\/div>\n\t\t\t\t\t<\/div>\n\t\t<\/div>\n\t\t\t\t\t<\/div>\n\t\t<\/section>\n\t\t\t\t<section class=\"elementor-section elementor-top-section elementor-element elementor-element-b2b7cd3 elementor-section-boxed elementor-section-height-default elementor-section-height-default\" data-id=\"b2b7cd3\" data-element_type=\"section\">\n\t\t\t\t\t\t<div class=\"elementor-container elementor-column-gap-default\">\n\t\t\t\t\t<div class=\"elementor-column elementor-col-100 elementor-top-column elementor-element elementor-element-04e7d80\" data-id=\"04e7d80\" data-element_type=\"column\">\n\t\t\t<div class=\"elementor-widget-wrap elementor-element-populated\">\n\t\t\t\t\t\t<div class=\"elementor-element elementor-element-a29b926 elementor-widget__width-initial elementor-widget elementor-widget-text-editor\" data-id=\"a29b926\" data-element_type=\"widget\" data-widget_type=\"text-editor.default\">\n\t\t\t\t<div class=\"elementor-widget-container\">\n\t\t\t\t\t\t\t\t\t<p style=\"margin-top: 20px; display: none;\"><a style=\"margin-top: 20px;\" href=\"#\" target=\"_blank\" rel=\"noopener\">&#8211; Cuenta P\u00fablica Anual 2021<\/a><\/p>\n<p style=\"margin-top: 20px;\">&#8211; \r\n\t<a class=\"paoc-popup-click paoc-popup-cust-13612 paoc-popup-simple_link paoc-popup-link\" href=\"javascript:void(0);\">Cuenta P\u00fablica Anual<\/a>\r\n\r\n<\/p>\n\n<p style=\"margin-top: 20px;\"><a href=\"https:\/\/chilpancingo.gob.mx\/transparencia\/wp-content\/uploads\/2023\/04\/acuse-presentacion.pdf\" target=\"_blank\" rel=\"noopener\">&#8211; Acuse preventivo bajo reserva de ley, de presentaci\u00f3n para validaci\u00f3n o en su\ncaso rechazo, de la Cuenta P\u00fablica correspondiente al ejercicio fiscal 2022, a trav\u00e9s del sistema ASEnet Cuenta P\u00fablica.\n<\/a><\/p>\n<p style=\"margin-top: 20px;\"><a href=\"https:\/\/chilpancingo.gob.mx\/transparencia\/wp-content\/uploads\/2023\/05\/acuse-aceptacion.pdf\" target=\"_blank\" rel=\"noopener\">&#8211; Acuse definitivo de presentaci\u00f3n de la Cuenta P\u00fablica correspondiente al ejercicio fiscal 2022, a trav\u00e9s del sistema ASEnet Cuenta P\u00fablica.<\/a><\/p>\n\n\n\n<p style=\"margin-top: 20px;\"><a href=\"https:\/\/drive.google.com\/drive\/folders\/15NMxnyzZf-w7pxyCsLfHCLTIuuX1oecU\" target=\"_blank\" rel=\"noopener\">&#8211; Informe Financiero Semestral 2022\n<\/a><\/p>\n\n<p style=\"margin-top: 20px;\"><a href=\"https:\/\/chilpancingo.gob.mx\/transparencia\/wp-content\/uploads\/2022\/09\/acuse-presentacion.pdf\" target=\"_blank\" rel=\"noopener\">&#8211; Acuse preventivo bajo reserva de ley, de presentaci\u00f3n para validaci\u00f3n y aceptaci\u00f3n, o en su caso rechazo, del Informe Financiero Semestral correspondiente al ejercicio fiscal 2022, a trav\u00e9s del sistema ASEnet Cuenta P\u00fablica\n<\/a><\/p>\n\n<p style=\"margin-top: 20px;\"><a href=\"https:\/\/chilpancingo.gob.mx\/transparencia\/wp-content\/uploads\/2022\/09\/Acuse-definitivo-de-presentacion-del-Informe-Financiero-Semestral0Acorrespondiente-al-ejercicio-fiscal-2022.pdf\" target=\"_blank\" rel=\"noopener\">&#8211; Acuse definitivo de presentaci\u00f3n del Informe Financiero Semestral\ncorrespondiente al ejercicio fiscal 2022, a trav\u00e9s del sistema ASEnet Cuenta\nP\u00fablica.\n<\/a><\/p>\t\t\t\t\t\t\t\t<\/div>\n\t\t\t\t<\/div>\n\t\t\t\t\t<\/div>\n\t\t<\/div>\n\t\t\t\t\t<\/div>\n\t\t<\/section>\n\t\t\t\t<section class=\"elementor-section elementor-top-section elementor-element elementor-element-b9a5d5b elementor-section-boxed elementor-section-height-default elementor-section-height-default\" data-id=\"b9a5d5b\" data-element_type=\"section\">\n\t\t\t\t\t\t<div class=\"elementor-container elementor-column-gap-default\">\n\t\t\t\t\t<div class=\"elementor-column elementor-col-100 elementor-top-column elementor-element elementor-element-d82df77\" data-id=\"d82df77\" data-element_type=\"column\">\n\t\t\t<div class=\"elementor-widget-wrap elementor-element-populated\">\n\t\t\t\t\t\t<div class=\"elementor-element elementor-element-5f6c2ef elementor-widget-divider--view-line_text elementor-widget-divider--element-align-center elementor-widget elementor-widget-divider\" data-id=\"5f6c2ef\" data-element_type=\"widget\" data-widget_type=\"divider.default\">\n\t\t\t\t<div class=\"elementor-widget-container\">\n\t\t\t\t\t\t\t<div class=\"elementor-divider\">\n\t\t\t<span class=\"elementor-divider-separator\">\n\t\t\t\t\t\t\t<span class=\"elementor-divider__text elementor-divider__element\">\n\t\t\t\t2021\t\t\t\t<\/span>\n\t\t\t\t\t\t<\/span>\n\t\t<\/div>\n\t\t\t\t\t\t<\/div>\n\t\t\t\t<\/div>\n\t\t\t\t\t<\/div>\n\t\t<\/div>\n\t\t\t\t\t<\/div>\n\t\t<\/section>\n\t\t\t\t<section class=\"elementor-section elementor-top-section elementor-element elementor-element-56d6d37 elementor-section-boxed elementor-section-height-default elementor-section-height-default\" data-id=\"56d6d37\" data-element_type=\"section\">\n\t\t\t\t\t\t<div class=\"elementor-container elementor-column-gap-default\">\n\t\t\t\t\t<div class=\"elementor-column elementor-col-100 elementor-top-column elementor-element elementor-element-17da7d2\" data-id=\"17da7d2\" data-element_type=\"column\">\n\t\t\t<div class=\"elementor-widget-wrap elementor-element-populated\">\n\t\t\t\t\t\t<div class=\"elementor-element elementor-element-5e4d66e elementor-widget elementor-widget-text-editor\" data-id=\"5e4d66e\" data-element_type=\"widget\" data-widget_type=\"text-editor.default\">\n\t\t\t\t<div class=\"elementor-widget-container\">\n\t\t\t\t\t\t\t\t\t\n<p style=\"margin-top: 20px; display: none;\"><a style=\"margin-top: 20px;\" href=\"https:\/\/drive.google.com\/file\/d\/1W-Xzxo4B1kBGAbHdeJ5Q5DIDOp6POdI6\/view\" target=\"_blank\" rel=\"noopener\">&#8211; Cuenta P\u00fablica Anual 2021<\/a><\/p>\n<p style=\"margin-top: 20px;\">&#8211; \r\n\t<a class=\"paoc-popup-click paoc-popup-cust-12625 paoc-popup-simple_link paoc-popup-link\" href=\"javascript:void(0);\">Cuenta P\u00fablica Anual<\/a>\r\n\r\n<\/p>\n\n<p style=\"margin-top: 20px;\">\n<a href=\"https:\/\/chilpancingo.gob.mx\/transparencia\/wp-content\/uploads\/2022\/04\/acuse-aceptacion.pdf\" target=\"_blank\" rel=\"noopener\">&#8211; Acuse definitivo de presentaci\u00f3n de la Cuenta P\u00fablica correspondiente al ejercicio fiscal 2021, a trav\u00e9s del sistema ASEnet Cuenta P\u00fablica.<\/a>\n<\/p>\n\n<p style=\"margin-top: 20px;\"><a href=\"https:\/\/chilpancingo.gob.mx\/transparencia\/wp-content\/uploads\/2022\/04\/acuse-recepcion.pdf\" target=\"_blank\" rel=\"noopener\">&#8211; Acuse preventivo bajo reserva de ley, de presentaci\u00f3n para validaci\u00f3n y aceptaci\u00f3n, o en su caso rechazo, de la Cuenta P\u00fablica correspondiente al ejercicio fiscal 2021, a trav\u00e9s del sistema ASEnet Cuenta P\u00fablica.<\/a><\/p>\t\t\t\t\t\t\t\t<\/div>\n\t\t\t\t<\/div>\n\t\t\t\t\t<\/div>\n\t\t<\/div>\n\t\t\t\t\t<\/div>\n\t\t<\/section>\n\t\t\t\t<section class=\"elementor-section elementor-top-section elementor-element elementor-element-029df43 elementor-section-boxed elementor-section-height-default elementor-section-height-default\" data-id=\"029df43\" data-element_type=\"section\">\n\t\t\t\t\t\t<div class=\"elementor-container elementor-column-gap-default\">\n\t\t\t\t\t<div class=\"elementor-column elementor-col-100 elementor-top-column elementor-element elementor-element-5ba272a\" data-id=\"5ba272a\" data-element_type=\"column\">\n\t\t\t<div class=\"elementor-widget-wrap elementor-element-populated\">\n\t\t\t\t\t\t<div class=\"elementor-element elementor-element-4f60d22 elementor-widget-divider--view-line_text elementor-widget-divider--element-align-center elementor-widget elementor-widget-divider\" data-id=\"4f60d22\" data-element_type=\"widget\" data-widget_type=\"divider.default\">\n\t\t\t\t<div class=\"elementor-widget-container\">\n\t\t\t\t\t\t\t<div class=\"elementor-divider\">\n\t\t\t<span class=\"elementor-divider-separator\">\n\t\t\t\t\t\t\t<span class=\"elementor-divider__text elementor-divider__element\">\n\t\t\t\t2020\t\t\t\t<\/span>\n\t\t\t\t\t\t<\/span>\n\t\t<\/div>\n\t\t\t\t\t\t<\/div>\n\t\t\t\t<\/div>\n\t\t\t\t\t<\/div>\n\t\t<\/div>\n\t\t\t\t\t<\/div>\n\t\t<\/section>\n\t\t\t\t<section class=\"elementor-section elementor-top-section elementor-element elementor-element-7e25de4 elementor-section-boxed elementor-section-height-default elementor-section-height-default\" data-id=\"7e25de4\" data-element_type=\"section\">\n\t\t\t\t\t\t<div class=\"elementor-container elementor-column-gap-default\">\n\t\t\t\t\t<div class=\"elementor-column elementor-col-100 elementor-top-column elementor-element elementor-element-7eac8b7\" data-id=\"7eac8b7\" data-element_type=\"column\">\n\t\t\t<div class=\"elementor-widget-wrap elementor-element-populated\">\n\t\t\t\t\t\t<div class=\"elementor-element elementor-element-e1c189c elementor-widget elementor-widget-text-editor\" data-id=\"e1c189c\" data-element_type=\"widget\" data-widget_type=\"text-editor.default\">\n\t\t\t\t<div class=\"elementor-widget-container\">\n\t\t\t\t\t\t\t\t\t<p><!--<\/p>\n<p style=\"margin-top: 20px; display: none;\"><a style=\"margin-top: 20px;\" href=\"https:\/\/drive.google.com\/file\/d\/1W-Xzxo4B1kBGAbHdeJ5Q5DIDOp6POdI6\/view\" target=\"_blank\" rel=\"noopener\">- Cuenta P\u00fablica Anual 2021<\/a><\/p>\n<p style=\"margin-top: 20px;\">- [popup_anything id=\"12625\"]<\/p>\n<p>--><\/p><p>&#8211; \r\n\t<a class=\"paoc-popup-click paoc-popup-cust-14886 paoc-popup-simple_link paoc-popup-link\" href=\"javascript:void(0);\">Cuenta P\u00fablica Anual<\/a>\r\n\r\n<\/p>\t\t\t\t\t\t\t\t<\/div>\n\t\t\t\t<\/div>\n\t\t\t\t\t<\/div>\n\t\t<\/div>\n\t\t\t\t\t<\/div>\n\t\t<\/section>\n\t\t\t\t<section class=\"elementor-section elementor-top-section elementor-element elementor-element-90a8b74 elementor-section-boxed elementor-section-height-default elementor-section-height-default\" data-id=\"90a8b74\" data-element_type=\"section\">\n\t\t\t\t\t\t<div class=\"elementor-container elementor-column-gap-default\">\n\t\t\t\t\t<div class=\"elementor-column elementor-col-100 elementor-top-column elementor-element elementor-element-70d4e5d\" data-id=\"70d4e5d\" data-element_type=\"column\">\n\t\t\t<div class=\"elementor-widget-wrap elementor-element-populated\">\n\t\t\t\t\t\t<div class=\"elementor-element elementor-element-e186d00 elementor-widget-divider--view-line_text elementor-widget-divider--element-align-center elementor-widget elementor-widget-divider\" data-id=\"e186d00\" data-element_type=\"widget\" data-widget_type=\"divider.default\">\n\t\t\t\t<div class=\"elementor-widget-container\">\n\t\t\t\t\t\t\t<div class=\"elementor-divider\">\n\t\t\t<span class=\"elementor-divider-separator\">\n\t\t\t\t\t\t\t<span class=\"elementor-divider__text elementor-divider__element\">\n\t\t\t\t2019\t\t\t\t<\/span>\n\t\t\t\t\t\t<\/span>\n\t\t<\/div>\n\t\t\t\t\t\t<\/div>\n\t\t\t\t<\/div>\n\t\t\t\t\t<\/div>\n\t\t<\/div>\n\t\t\t\t\t<\/div>\n\t\t<\/section>\n\t\t\t\t<section class=\"elementor-section elementor-top-section elementor-element elementor-element-6fc06d0 elementor-section-boxed elementor-section-height-default elementor-section-height-default\" data-id=\"6fc06d0\" data-element_type=\"section\">\n\t\t\t\t\t\t<div class=\"elementor-container elementor-column-gap-default\">\n\t\t\t\t\t<div class=\"elementor-column elementor-col-100 elementor-top-column elementor-element elementor-element-1dc0d25\" data-id=\"1dc0d25\" data-element_type=\"column\">\n\t\t\t<div class=\"elementor-widget-wrap elementor-element-populated\">\n\t\t\t\t\t\t<div class=\"elementor-element elementor-element-926dafc elementor-widget elementor-widget-text-editor\" data-id=\"926dafc\" data-element_type=\"widget\" data-widget_type=\"text-editor.default\">\n\t\t\t\t<div class=\"elementor-widget-container\">\n\t\t\t\t\t\t\t\t\t<p style=\"margin-top: 20px; display: none;\"><a style=\"margin-top: 20px;\" href=\"https:\/\/drive.google.com\/file\/d\/1W-Xzxo4B1kBGAbHdeJ5Q5DIDOp6POdI6\/view\" target=\"_blank\" rel=\"noopener\">&#8211; Cuenta P\u00fablica Anual 2021<\/a><\/p><p style=\"margin-top: 20px;\">&#8211; \r\n\t<a class=\"paoc-popup-click paoc-popup-cust-14875 paoc-popup-simple_link paoc-popup-link\" href=\"javascript:void(0);\">Cuenta P\u00fablica Anual<\/a>\r\n\r\n<\/p>\t\t\t\t\t\t\t\t<\/div>\n\t\t\t\t<\/div>\n\t\t\t\t\t<\/div>\n\t\t<\/div>\n\t\t\t\t\t<\/div>\n\t\t<\/section>\n\t\t\t\t<\/div>\n\t\t","protected":false},"excerpt":{"rendered":"<p>CUENTA P\u00daBLICA 2024 2023 &#8211; 2022 &#8211; Cuenta P\u00fablica Anual 2021 &#8211; &#8211; Acuse preventivo bajo reserva de ley, de presentaci\u00f3n para validaci\u00f3n o en su caso rechazo, de la [&hellip;]<\/p>\n","protected":false},"author":1,"featured_media":0,"parent":0,"menu_order":0,"comment_status":"closed","ping_status":"closed","template":"","meta":{"footnotes":"","_links_to":"","_links_to_target":""},"class_list":["post-7962","page","type-page","status-publish","hentry"],"jetpack_sharing_enabled":true,"_links":{"self":[{"href":"https:\/\/chilpancingo.gob.mx\/transparencia\/wp-json\/wp\/v2\/pages\/7962","targetHints":{"allow":["GET"]}}],"collection":[{"href":"https:\/\/chilpancingo.gob.mx\/transparencia\/wp-json\/wp\/v2\/pages"}],"about":[{"href":"https:\/\/chilpancingo.gob.mx\/transparencia\/wp-json\/wp\/v2\/types\/page"}],"author":[{"embeddable":true,"href":"https:\/\/chilpancingo.gob.mx\/transparencia\/wp-json\/wp\/v2\/users\/1"}],"replies":[{"embeddable":true,"href":"https:\/\/chilpancingo.gob.mx\/transparencia\/wp-json\/wp\/v2\/comments?post=7962"}],"version-history":[{"count":10,"href":"https:\/\/chilpancingo.gob.mx\/transparencia\/wp-json\/wp\/v2\/pages\/7962\/revisions"}],"predecessor-version":[{"id":19453,"href":"https:\/\/chilpancingo.gob.mx\/transparencia\/wp-json\/wp\/v2\/pages\/7962\/revisions\/19453"}],"wp:attachment":[{"href":"https:\/\/chilpancingo.gob.mx\/transparencia\/wp-json\/wp\/v2\/media?parent=7962"}],"curies":[{"name":"wp","href":"https:\/\/api.w.org\/{rel}","templated":true}]}}